{"id":8326,"date":"2025-09-18T01:35:03","date_gmt":"2025-09-17T23:35:03","guid":{"rendered":"https:\/\/www.lrob.fr\/?page_id=8326"},"modified":"2025-10-12T01:40:21","modified_gmt":"2025-10-11T23:40:21","slug":"plesk-web-server-outsourcing","status":"publish","type":"page","link":"https:\/\/www.lrob.fr\/en\/services\/infogerance-serveur-web-plesk\/","title":{"rendered":"Plesk web server outsourcing"},"content":{"rendered":"<div class=\"wp-block-group has-global-padding is-layout-constrained wp-container-core-group-is-layout-3d5ac7cc wp-block-group-is-layout-constrained\" style=\"padding-top:var(--wp--preset--spacing--50);padding-right:0;padding-bottom:var(--wp--preset--spacing--50);padding-left:0\">\n<h1 class=\"wp-block-heading\">Get your managed Debian Plesk server<\/h1>\n\n\n\n<div class=\"wp-block-columns are-vertically-aligned-center is-layout-flex wp-container-core-columns-is-layout-28f84493 wp-block-columns-is-layout-flex\">\n<div class=\"wp-block-column is-vertically-aligned-center is-layout-flow wp-block-column-is-layout-flow\">\n<p class=\"is-style-text-subtitle is-style-text-subtitle--1\">Expertise, transparency and freedom<\/p>\n\n\n\n<p>Our prices and services are perfectly clear, simple and transparent. We have complete mastery of the Plesk and Debian infrastructures that run our own hosting packages. You're free to choose the machines and datacenters you want, but you're also free to stop our outsourcing services at any time. With well-optimized websites, you can host up to several hundred sites on a single server.<\/p>\n\n\n\n<ul class=\"wp-block-list\">\n<li class=\"translation-block\"><strong>Web server management<\/strong> : \u20ac199\/month<\/li>\n\n\n\n<li><strong>Installation<\/strong> : 299\u20ac<\/li>\n\n\n\n<li><strong>Options<\/strong> Backup, monitoring server, DNS servers, n8n server.<\/li>\n<\/ul>\n\n\n\n<div class=\"wp-block-buttons is-layout-flex wp-block-buttons-is-layout-flex\">\n<div class=\"wp-block-button\"><a class=\"wp-block-button__link wp-element-button\" href=\"https:\/\/portail.lrob.fr\/produit\/infogerance-serveur-web\/\" target=\"_blank\" rel=\"noreferrer noopener\"><strong>C<\/strong>onfiguring and controlling my <strong>outsourcing<\/strong><\/a><\/div>\n<\/div>\n<\/div>\n\n\n\n<div class=\"wp-block-column is-vertically-aligned-center is-layout-flow wp-block-column-is-layout-flow\">\n<figure class=\"wp-block-image size-medium\"><img loading=\"lazy\" decoding=\"async\" width=\"300\" height=\"300\" src=\"https:\/\/www.lrob.fr\/wp-content\/uploads\/2025\/04\/plesk-icon-transparent-300x300.png\" alt=\"hosting with Plesk, logo\" class=\"wp-image-6978\" srcset=\"https:\/\/www.lrob.fr\/wp-content\/uploads\/2025\/04\/plesk-icon-transparent-300x300.png 300w, https:\/\/www.lrob.fr\/wp-content\/uploads\/2025\/04\/plesk-icon-transparent-150x150.png 150w, https:\/\/www.lrob.fr\/wp-content\/uploads\/2025\/04\/plesk-icon-transparent.png 850w\" sizes=\"auto, (max-width: 300px) 100vw, 300px\" \/><\/figure>\n<\/div>\n<\/div>\n<\/div>\n\n\n\n<h2 class=\"wp-block-heading\">Sustain your online business with our advice and expertise<\/h2>\n\n\n\n<p>We update your servers, check that your services are running, intervene proactively, and support you on a daily basis. You retain total control (root access, server and license purchased by you), with the peace of mind of an experienced system administrator at your side. All you have to do is enjoy.<\/p>\n\n\n\n<p>\ud83d\udc49 Safety, performance, <strong>24\/7 monitoring<\/strong> and <strong>responsive human support<\/strong> included.<\/p>\n\n\n\n<div class=\"wp-block-buttons is-layout-flex wp-block-buttons-is-layout-flex\">\n<div class=\"wp-block-button\"><a class=\"wp-block-button__link wp-element-button\" href=\"\/en\/contact\/\">Contact us<\/a><\/div>\n<\/div>\n\n\n\n<div class=\"wp-block-columns is-layout-flex wp-container-core-columns-is-layout-0adb00f3 wp-block-columns-is-layout-flex\" style=\"padding-top:var(--wp--preset--spacing--50)\">\n<div class=\"wp-block-column is-layout-flow wp-block-column-is-layout-flow\">\n<h2 class=\"wp-block-heading\">\ud83c\udfaf What's included<\/h2>\n\n\n\n<ul class=\"wp-block-list\">\n<li><strong>Installation &amp; initial setup<\/strong> (Debian + Plesk + security): mandatory, \u20ac299.<\/li>\n\n\n\n<li><strong>Regular updates<\/strong> Debian (security packages + kernel), Plesk, Plesk extensions, PHP.<\/li>\n\n\n\n<li><strong>Advanced security<\/strong> :\n<ul class=\"wp-block-list\">\n<li>Application firewall <strong>ModSecurity (WAF)<\/strong><\/li>\n\n\n\n<li><strong>Fail2ban<\/strong> (WordPress \/ Plesk)<\/li>\n\n\n\n<li>SSH hardening &amp; access restrictions<\/li>\n<\/ul>\n<\/li>\n\n\n\n<li><strong>24\/7 monitoring with proactive intervention<\/strong>.<\/li>\n\n\n\n<li><strong>GTI (Guaranteed Intervention Time)<\/strong> :\n<ul class=\"wp-block-list\">\n<li>30 minutes during working hours<\/li>\n\n\n\n<li>2h on call (evenings\/weekends\/holidays)<\/li>\n<\/ul>\n<\/li>\n\n\n\n<li><strong>Disaster Recovery Plan (DRP)<\/strong> standard included\n<ul class=\"wp-block-list\">\n<li>Restore worst case : <strong>48h<\/strong> (estimation)<\/li>\n<\/ul>\n<\/li>\n\n\n\n<li><strong>Root access retained by customer<\/strong>with the associated responsibilities.<\/li>\n\n\n\n<li><strong>Expert human support<\/strong> (no scripts, no robotization).<\/li>\n<\/ul>\n<\/div>\n\n\n\n<div class=\"wp-block-column is-layout-flow wp-block-column-is-layout-flow\">\n<h2 class=\"wp-block-heading\">\u26a1 Available options<\/h2>\n\n\n\n<p>Compose your offer according to your needs:<\/p>\n\n\n\n<ul class=\"wp-block-list\">\n<li>Outsourced backup <em>(via Plesk)<\/em> :\n<ul class=\"wp-block-list\">\n<li>1 TB (+\u20ac20\/month)<\/li>\n\n\n\n<li>5 TB (+45 \u20ac\/month)<\/li>\n\n\n\n<li>10 TB (+60 \u20ac\/month)<\/li>\n\n\n\n<li>20 TB (+120 \u20ac\/month)<\/li>\n<\/ul>\n<\/li>\n\n\n\n<li>Uptime Kuma outsourcing (+\u20ac19\/month)<\/li>\n\n\n\n<li>DNS outsourcing for 3 servers (+\u20ac19\/month)<\/li>\n\n\n\n<li>n8n server outsourcing (+\u20ac29\/month)<\/li>\n<\/ul>\n<\/div>\n<\/div>\n\n\n\n<div class=\"wp-block-columns is-layout-flex wp-container-core-columns-is-layout-28f84493 wp-block-columns-is-layout-flex\">\n<div class=\"wp-block-column is-layout-flow wp-block-column-is-layout-flow\">\n<h2 class=\"wp-block-heading\">\u2699\ufe0f Stack Plesk included<\/h2>\n\n\n\n<p>With Plesk, you benefit natively from :<\/p>\n\n\n\n<ul class=\"wp-block-list\">\n<li>Apache + Nginx (optimized reverse proxy)<\/li>\n\n\n\n<li>PHP multi-version (7.4 \u2192 8.4, select by domain\/subdomain)<\/li>\n\n\n\n<li>MariaDB (MySQL)<\/li>\n\n\n\n<li>Postfix + Dovecot (email if enabled)<\/li>\n\n\n\n<li>DNS Bind (local or outsourced)<\/li>\n\n\n\n<li>Fail2ban + ModSecurity (WAF) integrated<\/li>\n\n\n\n<li>Automatic SSL certificates <strong>Let's Encrypt<\/strong><\/li>\n\n\n\n<li><strong>WordPress Toolkit<\/strong> (updates, staging, security)<\/li>\n\n\n\n<li>FTP management, Git, Node.js, Composer, etc.<\/li>\n<\/ul>\n\n\n\n<p>\ud83d\udc49 Compatible with WordPress, WooCommerce, PrestaShop, Drupal, Joomla, Symfony, Laravel, Node.js and more.<\/p>\n<\/div>\n\n\n\n<div class=\"wp-block-column is-layout-flow wp-block-column-is-layout-flow\">\n<h2 class=\"wp-block-heading\">\ud83d\udccb Conditions<\/h2>\n\n\n\n<ul class=\"wp-block-list\">\n<li>Plesk servers and licenses <strong>at customer's expense<\/strong>.<\/li>\n\n\n\n<li>Mandatory initial setup : <strong>299 \u20ac (one-shot)<\/strong>.<\/li>\n\n\n\n<li>Any intervention other than outsourcing :\n<ul class=\"wp-block-list\">\n<li>120 \u20ac\/h<\/li>\n\n\n\n<li>500\/day<\/li>\n<\/ul>\n<\/li>\n<\/ul>\n<\/div>\n<\/div>\n\n\n\n<h2 class=\"wp-block-heading\">\ud83d\uded2 Order<\/h2>\n\n\n\n<div class=\"wp-block-buttons is-layout-flex wp-block-buttons-is-layout-flex\">\n<div class=\"wp-block-button\"><a class=\"wp-block-button__link wp-element-button\" href=\"https:\/\/portail.lrob.fr\/produit\/infogerance-serveur-web\/\" target=\"_blank\" rel=\"noreferrer noopener\"><strong>Subscribe to server outsourcing<\/strong><\/a><\/div>\n<\/div>\n\n\n\n<h2 class=\"wp-block-heading\">FAQ<\/h2>\n\n\n<div id=\"rank-math-faq\" class=\"rank-math-block\">\n<div class=\"rank-math-list\">\n<div id=\"faq-question-1758151553971\" class=\"rank-math-list-item\">\n<h3 class=\"rank-math-question\">Can I keep root access?<\/h3>\n<div class=\"rank-math-answer\">\n\n<p>Yes. You keep a <strong>full root access<\/strong>.<br \/>On the other hand, any modification made directly by you may have an impact on outsourcing. LRob cannot be held responsible for a failure caused by an external action.<\/p>\n\n<\/div>\n<\/div>\n<div id=\"faq-question-1758151566054\" class=\"rank-math-list-item\">\n<h3 class=\"rank-math-question\">Can I choose an operating system other than Debian?<\/h3>\n<div class=\"rank-math-answer\">\n\n<p>No. Outsourcing is limited to servers <strong>Debian + Plesk<\/strong>.<br \/>This guarantees total control of the environment and consistency with LRob's internal infrastructure.<\/p>\n\n<\/div>\n<\/div>\n<div id=\"faq-question-1758151578516\" class=\"rank-math-list-item\">\n<h3 class=\"rank-math-question\">Do you supply the Plesk server and license?<\/h3>\n<div class=\"rank-math-answer\">\n\n<p>No, not at the moment. Eventually, we hope to secure partnerships to offer you attractive rates on Plesk licenses. But for now,<strong> <\/strong>l<strong>he Plesk server and license are at the customer's expense.<\/strong><br \/>You order them directly from the supplier of your choice, then we take care of installation and facilities management.<\/p>\n\n<\/div>\n<\/div>\n<div id=\"faq-question-1758151664317\" class=\"rank-math-list-item\">\n<h3 class=\"rank-math-question\">What does maintenance include?<\/h3>\n<div class=\"rank-math-answer\">\n\n<p>Regular Debian updates (kernel, security packages)<br \/>Updates to Plesk and its extensions<br \/>PHP version updates available<br \/>Monitoring system stability and safety<\/p>\n\n<\/div>\n<\/div>\n<div id=\"faq-question-1758151699831\" class=\"rank-math-list-item\">\n<h3 class=\"rank-math-question\">Can I skip the registration fee if I've already set up my server?<\/h3>\n<div class=\"rank-math-answer\">\n\n<p>No. <strong>LRob only manages servers installed by LRob.<\/strong><br \/>Registration fees are therefore compulsory. This ensures that machines are deployed according to our own rigorous criteria, guarantees safety right from installation, and avoids endless retroengineering.<\/p>\n\n<\/div>\n<\/div>\n<div id=\"faq-question-1758151733531\" class=\"rank-math-list-item\">\n<h3 class=\"rank-math-question\">What happens if my server goes down at night or at the weekend?<\/h3>\n<div class=\"rank-math-answer\">\n\n<p>Visit <strong>24\/7 monitoring<\/strong> triggers proactive intervention.<br \/>Thanks to the <strong>GTI (Guaranteed Intervention Time)<\/strong> :<br \/>30 minutes during working hours<br \/>2 hours on call (evenings, weekends, public holidays)<\/p>\n\n<\/div>\n<\/div>\n<div id=\"faq-question-1758151748051\" class=\"rank-math-list-item\">\n<h3 class=\"rank-math-question\">Do you offer backup included?<\/h3>\n<div class=\"rank-math-answer\">\n\n<p>Backup is a <strong>paying option<\/strong> outsourced via Plesk.<br \/>Several levels are available (1TB, 5TB, 10TB, 20TB).<\/p>\n\n<\/div>\n<\/div>\n<div id=\"faq-question-1758151769439\" class=\"rank-math-list-item\">\n<h3 class=\"rank-math-question\">What happens in the event of a serious claim?<\/h3>\n<div class=\"rank-math-answer\">\n\n<p>If a server is not repairable, or if you have terminated it by mistake, the <strong>Standard Disaster Recovery Plan (DRP)<\/strong> is implemented.<br \/>It consists of :<br \/>1. Prepare a new server (supplied by you).<br \/>2. Restore a full backup via Plesk.<br \/>\u26a0\ufe0f <strong>The PRA requires you to have subscribed to our outsourced backup option.<\/strong><br \/>\u23f1\ufe0f The worst case recovery time is estimated at <strong>48 hours maximum<\/strong>This gives us time to prepare a new server once access has been transferred, and to restore the backup.<br \/>This timeframe depends mainly on :<br \/>- the volume of data to be restored,<br \/>- and available transfer speeds.<br \/>This delay is a <strong>realistic estimate<\/strong> but <strong>cannot be contractual<\/strong>.<\/p>\n\n<\/div>\n<\/div>\n<div id=\"faq-question-1758184402531\" class=\"rank-math-list-item\">\n<h3 class=\"rank-math-question\">Why Debian?<\/h3>\n<div class=\"rank-math-answer\">\n\n<p>Debian is the mother distribution of Linux. Its reliability is unquestionable. Not only in terms of the system itself, but also in terms of its overall stable approach, which is logical and consistent. It's not the distribution that will offer the latest packages (although that's improving), but it's certainly the one that will offer the most stable packages for production servers.<\/p>\n\n<\/div>\n<\/div>\n<div id=\"faq-question-1758184628105\" class=\"rank-math-list-item\">\n<h3 class=\"rank-math-question\">Why Plesk?<\/h3>\n<div class=\"rank-math-answer\">\n\n<p>Plesk is a solid, complete, stable and easy-to-use solution that meets the vast majority of use cases. From managing PHP versions by sub-domain, to managing customers and resellers who can easily access their data if we wish (for us, this is very important). Despite our constant searching, we've never found a solution as pleasant and complete. Our experience with Plesk since 2016 is what made large-scale hosting viable and inspired the creation of LRob. We've mastered the system and all its peculiarities to respond effectively to a very wide range of issues and situations. All in all, it's an efficient system in every respect.<\/p>\n\n<\/div>\n<\/div>\n<\/div>\n<\/div>","protected":false},"excerpt":{"rendered":"<p>Infog\u00e9rance de serveur d\u00e9di\u00e9 Plesk sous Debian Expertise, transparence et libert\u00e9 Nos prix et service sont parfaitement clairs, simples et transparents. Nous ma\u00eetrisons parfaitement les infrastructures Plesk et Debian qui font tourner nos propres offres d&rsquo;h\u00e9bergement. Vous restez libre sur le choix des machines et datacenters, mais aussi sur notre infog\u00e9rance que vous pouvez stopper [&hellip;]<\/p>\n","protected":false},"author":1,"featured_media":926,"parent":1255,"menu_order":0,"comment_status":"closed","ping_status":"closed","template":"page-no-title","meta":{"footnotes":""},"class_list":["post-8326","page","type-page","status-publish","has-post-thumbnail","hentry"],"_links":{"self":[{"href":"https:\/\/www.lrob.fr\/en\/wp-json\/wp\/v2\/pages\/8326","targetHints":{"allow":["GET"]}}],"collection":[{"href":"https:\/\/www.lrob.fr\/en\/wp-json\/wp\/v2\/pages"}],"about":[{"href":"https:\/\/www.lrob.fr\/en\/wp-json\/wp\/v2\/types\/page"}],"author":[{"embeddable":true,"href":"https:\/\/www.lrob.fr\/en\/wp-json\/wp\/v2\/users\/1"}],"replies":[{"embeddable":true,"href":"https:\/\/www.lrob.fr\/en\/wp-json\/wp\/v2\/comments?post=8326"}],"version-history":[{"count":8,"href":"https:\/\/www.lrob.fr\/en\/wp-json\/wp\/v2\/pages\/8326\/revisions"}],"predecessor-version":[{"id":8380,"href":"https:\/\/www.lrob.fr\/en\/wp-json\/wp\/v2\/pages\/8326\/revisions\/8380"}],"up":[{"embeddable":true,"href":"https:\/\/www.lrob.fr\/en\/wp-json\/wp\/v2\/pages\/1255"}],"wp:featuredmedia":[{"embeddable":true,"href":"https:\/\/www.lrob.fr\/en\/wp-json\/wp\/v2\/media\/926"}],"wp:attachment":[{"href":"https:\/\/www.lrob.fr\/en\/wp-json\/wp\/v2\/media?parent=8326"}],"curies":[{"name":"wp","href":"https:\/\/api.w.org\/{rel}","templated":true}]}}