{"id":8186,"date":"2025-08-21T00:04:06","date_gmt":"2025-08-20T22:04:06","guid":{"rendered":"https:\/\/www.lrob.fr\/?page_id=8186"},"modified":"2026-03-22T23:13:23","modified_gmt":"2026-03-22T22:13:23","slug":"make-my-data-last","status":"publish","type":"page","link":"https:\/\/www.lrob.fr\/en\/doc\/hebergement-wiki\/perenniser-mes-donnees\/","title":{"rendered":"Making my data last"},"content":{"rendered":"<p>Choosing an independent hosting provider can raise concerns: what happens if the company closes down, or if an accident happens to its founder? In reality, this question arises with any hosting company. Even the biggest ones have experienced fires or massive data loss.<\/p>\n\n\n\n<p>Whatever your hosting solution, <strong>you remain responsible for your backups<\/strong>. You need to have a disaster recovery plan in place, and plan for the worst.<\/p>\n\n\n\n<hr class=\"wp-block-separator has-alpha-channel-opacity\"\/>\n\n\n\n<h2 class=\"wp-block-heading\">LRob's commitments<\/h2>\n\n\n\n<p>LRob maintains two levels of outsourced backup:<\/p>\n\n\n\n<ul class=\"wp-block-list\">\n<li><strong>LRob premises<\/strong> (Orl\u00e9ans, France) - Pull backs via BackupPC on encrypted partition, 12-month retention period<\/li>\n\n\n\n<li><strong>Hetzner<\/strong> (Helsinki, Finland) - Encrypted incremental push backups via Plesk (hosting metadata), 2 to 3-month retention period<\/li>\n<\/ul>\n\n\n\n<p>The integrity of these backups is regularly monitored. However, no outsourced backup can be guaranteed to 100 %, and if LRob were to disappear, these backups would no longer be accessible to you.<\/p>\n\n\n\n<p>That's why we strongly recommend setting up <strong>your own independent back-up copies<\/strong>.<\/p>\n\n\n\n<hr class=\"wp-block-separator has-alpha-channel-opacity\"\/>\n\n\n\n<h2 class=\"wp-block-heading\"><strong>How do you back up your data?<\/strong><\/h2>\n\n\n\n<p>Your Plesk control panel provides :<\/p>\n\n\n\n<ul class=\"wp-block-list\">\n<li><strong>Backup to an external FTP server<\/strong> (<a href=\"https:\/\/www.hetzner.com\/storage\/storage-box\/\" target=\"_blank\" rel=\"noreferrer noopener nofollow\">Hetzner Storage Box<\/a>, NAS, dedicated server, cloud space, etc.).<\/li>\n\n\n\n<li><strong>Scheduled tasks<\/strong> (cron) with custom backup commands<\/li>\n<\/ul>\n\n\n\n<p>CMS backup plugins are less reliable and are not recommended.<\/p>\n\n\n\n<p>\ud83d\udca1 A complete tutorial is available here for saving to an FTP server :<br>\ud83d\udc49 <a href=\"https:\/\/www.lrob.fr\/en\/blog\/tutorial-for-backing-up-plesk-hosting-on-your-home-nas\/\">Backing up Plesk hosting on your home NAS<\/a><\/p>\n\n\n\n<hr class=\"wp-block-separator has-alpha-channel-opacity\"\/>\n\n\n\n<h2 class=\"wp-block-heading\"><strong>Best practices<\/strong><\/h2>\n\n\n\n<ul class=\"wp-block-list\">\n<li><strong>Outsource<\/strong> - Your backups must be stored off the backed-up server (NAS, VPS storage, Hetzner Storage Box...).<\/li>\n\n\n\n<li><strong>Automate<\/strong> - Schedule regular backups via cron or Plesk, and don't rely on daily manual exports.<\/li>\n\n\n\n<li><strong>Encrypt<\/strong> - Protect your backups at rest, especially if they pass through a third-party service<\/li>\n\n\n\n<li><strong>Test<\/strong> - Periodically check that a full restore really works<\/li>\n\n\n\n<li><strong>Diversify<\/strong> - Keep at least two copies on separate media or sites<\/li>\n<\/ul>\n\n\n\n<h3 class=\"wp-block-heading\">In a nutshell<\/h3>\n\n\n\n<p>No hosting provider offers an absolute guarantee. LRob keeps up to 12 months of encrypted outsourced backups. But the ultimate security remains your own regular, independent backups.<\/p>","protected":false},"excerpt":{"rendered":"<p>Choisir un h\u00e9bergeur ind\u00e9pendant peut susciter des inqui\u00e9tudes : que se passe-t-il si l&rsquo;entreprise ferme ou si un accident arrive \u00e0 son fondateur ? En r\u00e9alit\u00e9, cette question se pose avec n&rsquo;importe quel h\u00e9bergeur. M\u00eame les plus grands ont connu des incendies ou des pertes massives de donn\u00e9es. Quelle que soit votre solution d&rsquo;h\u00e9bergement, vous [&hellip;]<\/p>\n","protected":false},"author":1,"featured_media":7633,"parent":5468,"menu_order":0,"comment_status":"closed","ping_status":"closed","template":"","meta":{"footnotes":""},"class_list":["post-8186","page","type-page","status-publish","has-post-thumbnail","hentry"],"_links":{"self":[{"href":"https:\/\/www.lrob.fr\/en\/wp-json\/wp\/v2\/pages\/8186","targetHints":{"allow":["GET"]}}],"collection":[{"href":"https:\/\/www.lrob.fr\/en\/wp-json\/wp\/v2\/pages"}],"about":[{"href":"https:\/\/www.lrob.fr\/en\/wp-json\/wp\/v2\/types\/page"}],"author":[{"embeddable":true,"href":"https:\/\/www.lrob.fr\/en\/wp-json\/wp\/v2\/users\/1"}],"replies":[{"embeddable":true,"href":"https:\/\/www.lrob.fr\/en\/wp-json\/wp\/v2\/comments?post=8186"}],"version-history":[{"count":4,"href":"https:\/\/www.lrob.fr\/en\/wp-json\/wp\/v2\/pages\/8186\/revisions"}],"predecessor-version":[{"id":8732,"href":"https:\/\/www.lrob.fr\/en\/wp-json\/wp\/v2\/pages\/8186\/revisions\/8732"}],"up":[{"embeddable":true,"href":"https:\/\/www.lrob.fr\/en\/wp-json\/wp\/v2\/pages\/5468"}],"wp:featuredmedia":[{"embeddable":true,"href":"https:\/\/www.lrob.fr\/en\/wp-json\/wp\/v2\/media\/7633"}],"wp:attachment":[{"href":"https:\/\/www.lrob.fr\/en\/wp-json\/wp\/v2\/media?parent=8186"}],"curies":[{"name":"wp","href":"https:\/\/api.w.org\/{rel}","templated":true}]}}