{"id":7736,"date":"2025-07-22T20:51:44","date_gmt":"2025-07-22T18:51:44","guid":{"rendered":"https:\/\/www.lrob.fr\/?page_id=7736"},"modified":"2026-05-09T12:33:34","modified_gmt":"2026-05-09T10:33:34","slug":"ip-unlocking","status":"publish","type":"page","link":"https:\/\/www.lrob.fr\/en\/support\/deblocage-ip\/","title":{"rendered":"IP unlocking"},"content":{"rendered":"<p>You can no longer access one of the services hosted by LRob?<br>Your IP has probably been blocked by a security system.<\/p>\n\n\n\n<div class=\"wp-block-group is-nowrap is-layout-flex wp-container-core-group-is-layout-6c531013 wp-block-group-is-layout-flex\">\n<p>Request automatic unlocking of <a href=\"\/en\/my-ip\/\">your IP address<\/a>.<\/p>\n\n\n\n<p><em>Unlocking takes a few seconds<\/em> only.<\/p>\n<\/div>\n\n\n\n<div class=\"wp-block-group has-global-padding is-layout-constrained wp-block-group-is-layout-constrained\"><div class=\"lrob-tk-unblock wp-block-lrob-toolkit-ip-unblock-form\"     data-lrob-tk=\"ip-unblock-form\"\n     data-config=\"{&quot;ipMode&quot;:&quot;auto&quot;,&quot;showEmailField&quot;:false,&quot;requireEmail&quot;:false,&quot;useCaptcha&quot;:false,&quot;offerWhitelist&quot;:&quot;on_success&quot;,&quot;enableUnlockAnimation&quot;:true,&quot;showStepper&quot;:true,&quot;notBlockedIcon&quot;:&quot;\\u2705&quot;,&quot;delayStepTransition&quot;:600,&quot;delayBlockPause&quot;:800,&quot;delayBeforeResult&quot;:500,&quot;animDuration&quot;:400}\"\n     data-unavailable=\"Unavailable\"\n     data-no-ptr=\"No PTR record\"\n     style=\"--lrob-tk-anim:400ms;--lrob-tk-pulse:1200ms;--lrob-tk-ip-size:1.2em;--lrob-tk-ip-font:ui-monospace, SFMono-Regular, Menlo, Consolas, monospace\">\n\n<!-- IP context (order controlled by ipBlockPosition) -->\n<div class=\"lrob-tk-block lrob-tk-block-ips\" data-role=\"ip-context\" style=\"order:0\">\n<h3>\nDetected IPs<\/h3>\n\n\n<div class=\"lrob-tk-pair\" data-family=\"v4\">\n<div class=\"lrob-tk-row\">\n<span class=\"lrob-tk-label\">IPv4<\/span>\n<span class=\"lrob-tk-value\" data-field=\"ip\">Loading...<\/span>\n<\/div>\n<div class=\"lrob-tk-row\">\n<span class=\"lrob-tk-label\">Reverse DNS<\/span>\n<span class=\"lrob-tk-value lrob-tk-value--small\" data-field=\"rdns\">Loading...<\/span>\n<\/div>\n<\/div>\n\n<div class=\"lrob-tk-pair\" data-family=\"v6\">\n<div class=\"lrob-tk-row\">\n<span class=\"lrob-tk-label\">IPv6<\/span>\n<span class=\"lrob-tk-value\" data-field=\"ip\">Loading...<\/span>\n<\/div>\n<div class=\"lrob-tk-row\">\n<span class=\"lrob-tk-label\">Reverse DNS<\/span>\n<span class=\"lrob-tk-value lrob-tk-value--small\" data-field=\"rdns\">Loading...<\/span>\n<\/div>\n<\/div>\n\n<\/div>\n\n<!-- Step: form -->\n<div class=\"lrob-tk-step\" data-step=\"form\" style=\"order:5\">\n\n\n<div class=\"lrob-tk-block lrob-tk-block-actions\">\n<div class=\"wp-block-button\">\n<button type=\"button\" class=\"wp-block-button__link wp-element-button\" data-role=\"submit\">\nCheck &amp; Unblock<\/button>\n<\/div>\n<\/div>\n<\/div>\n\n<!-- Persistent stepper \u2014 lives outside the form\/result steps so it never disappears -->\n<div class=\"lrob-tk-stepper-wrap\" data-role=\"stepper-wrap\" style=\"order:6\">\n<div class=\"lrob-tk-block\">\n<div class=\"lrob-tk-stepper\" data-role=\"stepper\">\n\n<div class=\"lrob-tk-step-item is-pending\" data-step-index=\"0\">\n<div class=\"lrob-tk-step-node\"><span class=\"lrob-tk-step-icon\" aria-hidden=\"true\">\ud83d\udd0d<\/span><\/div>\n<div class=\"lrob-tk-step-label\">IP check<\/div>\n<\/div>\n\n<div class=\"lrob-tk-step-connector\"><\/div>\n\n<div class=\"lrob-tk-step-item is-pending\" data-step-index=\"1\">\n<div class=\"lrob-tk-step-node\"><span class=\"lrob-tk-step-icon\" aria-hidden=\"true\">\ud83d\udee1\ufe0f<\/span><\/div>\n<div class=\"lrob-tk-step-label\">Block detection<\/div>\n<\/div>\n\n<div class=\"lrob-tk-step-connector\"><\/div>\n\n<div class=\"lrob-tk-step-item is-pending\" data-step-index=\"2\">\n<div class=\"lrob-tk-step-node\"><span class=\"lrob-tk-step-icon\" aria-hidden=\"true\">\ud83d\udd13<\/span><\/div>\n<div class=\"lrob-tk-step-label\">Unblocking<\/div>\n<\/div>\n\n<\/div>\n<div class=\"lrob-tk-progress-msg\" data-role=\"progress-msg\"><\/div>\n<\/div>\n<\/div>\n\n<!-- Step: result -->\n<div class=\"lrob-tk-step\" data-step=\"result\" hidden style=\"order:7\">\n<div data-role=\"result-content\"><\/div>\n\n\n<div class=\"lrob-tk-block lrob-tk-whitelist-offer\" data-role=\"whitelist-offer\" hidden>\n<p>Want to whitelist your IP to prevent future blocks?<\/p>\n<div class=\"wp-block-button is-style-outline\">\n<button type=\"button\" class=\"wp-block-button__link wp-element-button\" data-role=\"show-whitelist\">\nRequest whitelist<\/button>\n<\/div>\n<\/div>\n\n<div class=\"lrob-tk-block lrob-tk-whitelist-form\" data-role=\"whitelist-form\" hidden>\n<h3>Whitelist request<\/h3>\n<div class=\"lrob-tk-field\">\n<label class=\"lrob-tk-label\">Website concerned *<\/label>\n<input class=\"lrob-tk-input\" type=\"text\" name=\"site\" required \/>\n<\/div>\n<div class=\"lrob-tk-field\">\n<label class=\"lrob-tk-label\">First name *<\/label>\n<input class=\"lrob-tk-input\" type=\"text\" name=\"firstname\" autocomplete=\"given-name\" required \/>\n<\/div>\n<div class=\"lrob-tk-field\">\n<label class=\"lrob-tk-label\">Last name *<\/label>\n<input class=\"lrob-tk-input\" type=\"text\" name=\"lastname\" autocomplete=\"family-name\" required \/>\n<\/div>\n<div class=\"lrob-tk-field\">\n<label class=\"lrob-tk-label\">Company (optional)<\/label>\n<input class=\"lrob-tk-input\" type=\"text\" name=\"company\" autocomplete=\"organization\" \/>\n<\/div>\n<div class=\"lrob-tk-field\">\n<label class=\"lrob-tk-label\">Email *<\/label>\n<input class=\"lrob-tk-input\" type=\"email\" name=\"wl_email\" autocomplete=\"email\" required \/>\n<\/div>\n<div class=\"wp-block-button\">\n<button type=\"button\" class=\"wp-block-button__link wp-element-button\" data-role=\"submit-whitelist\">\nSubmit request<\/button>\n<\/div>\n<\/div>\n\n<div class=\"lrob-tk-block lrob-tk-feedback is-success\" data-role=\"whitelist-confirmed\" hidden>\nYour whitelist request has been received. We will get back to you soon.<\/div>\n\n<\/div>\n<\/div>\n<\/div>\n\n\n\n<p class=\"has-text-align-center has-small-font-size\">By proceeding with this request, you agree to the processing of your data in accordance with our privacy policy. <a href=\"\/en\/legal-mentions\/\">general confidentiality<\/a> of LRob.<\/p>\n\n\n\n<p><em>Some <a href=\"https:\/\/www.lrob.fr\/en\/features\/secure-web-host-cybersecurity\/\">LRob safety devices<\/a> can be adjusted. For further assistance, please contact <a href=\"\/en\/contact\/\">contact us directly<\/a>.<\/em><\/p>\n\n\n\n<p>Our services are supervised by a <a href=\"https:\/\/www.lrob.fr\/en\/features\/proactive-and-curative-monitoring-24-7\/\">24\/7 monitoring<\/a> with over 99.9% of uptime (<a href=\"https:\/\/uptime.lrob.net\/status\/lrob\" target=\"_blank\" rel=\"noopener\">live status<\/a>). If everything is green but you lose access, it's because an automatic security system has blocked your IP. Unblocking is just a click away.<\/p>","protected":false},"excerpt":{"rendered":"<p>Vous n\u2019acc\u00e9dez plus \u00e0 l\u2019un des services h\u00e9berg\u00e9s par LRob ?Votre IP a probablement \u00e9t\u00e9 bloqu\u00e9e par une s\u00e9curit\u00e9. Demandez ici le d\u00e9blocage automatique de votre adresse IP. Le d\u00e9blocage prend quelques secondes seulement. En proc\u00e9dant \u00e0 cette demande, vous acceptez le traitement de vos donn\u00e9es, en accord avec la politique de confidentialit\u00e9 g\u00e9n\u00e9rale de [&hellip;]<\/p>\n","protected":false},"author":1,"featured_media":6828,"parent":7734,"menu_order":0,"comment_status":"closed","ping_status":"closed","template":"","meta":{"footnotes":""},"class_list":["post-7736","page","type-page","status-publish","has-post-thumbnail","hentry"],"_links":{"self":[{"href":"https:\/\/www.lrob.fr\/en\/wp-json\/wp\/v2\/pages\/7736","targetHints":{"allow":["GET"]}}],"collection":[{"href":"https:\/\/www.lrob.fr\/en\/wp-json\/wp\/v2\/pages"}],"about":[{"href":"https:\/\/www.lrob.fr\/en\/wp-json\/wp\/v2\/types\/page"}],"author":[{"embeddable":true,"href":"https:\/\/www.lrob.fr\/en\/wp-json\/wp\/v2\/users\/1"}],"replies":[{"embeddable":true,"href":"https:\/\/www.lrob.fr\/en\/wp-json\/wp\/v2\/comments?post=7736"}],"version-history":[{"count":29,"href":"https:\/\/www.lrob.fr\/en\/wp-json\/wp\/v2\/pages\/7736\/revisions"}],"predecessor-version":[{"id":8789,"href":"https:\/\/www.lrob.fr\/en\/wp-json\/wp\/v2\/pages\/7736\/revisions\/8789"}],"up":[{"embeddable":true,"href":"https:\/\/www.lrob.fr\/en\/wp-json\/wp\/v2\/pages\/7734"}],"wp:featuredmedia":[{"embeddable":true,"href":"https:\/\/www.lrob.fr\/en\/wp-json\/wp\/v2\/media\/6828"}],"wp:attachment":[{"href":"https:\/\/www.lrob.fr\/en\/wp-json\/wp\/v2\/media?parent=7736"}],"curies":[{"name":"wp","href":"https:\/\/api.w.org\/{rel}","templated":true}]}}