{"id":6963,"date":"2025-04-17T19:45:50","date_gmt":"2025-04-17T17:45:50","guid":{"rendered":"https:\/\/www.lrob.fr\/?page_id=6963"},"modified":"2025-05-23T07:35:49","modified_gmt":"2025-05-23T05:35:49","slug":"free-open-source-reliable-and-independent-emails","status":"publish","type":"page","link":"https:\/\/www.lrob.fr\/en\/caracteristiques\/emails-libres-open-source-et-fiables-et-independants\/","title":{"rendered":"Free, open-source email provider"},"content":{"rendered":"<h2 class=\"wp-block-heading\">Free and independent professional e-mails<\/h2>\n\n\n\n<div class=\"wp-block-group is-nowrap is-layout-flex wp-container-core-group-is-layout-6c531013 wp-block-group-is-layout-flex\">\n<figure class=\"wp-block-image size-medium is-resized\"><img loading=\"lazy\" decoding=\"async\" width=\"300\" height=\"300\" src=\"https:\/\/www.lrob.fr\/wp-content\/uploads\/2025\/04\/LRob-Email-icon-transparent-300x300.png\" alt=\"\" class=\"wp-image-6854\" style=\"width:150px\" srcset=\"https:\/\/www.lrob.fr\/wp-content\/uploads\/2025\/04\/LRob-Email-icon-transparent-300x300.png 300w, https:\/\/www.lrob.fr\/wp-content\/uploads\/2025\/04\/LRob-Email-icon-transparent-150x150.png 150w, https:\/\/www.lrob.fr\/wp-content\/uploads\/2025\/04\/LRob-Email-icon-transparent.png 800w\" sizes=\"auto, (max-width: 300px) 100vw, 300px\" \/><\/figure>\n\n\n\n<div class=\"wp-block-group has-global-padding is-layout-constrained wp-block-group-is-layout-constrained\">\n<p>At LRob, email addresses are not an extra.<\/p>\n\n\n\n<p class=\"translation-block\">Each web hosting package includes a <strong>full email service<\/strong>, <strong>with unlimited addresses<\/strong>, <strong>based on POP, IMAP and SMTP standards<\/strong>, with no dependence on a proprietary system.<\/p>\n\n\n\n<div class=\"wp-block-buttons is-layout-flex wp-block-buttons-is-layout-flex\">\n<div class=\"wp-block-button\"><a class=\"wp-block-button__link wp-element-button\" href=\"https:\/\/www.lrob.fr\/en\/web-hosting\/\">Discover accommodations with unlimited email included<\/a><\/div>\n<\/div>\n<\/div>\n<\/div>\n\n\n\n<h2 class=\"wp-block-heading\">Unlimited Email Addresses<\/h2>\n\n\n\n<p class=\"translation-block\">Create as many e-mail addresses as you need <strong>the number of mailboxes is unlimited<\/strong>.<\/p>\n\n\n\n<p><strong>Your emails use the same space as your global hosting.<\/strong><\/p>\n\n\n\n<p class=\"translation-block\">And the maximum size of a box is equal to <strong>half your hosting quota<\/strong>. <em>Exception for resellers (Web Agency offers) who set the limit of their choice.<\/em><\/p>\n\n\n\n<hr class=\"wp-block-separator has-alpha-channel-opacity\"\/>\n\n\n\n<h2 class=\"wp-block-heading\">Deliverability and security beyond reproach<\/h2>\n\n\n\n<p class=\"translation-block\">We pay extreme attention to the <strong>good reputation<\/strong> of our email servers.<\/p>\n\n\n\n<p class=\"translation-block\">Result: <strong>our IPs are not blacklisted<\/strong>, and we're ready to <strong>immediately intervene with suppliers<\/strong> to restore trust if necessary.<\/p>\n\n\n\n<p><strong>Our technical guarantees :<\/strong><\/p>\n\n\n\n<ul class=\"wp-block-list\">\n<li>Automatic standards compliance: SPF, DKIM, DMARC, rDNS, HELO<\/li>\n\n\n\n<li>Encrypted connections (SSL\/TLS) with wildcard certificate<\/li>\n\n\n\n<li>Anti-bruteforce active on all interfaces (POP, IMAP, SMTP, Webmail)<\/li>\n\n\n\n<li>SpamAssassin-based antispam + SPF\/DKIM\/rDNS checks<\/li>\n\n\n\n<li class=\"translation-block\"><strong>Daily externalized backup<\/strong> of your emails with <strong>1-year retention<\/strong>.<\/li>\n<\/ul>\n\n\n\n<hr class=\"wp-block-separator has-alpha-channel-opacity\"\/>\n\n\n\n<h2 class=\"wp-block-heading\">Standard service <strong>SMTP\/IMAP\/POP<\/strong><\/h2>\n\n\n\n<p class=\"translation-block\">The service is based on <strong>open and universal protocols<\/strong> (POP\/IMAP\/SMTP) - no proprietary locks, no hidden subscriptions, no specific software prerequisites. The whole package is compatible with any self-respecting email provider, leaving you free to switch if you need to.<\/p>\n\n\n\n<p><strong>Compatible with :<\/strong><\/p>\n\n\n\n<ul class=\"wp-block-list\">\n<li>Thunderbird (recommended)<\/li>\n\n\n\n<li>Outlook<\/li>\n\n\n\n<li>iOS Mail \/ Android <\/li>\n<\/ul>\n\n\n\n<p><strong>Autoconfiguration available :<\/strong><\/p>\n\n\n\n<ul class=\"wp-block-list\">\n<li>Automatic configuration for Thunderbird, Outlook and iOS<\/li>\n\n\n\n<li>QR Code configuration for iPhone<\/li>\n<\/ul>\n\n\n\n<p><strong>Roundcube Webmail<\/strong><\/p>\n\n\n\n<p>Roundcube is a classic of the open-source email world. <\/p>\n\n\n\n<p>It allows access without any configuration by visiting a URL customized to your domain (e.g. https:\/\/webmail.votresite.tld).<\/p>\n\n\n\n<p>A practical solution when you're on the move or your usual device is out of reach! Some users even prefer Roundcube to email software.<\/p>\n\n\n\n<p>Another advantage: Roundcube lets you define automatic sorting rules for your emails, using SIEVE rules. This means your e-mails are sorted on all your connected devices, saving you hours of work.<\/p>\n\n\n\n<hr class=\"wp-block-separator has-alpha-channel-opacity\"\/>\n\n\n\n<h2 class=\"wp-block-heading\">Authorized newsletters, with accompanying<\/h2>\n\n\n\n<p class=\"translation-block\">LRob allows <strong>newsletters to be sent via the WordPress \"Newsletter\"<\/strong> plugin, used successfully by many customers.<\/p>\n\n\n\n<p class=\"translation-block\">We can help you set it up, with recommendations for a <strong>staggered shipment<\/strong>, to respect the limits of reception suppliers.<\/p>\n\n\n\n<p>Other independent e-mail solutions via PHP may exist and you can use them freely, for example on a sub-domain of your LRob hosting.<\/p>\n\n\n\n<h2 class=\"wp-block-heading\">A protective limit: hourly dispatch quota<\/h2>\n\n\n\n<p class=\"translation-block\">Because performance and reputation go hand in hand, <strong>a limit of 2000 mails per hour and per box<\/strong> is in place to protect our servers, and your deliverability.<\/p>\n\n\n\n<p>This is not a commercial constraint, but a protective measure to avoid mass blockages in the event of unintentional sending, for example if a careless user leaks his email password. Because our servers are so powerful, they could send millions of spam messages in just a few minutes. But this would be detrimental to the deliverability of all our customers.<\/p>\n\n\n\n<p>This security is therefore essential. However, we can increase the quota if certain safety conditions are met on your side.<\/p>\n\n\n\n<hr class=\"wp-block-separator has-alpha-channel-opacity\"\/>\n\n\n\n<h2 class=\"wp-block-heading\">A complete, reliable email service with no commercial limits<\/h2>\n\n\n\n<p>With LRob, you get a best-practice email system that's secure, free and fully integrated with your hosting.<\/p>\n\n\n\n<p>No extra charges. No hidden restrictions. No dependence on an external player. True freedom.<\/p>\n\n\n\n<div class=\"wp-block-buttons is-layout-flex wp-block-buttons-is-layout-flex\">\n<div class=\"wp-block-button\"><a class=\"wp-block-button__link wp-element-button\" href=\"https:\/\/www.lrob.fr\/en\/web-hosting\/\">Choosing my hosting with integrated email<\/a><\/div>\n<\/div>","protected":false},"excerpt":{"rendered":"<p>Emails professionnels libres et ind\u00e9pendants Chez LRob, les adresses ne sont pas un suppl\u00e9ment. Chaque h\u00e9bergement web inclut un service email complet, illimit\u00e9 en nombre d&rsquo;adresses, bas\u00e9 sur les standards POP, IMAP et SMTP, sans aucune d\u00e9pendance \u00e0 un syst\u00e8me propri\u00e9taire. Adresses Email Illimit\u00e9es Cr\u00e9ez autant d\u2019adresses mail que n\u00e9cessaire le nombre de bo\u00eetes mail [&hellip;]<\/p>\n","protected":false},"author":1,"featured_media":6854,"parent":6857,"menu_order":0,"comment_status":"closed","ping_status":"closed","template":"","meta":{"footnotes":""},"class_list":["post-6963","page","type-page","status-publish","has-post-thumbnail","hentry"],"_links":{"self":[{"href":"https:\/\/www.lrob.fr\/en\/wp-json\/wp\/v2\/pages\/6963","targetHints":{"allow":["GET"]}}],"collection":[{"href":"https:\/\/www.lrob.fr\/en\/wp-json\/wp\/v2\/pages"}],"about":[{"href":"https:\/\/www.lrob.fr\/en\/wp-json\/wp\/v2\/types\/page"}],"author":[{"embeddable":true,"href":"https:\/\/www.lrob.fr\/en\/wp-json\/wp\/v2\/users\/1"}],"replies":[{"embeddable":true,"href":"https:\/\/www.lrob.fr\/en\/wp-json\/wp\/v2\/comments?post=6963"}],"version-history":[{"count":4,"href":"https:\/\/www.lrob.fr\/en\/wp-json\/wp\/v2\/pages\/6963\/revisions"}],"predecessor-version":[{"id":7323,"href":"https:\/\/www.lrob.fr\/en\/wp-json\/wp\/v2\/pages\/6963\/revisions\/7323"}],"up":[{"embeddable":true,"href":"https:\/\/www.lrob.fr\/en\/wp-json\/wp\/v2\/pages\/6857"}],"wp:featuredmedia":[{"embeddable":true,"href":"https:\/\/www.lrob.fr\/en\/wp-json\/wp\/v2\/media\/6854"}],"wp:attachment":[{"href":"https:\/\/www.lrob.fr\/en\/wp-json\/wp\/v2\/media?parent=6963"}],"curies":[{"name":"wp","href":"https:\/\/api.w.org\/{rel}","templated":true}]}}