{"id":6958,"date":"2025-04-17T18:05:42","date_gmt":"2025-04-17T16:05:42","guid":{"rendered":"https:\/\/www.lrob.fr\/?page_id=6958"},"modified":"2025-04-17T20:12:18","modified_gmt":"2025-04-17T18:12:18","slug":"30-day-money-back-guarantee","status":"publish","type":"page","link":"https:\/\/www.lrob.fr\/en\/caracteristiques\/garantie-30-jours-satisfait-ou-rembourse\/","title":{"rendered":"30-day money-back guarantee"},"content":{"rendered":"<h2 class=\"wp-block-heading\">Don't be afraid, everyone can make a mistake<\/h2>\n\n\n\n<div class=\"wp-block-group is-nowrap is-layout-flex wp-container-core-group-is-layout-14a72479 wp-block-group-is-layout-flex\" style=\"margin-top:var(--wp--preset--spacing--50);margin-bottom:var(--wp--preset--spacing--50)\">\n<figure class=\"wp-block-image size-medium is-resized\"><img loading=\"lazy\" decoding=\"async\" width=\"300\" height=\"300\" src=\"https:\/\/www.lrob.fr\/wp-content\/uploads\/2025\/04\/satisfait-ou-rembourse-icon-clearer-transparent-300x300.png\" alt=\"\" class=\"wp-image-6853\" style=\"width:150px\" srcset=\"https:\/\/www.lrob.fr\/wp-content\/uploads\/2025\/04\/satisfait-ou-rembourse-icon-clearer-transparent-300x300.png 300w, https:\/\/www.lrob.fr\/wp-content\/uploads\/2025\/04\/satisfait-ou-rembourse-icon-clearer-transparent-150x150.png 150w, https:\/\/www.lrob.fr\/wp-content\/uploads\/2025\/04\/satisfait-ou-rembourse-icon-clearer-transparent.png 800w\" sizes=\"auto, (max-width: 300px) 100vw, 300px\" \/><\/figure>\n\n\n\n<div class=\"wp-block-group has-global-padding is-layout-constrained wp-block-group-is-layout-constrained\">\n<p>We do our utmost to ensure <strong>complete satisfaction<\/strong> and be <strong>the perfect host everyone dreams of<\/strong>. But to err is human : <strong>you have the right to change your mind<\/strong>.<\/p>\n\n\n\n<div class=\"wp-block-buttons is-layout-flex wp-block-buttons-is-layout-flex\">\n<div class=\"wp-block-button\"><a class=\"wp-block-button__link wp-element-button\" href=\"https:\/\/www.lrob.fr\/en\/web-hosting\/\">Choose my hosting 30 days money back guarantee<\/a><\/div>\n<\/div>\n<\/div>\n<\/div>\n\n\n\n<p>We are confident that you will enjoy our hosting services and are prepared to refund you if you are not fully satisfied with our service within 30 days of activating your service.<\/p>\n\n\n\n<h2 class=\"wp-block-heading\">Which offers are supported?<\/h2>\n\n\n\n<p>All our Web Hosting and Web Agency offers visible at <a href=\"\/en\/web-hosting\/\">this page<\/a> offer a 30-day money-back guarantee.<\/p>\n\n\n\n<p>Highly customized services requiring immediate intervention, such as migration or webmastering, are not reimbursable under this warranty, but we are open to discussion on a case-by-case basis.<\/p>\n\n\n\n<h2 class=\"wp-block-heading\">Our support team can help you<\/h2>\n\n\n\n<p>We solve most user questions and problems in less than 5 minutes.<\/p>\n\n\n\n<p>To answer all your questions, our support team is available by phone, e-mail and support ticket. Don't hesitate to contact us - there's no charge.<\/p>\n\n\n\n<h2 class=\"wp-block-heading\">How can I benefit from the 30-day money-back guarantee?<\/h2>\n\n\n\n<p>When you place your order for LRob web hosting on our online store portail.lrob.fr, you are given a customer area and access to the support ticket system. Your refund request must be made no later than 30 days after activation of your hosting.<\/p>\n\n\n\n<p>The procedure is very simple:<\/p>\n\n\n\n<ul class=\"wp-block-list\">\n<li>Log in to your customer area and go to support.<\/li>\n\n\n\n<li>Open a support ticket requesting closure of your hosting with refund.<\/li>\n<\/ul>\n\n\n\n<p>Refunds will be made as soon as possible (within 15 days).<\/p>\n\n\n\n<h2 class=\"wp-block-heading\">Don't worry<\/h2>\n\n\n\n<p>Testing LRob hosting lets you check whether the service is as good as you'd hoped. So all you have to do is choose your offer and get started!<\/p>\n\n\n\n<div class=\"wp-block-buttons is-layout-flex wp-block-buttons-is-layout-flex\">\n<div class=\"wp-block-button\"><a class=\"wp-block-button__link wp-element-button\" href=\"https:\/\/www.lrob.fr\/en\/web-hosting\/\">Choose my hosting 30 days money back guarantee<\/a><\/div>\n<\/div>","protected":false},"excerpt":{"rendered":"<p>Foncez sans crainte, tout le monde peut se tromper Nous faisons notre maximum pour vous assurer enti\u00e8re satisfaction et \u00eatre l&rsquo;h\u00e9bergeur parfait dont tout le monde r\u00eave. Mais l&rsquo;erreur est humaine : vous avez le droit de changer d&rsquo;avis. Nous sommes certains que vous appr\u00e9cierez nos services d&rsquo;h\u00e9bergement et sommes pr\u00eats \u00e0 vous rembourser ce [&hellip;]<\/p>\n","protected":false},"author":1,"featured_media":6853,"parent":6857,"menu_order":0,"comment_status":"closed","ping_status":"closed","template":"","meta":{"footnotes":""},"class_list":["post-6958","page","type-page","status-publish","has-post-thumbnail","hentry"],"_links":{"self":[{"href":"https:\/\/www.lrob.fr\/en\/wp-json\/wp\/v2\/pages\/6958","targetHints":{"allow":["GET"]}}],"collection":[{"href":"https:\/\/www.lrob.fr\/en\/wp-json\/wp\/v2\/pages"}],"about":[{"href":"https:\/\/www.lrob.fr\/en\/wp-json\/wp\/v2\/types\/page"}],"author":[{"embeddable":true,"href":"https:\/\/www.lrob.fr\/en\/wp-json\/wp\/v2\/users\/1"}],"replies":[{"embeddable":true,"href":"https:\/\/www.lrob.fr\/en\/wp-json\/wp\/v2\/comments?post=6958"}],"version-history":[{"count":2,"href":"https:\/\/www.lrob.fr\/en\/wp-json\/wp\/v2\/pages\/6958\/revisions"}],"predecessor-version":[{"id":6969,"href":"https:\/\/www.lrob.fr\/en\/wp-json\/wp\/v2\/pages\/6958\/revisions\/6969"}],"up":[{"embeddable":true,"href":"https:\/\/www.lrob.fr\/en\/wp-json\/wp\/v2\/pages\/6857"}],"wp:featuredmedia":[{"embeddable":true,"href":"https:\/\/www.lrob.fr\/en\/wp-json\/wp\/v2\/media\/6853"}],"wp:attachment":[{"href":"https:\/\/www.lrob.fr\/en\/wp-json\/wp\/v2\/media?parent=6958"}],"curies":[{"name":"wp","href":"https:\/\/api.w.org\/{rel}","templated":true}]}}