{"id":6895,"date":"2025-04-16T01:19:38","date_gmt":"2025-04-15T23:19:38","guid":{"rendered":"https:\/\/www.lrob.fr\/?page_id=6895"},"modified":"2025-04-16T01:19:52","modified_gmt":"2025-04-15T23:19:52","slug":"proactive-and-curative-monitoring-24-7","status":"publish","type":"page","link":"https:\/\/www.lrob.fr\/en\/caracteristiques\/monitoring-proactif-et-curatif-24-7\/","title":{"rendered":"Proactive and corrective monitoring 24\/7"},"content":{"rendered":"<div class=\"wp-block-group is-nowrap is-layout-flex wp-container-core-group-is-layout-6c531013 wp-block-group-is-layout-flex\">\n<figure class=\"wp-block-image size-medium is-resized\"><img loading=\"lazy\" decoding=\"async\" width=\"300\" height=\"300\" src=\"https:\/\/www.lrob.fr\/wp-content\/uploads\/2025\/04\/monitoring-icon-transparent-300x300.png\" alt=\"\" class=\"wp-image-6848\" style=\"width:150px\" srcset=\"https:\/\/www.lrob.fr\/wp-content\/uploads\/2025\/04\/monitoring-icon-transparent-300x300.png 300w, https:\/\/www.lrob.fr\/wp-content\/uploads\/2025\/04\/monitoring-icon-transparent-150x150.png 150w, https:\/\/www.lrob.fr\/wp-content\/uploads\/2025\/04\/monitoring-icon-transparent.png 800w\" sizes=\"auto, (max-width: 300px) 100vw, 300px\" \/><\/figure>\n\n\n\n<div class=\"wp-block-group is-vertical is-layout-flex wp-container-core-group-is-layout-fe9cc265 wp-block-group-is-layout-flex\">\n<p><strong>We are ready to intervene 24\/7<\/strong> every day and every night.<\/p>\n\n\n\n<p>Our goal: <strong>alert host incidents and intervene immediately if necessary.<\/strong><\/p>\n<\/div>\n<\/div>\n\n\n\n<div class=\"wp-block-buttons is-layout-flex wp-block-buttons-is-layout-flex\">\n<div class=\"wp-block-button\"><a class=\"wp-block-button__link wp-element-button\" href=\"\/en\/web-hosting\/\">Book my monitored web hosting<\/a><\/div>\n<\/div>\n\n\n\n<h2 class=\"wp-block-heading\">Rapid intervention<\/h2>\n\n\n\n<p>A reliable hosting provider means a partner who can react quickly to unforeseen events. At LRob, we take every alert very seriously. <\/p>\n\n\n\n<p>We can usually restore critical service within 5 minutes. Since our creation, no critical alert has exceeded 30 minutes recovery time.<\/p>\n\n\n\n<p>Aware that in the long term, no system is safe from a critical incident, we have put in place constant monitoring and strict preventive procedures.<\/p>\n\n\n\n<p>The result: rare interventions, but always fast and effective.<\/p>\n\n\n\n<p>Less stress for you, fewer alarm clocks for us. It's a win-win situation.<\/p>\n\n\n\n<h2 class=\"wp-block-heading\">Complete infrastructure supervision<\/h2>\n\n\n\n<p>All our critical infrastructure services are rigorously monitored in real time, guaranteeing instant detection of the slightest malfunction and immediate intervention if necessary.<\/p>\n\n\n\n<p>Among the services at the heart of the infrastructure :<\/p>\n\n\n\n<ul class=\"wp-block-list\">\n<li>Network ping<\/li>\n\n\n\n<li>MySQL database<\/li>\n\n\n\n<li>HTTP\/HTTPS servers<\/li>\n\n\n\n<li>DNS resolution<\/li>\n\n\n\n<li>Email services (POP, IMAP, SMTP)<\/li>\n<\/ul>\n\n\n\n<figure data-wp-context=\"{&quot;imageId&quot;:&quot;69deed492d978&quot;}\" data-wp-interactive=\"core\/image\" data-wp-key=\"69deed492d978\" class=\"wp-block-image aligncenter size-large wp-lightbox-container\"><img loading=\"lazy\" decoding=\"async\" width=\"1024\" height=\"1022\" data-wp-class--hide=\"state.isContentHidden\" data-wp-class--show=\"state.isContentVisible\" data-wp-init=\"callbacks.setButtonStyles\" data-wp-on--click=\"actions.showLightbox\" data-wp-on--load=\"callbacks.setButtonStyles\" data-wp-on-window--resize=\"callbacks.setButtonStyles\" src=\"https:\/\/www.lrob.fr\/wp-content\/uploads\/2025\/04\/monitoring-example-1024x1022.png\" alt=\"\" class=\"wp-image-6896\" srcset=\"https:\/\/www.lrob.fr\/wp-content\/uploads\/2025\/04\/monitoring-example-1024x1022.png 1024w, https:\/\/www.lrob.fr\/wp-content\/uploads\/2025\/04\/monitoring-example-300x300.png 300w, https:\/\/www.lrob.fr\/wp-content\/uploads\/2025\/04\/monitoring-example-150x150.png 150w, https:\/\/www.lrob.fr\/wp-content\/uploads\/2025\/04\/monitoring-example.png 1257w\" sizes=\"auto, (max-width: 1024px) 100vw, 1024px\" \/><button\n\t\t\tclass=\"lightbox-trigger\"\n\t\t\ttype=\"button\"\n\t\t\taria-haspopup=\"dialog\"\n\t\t\taria-label=\"Enlarge\"\n\t\t\tdata-wp-init=\"callbacks.initTriggerButton\"\n\t\t\tdata-wp-on--click=\"actions.showLightbox\"\n\t\t\tdata-wp-style--right=\"state.imageButtonRight\"\n\t\t\tdata-wp-style--top=\"state.imageButtonTop\"\n\t\t>\n\t\t\t<svg xmlns=\"http:\/\/www.w3.org\/2000\/svg\" width=\"12\" height=\"12\" fill=\"none\" viewbox=\"0 0 12 12\">\n\t\t\t\t<path fill=\"#fff\" d=\"M2 0a2 2 0 0 0-2 2v2h1.5V2a.5.5 0 0 1 .5-.5h2V0H2Zm2 10.5H2a.5.5 0 0 1-.5-.5V8H0v2a2 2 0 0 0 2 2h2v-1.5ZM8 12v-1.5h2a.5.5 0 0 0 .5-.5V8H12v2a2 2 0 0 1-2 2H8Zm2-12a2 2 0 0 1 2 2v2h-1.5V2a.5.5 0 0 0-.5-.5H8V0h2Z\" \/>\n\t\t\t<\/svg>\n\t\t<\/button><figcaption class=\"wp-element-caption\">MySQL monitoring of a production LRob server<\/figcaption><\/figure>\n\n\n\n<h2 class=\"wp-block-heading\">Active monitoring of each hosted site<\/h2>\n\n\n\n<p>Each LRob-hosted site is individually monitored, enabling us to react immediately to the slightest incident specific to your site.<\/p>\n\n\n\n<p>Whether it's a faulty WordPress update or a configuration error, we're alerted in real time and respond without delay.<\/p>\n\n\n\n<div class=\"wp-block-columns is-layout-flex wp-container-core-columns-is-layout-28f84493 wp-block-columns-is-layout-flex\">\n<div class=\"wp-block-column is-vertically-aligned-center is-layout-flow wp-block-column-is-layout-flow\" style=\"flex-basis:33.33%\">\n<p>Three types of alert can be distinguished:<\/p>\n\n\n\n<ul class=\"wp-block-list\">\n<li><strong>Actual failures<\/strong> for example, a WordPress update that prevents a site from responding. We are alerted and intervene immediately.<\/li>\n\n\n\n<li><strong>Scheduled alerts<\/strong> During a production start-up, a site may temporarily fail to respond. The intervention remains brief (often less than 5 minutes).<\/li>\n\n\n\n<li><strong>Preventive alerts<\/strong>s: such as the early failure of an SSL certificate renewal, enabling us to take action before the site is impacted.<\/li>\n<\/ul>\n\n\n\n<p>Thanks to this proactive monitoring, your site's stability is constantly assured.<\/p>\n<\/div>\n\n\n\n<div class=\"wp-block-column is-layout-flow wp-block-column-is-layout-flow\" style=\"flex-basis:66.66%\">\n<figure data-wp-context=\"{&quot;imageId&quot;:&quot;69deed492de84&quot;}\" data-wp-interactive=\"core\/image\" data-wp-key=\"69deed492de84\" class=\"wp-block-image aligncenter size-full is-resized wp-lightbox-container\"><img loading=\"lazy\" decoding=\"async\" width=\"790\" height=\"922\" data-wp-class--hide=\"state.isContentHidden\" data-wp-class--show=\"state.isContentVisible\" data-wp-init=\"callbacks.setButtonStyles\" data-wp-on--click=\"actions.showLightbox\" data-wp-on--load=\"callbacks.setButtonStyles\" data-wp-on-window--resize=\"callbacks.setButtonStyles\" src=\"https:\/\/www.lrob.fr\/wp-content\/uploads\/2025\/04\/Example-Alerte-monitoring.png\" alt=\"\" class=\"wp-image-6898\" style=\"width:500px\" srcset=\"https:\/\/www.lrob.fr\/wp-content\/uploads\/2025\/04\/Example-Alerte-monitoring.png 790w, https:\/\/www.lrob.fr\/wp-content\/uploads\/2025\/04\/Example-Alerte-monitoring-257x300.png 257w, https:\/\/www.lrob.fr\/wp-content\/uploads\/2025\/04\/Example-Alerte-monitoring-129x150.png 129w\" sizes=\"auto, (max-width: 790px) 100vw, 790px\" \/><button\n\t\t\tclass=\"lightbox-trigger\"\n\t\t\ttype=\"button\"\n\t\t\taria-haspopup=\"dialog\"\n\t\t\taria-label=\"Enlarge\"\n\t\t\tdata-wp-init=\"callbacks.initTriggerButton\"\n\t\t\tdata-wp-on--click=\"actions.showLightbox\"\n\t\t\tdata-wp-style--right=\"state.imageButtonRight\"\n\t\t\tdata-wp-style--top=\"state.imageButtonTop\"\n\t\t>\n\t\t\t<svg xmlns=\"http:\/\/www.w3.org\/2000\/svg\" width=\"12\" height=\"12\" fill=\"none\" viewbox=\"0 0 12 12\">\n\t\t\t\t<path fill=\"#fff\" d=\"M2 0a2 2 0 0 0-2 2v2h1.5V2a.5.5 0 0 1 .5-.5h2V0H2Zm2 10.5H2a.5.5 0 0 1-.5-.5V8H0v2a2 2 0 0 0 2 2h2v-1.5ZM8 12v-1.5h2a.5.5 0 0 0 .5-.5V8H12v2a2 2 0 0 1-2 2H8Zm2-12a2 2 0 0 1 2 2v2h-1.5V2a.5.5 0 0 0-.5-.5H8V0h2Z\" \/>\n\t\t\t<\/svg>\n\t\t<\/button><figcaption class=\"wp-element-caption\">Example of an alert, here during a planned maintenance operation (production start-up of a new site).<\/figcaption><\/figure>\n<\/div>\n<\/div>\n\n\n\n<h2 class=\"wp-block-heading\">Detailed server monitoring and preventive maintenance<\/h2>\n\n\n\n<p>At LRob, our priority is to ensure optimum performance for every customer, on a continuous basis, without ever reaching a critical saturation point. This saves a lot of headaches.<\/p>\n\n\n\n<p>To achieve this, we monitor the use of system resources, based on key indicators:<\/p>\n\n\n\n<ul class=\"wp-block-list\">\n<li>RAM usage<\/li>\n\n\n\n<li>CPU load<\/li>\n\n\n\n<li>Network bandwidth<\/li>\n\n\n\n<li>Disk I\/O<\/li>\n<\/ul>\n\n\n\n<figure data-wp-context=\"{&quot;imageId&quot;:&quot;69deed492e247&quot;}\" data-wp-interactive=\"core\/image\" data-wp-key=\"69deed492e247\" class=\"wp-block-image aligncenter size-large wp-lightbox-container\"><img loading=\"lazy\" decoding=\"async\" width=\"1024\" height=\"366\" data-wp-class--hide=\"state.isContentHidden\" data-wp-class--show=\"state.isContentVisible\" data-wp-init=\"callbacks.setButtonStyles\" data-wp-on--click=\"actions.showLightbox\" data-wp-on--load=\"callbacks.setButtonStyles\" data-wp-on-window--resize=\"callbacks.setButtonStyles\" src=\"https:\/\/www.lrob.fr\/wp-content\/uploads\/2025\/04\/cpu-monitoring-netdata-1024x366.png\" alt=\"\" class=\"wp-image-6897\" srcset=\"https:\/\/www.lrob.fr\/wp-content\/uploads\/2025\/04\/cpu-monitoring-netdata-1024x366.png 1024w, https:\/\/www.lrob.fr\/wp-content\/uploads\/2025\/04\/cpu-monitoring-netdata-300x107.png 300w, https:\/\/www.lrob.fr\/wp-content\/uploads\/2025\/04\/cpu-monitoring-netdata-150x54.png 150w, https:\/\/www.lrob.fr\/wp-content\/uploads\/2025\/04\/cpu-monitoring-netdata.png 1340w\" sizes=\"auto, (max-width: 1024px) 100vw, 1024px\" \/><button\n\t\t\tclass=\"lightbox-trigger\"\n\t\t\ttype=\"button\"\n\t\t\taria-haspopup=\"dialog\"\n\t\t\taria-label=\"Enlarge\"\n\t\t\tdata-wp-init=\"callbacks.initTriggerButton\"\n\t\t\tdata-wp-on--click=\"actions.showLightbox\"\n\t\t\tdata-wp-style--right=\"state.imageButtonRight\"\n\t\t\tdata-wp-style--top=\"state.imageButtonTop\"\n\t\t>\n\t\t\t<svg xmlns=\"http:\/\/www.w3.org\/2000\/svg\" width=\"12\" height=\"12\" fill=\"none\" viewbox=\"0 0 12 12\">\n\t\t\t\t<path fill=\"#fff\" d=\"M2 0a2 2 0 0 0-2 2v2h1.5V2a.5.5 0 0 1 .5-.5h2V0H2Zm2 10.5H2a.5.5 0 0 1-.5-.5V8H0v2a2 2 0 0 0 2 2h2v-1.5ZM8 12v-1.5h2a.5.5 0 0 0 .5-.5V8H12v2a2 2 0 0 1-2 2H8Zm2-12a2 2 0 0 1 2 2v2h-1.5V2a.5.5 0 0 0-.5-.5H8V0h2Z\" \/>\n\t\t\t<\/svg>\n\t\t<\/button><figcaption class=\"wp-element-caption\">CPU usage graph for a production LRob server<\/figcaption><\/figure>\n\n\n\n<p>Any unusual rise, however slight, triggers immediate preventive action. Here are a few examples:<\/p>\n\n\n\n<ul class=\"wp-block-list\">\n<li>A site is undergoing a new type of attack: we intervene directly at server level to block malicious requests.<\/li>\n\n\n\n<li>A poorly optimized site receives a lot of traffic: we contact the owner to propose targeted optimizations.<\/li>\n\n\n\n<li>A sudden spike in traffic is detected: we analyze the situation, support the customer and, if necessary, adjust the offer.<\/li>\n\n\n\n<li>MySQL activity rises sharply: we identify problematic queries and alert the customer or his developer.<\/li>\n<\/ul>\n\n\n\n<p>We apply deliberately low sensitivity thresholds to prevent any risk of saturation.<\/p>\n\n\n\n<p>For example, our infrastructure targets an average CPU load of 15 %, where others run at full capacity.<\/p>\n\n\n\n<p>This margin ensures consistent performance and exceptional system stability.<\/p>\n\n\n\n<h2 class=\"wp-block-heading\">Transparent, accessible monitoring<\/h2>\n\n\n\n<p>The availability of our services is entirely public and can be consulted in real time:<br><a class=\"\" href=\"https:\/\/uptime.lrob.net\/status\/lrob\" target=\"_blank\" rel=\"noopener\">https:\/\/uptime.lrob.net\/status\/lrob<\/a><\/p>\n\n\n\n<p>If your site seems inaccessible, but no interruption is indicated on this page, access is probably blocked by a security measure (e.g. a firewall).<\/p>\n\n\n\n<p>In this case :<\/p>\n\n\n\n<ol class=\"wp-block-list\">\n<li>Fill in the <a href=\"https:\/\/www.lrob.fr\/en\/my-ip\/\">IP unblocking request form<\/a>.<\/li>\n\n\n\n<li>Contact LRob support.<\/li>\n<\/ol>\n\n\n\n<h2 class=\"wp-block-heading\">Hosting designed for reliability<\/h2>\n\n\n\n<p>Thanks to proactive monitoring, rapid intervention and controlled infrastructure, LRob offers a rare level of reliability.<\/p>\n\n\n\n<p>Your site is in safe hands, and you can move forward with peace of mind, day and night.<\/p>\n\n\n\n<div class=\"wp-block-buttons is-layout-flex wp-block-buttons-is-layout-flex\">\n<div class=\"wp-block-button\"><a class=\"wp-block-button__link wp-element-button\" href=\"\/en\/web-hosting\/\">Book my monitored web hosting<\/a><\/div>\n<\/div>","protected":false},"excerpt":{"rendered":"<p>Nous sommes pr\u00eats \u00e0 intervenir en 24\/7 : tous les jours et toutes les nuits. Notre objectif : pr\u00e9venir les incidents h\u00e9bergeur et intervenir imm\u00e9diatement si besoin. Des interventions rapides Un h\u00e9bergeur fiable, c\u2019est un partenaire r\u00e9actif en cas d\u2019impr\u00e9vu. Chez LRob, chaque alerte est prise tr\u00e8s au s\u00e9rieux. Nous intervenons g\u00e9n\u00e9ralement en 5 minutes [&hellip;]<\/p>\n","protected":false},"author":1,"featured_media":6848,"parent":6857,"menu_order":0,"comment_status":"closed","ping_status":"closed","template":"","meta":{"footnotes":""},"class_list":["post-6895","page","type-page","status-publish","has-post-thumbnail","hentry"],"_links":{"self":[{"href":"https:\/\/www.lrob.fr\/en\/wp-json\/wp\/v2\/pages\/6895","targetHints":{"allow":["GET"]}}],"collection":[{"href":"https:\/\/www.lrob.fr\/en\/wp-json\/wp\/v2\/pages"}],"about":[{"href":"https:\/\/www.lrob.fr\/en\/wp-json\/wp\/v2\/types\/page"}],"author":[{"embeddable":true,"href":"https:\/\/www.lrob.fr\/en\/wp-json\/wp\/v2\/users\/1"}],"replies":[{"embeddable":true,"href":"https:\/\/www.lrob.fr\/en\/wp-json\/wp\/v2\/comments?post=6895"}],"version-history":[{"count":1,"href":"https:\/\/www.lrob.fr\/en\/wp-json\/wp\/v2\/pages\/6895\/revisions"}],"predecessor-version":[{"id":6899,"href":"https:\/\/www.lrob.fr\/en\/wp-json\/wp\/v2\/pages\/6895\/revisions\/6899"}],"up":[{"embeddable":true,"href":"https:\/\/www.lrob.fr\/en\/wp-json\/wp\/v2\/pages\/6857"}],"wp:featuredmedia":[{"embeddable":true,"href":"https:\/\/www.lrob.fr\/en\/wp-json\/wp\/v2\/media\/6848"}],"wp:attachment":[{"href":"https:\/\/www.lrob.fr\/en\/wp-json\/wp\/v2\/media?parent=6895"}],"curies":[{"name":"wp","href":"https:\/\/api.w.org\/{rel}","templated":true}]}}