{"id":6887,"date":"2025-04-15T17:44:00","date_gmt":"2025-04-15T15:44:00","guid":{"rendered":"https:\/\/www.lrob.fr\/?page_id=6887"},"modified":"2026-02-06T18:56:00","modified_gmt":"2026-02-06T17:56:00","slug":"outsourced-host-backup-restoration","status":"publish","type":"page","link":"https:\/\/www.lrob.fr\/en\/caracteristiques\/sauvegarde-hebergeur-externalisee-restauration\/","title":{"rendered":"Web Hosting Backup: Outsourced and Full Restore (Files, Databases, Emails)"},"content":{"rendered":"<div class=\"wp-block-group is-nowrap is-layout-flex wp-container-core-group-is-layout-6c531013 wp-block-group-is-layout-flex\">\n<figure class=\"wp-block-image size-medium is-resized\"><img loading=\"lazy\" decoding=\"async\" width=\"300\" height=\"300\" src=\"https:\/\/www.lrob.fr\/wp-content\/uploads\/2025\/04\/Backup-floppy-icon-clearer-transparent-300x300.png\" alt=\"\" class=\"wp-image-6847\" style=\"width:150px\" srcset=\"https:\/\/www.lrob.fr\/wp-content\/uploads\/2025\/04\/Backup-floppy-icon-clearer-transparent-300x300.png 300w, https:\/\/www.lrob.fr\/wp-content\/uploads\/2025\/04\/Backup-floppy-icon-clearer-transparent-150x150.png 150w, https:\/\/www.lrob.fr\/wp-content\/uploads\/2025\/04\/Backup-floppy-icon-clearer-transparent.png 800w\" sizes=\"auto, (max-width: 300px) 100vw, 300px\" \/><\/figure>\n\n\n\n<div class=\"wp-block-group is-vertical is-layout-flex wp-container-core-group-is-layout-fe9cc265 wp-block-group-is-layout-flex\">\n<p>At LRob, we've got your back: we back up all accommodations by default.<br>Daily, outsourced and with a 1-year retention period.<\/p>\n\n\n\n<div class=\"wp-block-buttons is-layout-flex wp-block-buttons-is-layout-flex\">\n<div class=\"wp-block-button\"><a class=\"wp-block-button__link wp-element-button\" href=\"\/en\/web-hosting\/\">Choose my backup web hosting<\/a><\/div>\n<\/div>\n<\/div>\n<\/div>\n\n\n\n<h2 class=\"wp-block-heading\">Default host backup essential for <\/h2>\n\n\n\n<p class=\"is-style-text-subtitle is-style-text-subtitle--1\">Backup is not an option.<\/p>\n\n\n\n<p>You deserve thoughtfulness and security from your hosting provider. That's why LRob performs its own daily outsourced backup.<\/p>\n\n\n\n<h3 class=\"wp-block-heading\">A complete backup<\/h3>\n\n\n\n<p>LRob backups cover all aspects of your hosting :<\/p>\n\n\n\n<ul class=\"wp-block-list\">\n<li>Web files<\/li>\n\n\n\n<li>Databases<\/li>\n\n\n\n<li>Settings and access<\/li>\n\n\n\n<li>DNS zones<\/li>\n\n\n\n<li>Emails<\/li>\n<\/ul>\n\n\n\n<p>The backup can be restored on request by e-mail or support ticket.<\/p>\n\n\n\n<h3 class=\"wp-block-heading\">Exceptional retention time<\/h3>\n\n\n\n<p class=\"is-style-default\"><strong>LRob keeps backups for 1 full year.<\/strong><\/p>\n\n\n\n<p>While this represents a considerable amount of space and cost, a long retention period can save delicate situations. After all, our experience has shown that it sometimes happens that a hosted customer belatedly realizes an accidental deletion. So we've got your back with a long-lasting backup.<\/p>\n\n\n\n<h3 class=\"wp-block-heading\">Outsourced backup<\/h3>\n\n\n\n<p>To prevent dramatic incidents such as those we've seen, where a fire can destroy backup servers as well as production servers, it's essential to outsource your backups. In other words, backups should be carried out on a server located far from the server to be backed up. Since 2022, LRob has been performing backups not only on professional snapshot storage, but also on a redundant server in Orl\u00e9ans (our head office), a long way from the datacenters. This means that, even in difficult situations, they remain perfectly accessible for rapid recovery.<\/p>\n\n\n\n<h2 class=\"wp-block-heading\">Why is backup essential?<\/h2>\n\n\n\n<p><strong>Human error can happen <\/strong>:<\/p>\n\n\n\n<ul class=\"wp-block-list\">\n<li>A poorly configured computer can delete all the mail in a box.<\/li>\n\n\n\n<li>A folder cleanup error can delete your site.<\/li>\n\n\n\n<li>A careless user can cause a hack.<\/li>\n<\/ul>\n\n\n\n<p><strong>You don't want to risk losing your data.<\/strong><\/p>\n\n\n\n<p>Don't think you're invulnerable. To err is human, and hacking can happen to even the biggest corporations.<\/p>\n\n\n\n<p>So it's essential to always have at least one good backup, if not several.<\/p>\n\n\n\n<h2 class=\"wp-block-heading\">Reliable backup, managed directly by the server<\/h2>\n\n\n\n<p>There are numerous backup modules available for websites, especially WordPress. However, we feel that these solutions are less reliable than a server backup. In particular, plugins that save the site within your site will be of no use to you in the event of accidental deletion. Also, plugins that require you to connect to the site to restore backups will be of no use to you if the site is down.<\/p>\n\n\n\n<p>That's why a site-independent server backup, as offered by LRob, is the most reliable solution.<\/p>\n\n\n\n<h2 class=\"wp-block-heading\">Your host facilitates your own backups<\/h2>\n\n\n\n<p>It's worth remembering that for almost all hosting services, the end customer remains responsible for his or her own backup. But at the same time, many hosting providers don't offer an easy option for backing up all hosting to a solution you control.<\/p>\n\n\n\n<p>Not so with LRob web hosting: you can set up your own full backup to the FTP server of your choice. If you have a NAS in your company, you can be sure of total data sovereignty.<\/p>\n\n\n\n<p>What's more, since backups are carried out by the Plesk panel supplied by LRob, you can easily restore your system to the Plesk hosting of your choice should this ever prove necessary.<\/p>\n\n\n\n<p>The perfect combination of safety, freedom and sovereignty.<\/p>\n\n\n\n<h2 class=\"wp-block-heading\">Incremental backup of web hosting services<\/h2>\n\n\n\n<p>Backups can be configured to be incremental, i.e. they only update data that has changed since the previous day. This optimizes the space required for one backup per day.<\/p>\n\n\n\n<p>LRob uses this approach, albeit with a full backup every month. Even if the risk is low, a failed incremental backup can lead to corruption. So we're being \"usefully paranoid\" about this by adding a full monthly backup.<\/p>\n\n\n\n<p>We invite you to reproduce this operation on your own backup.<\/p>\n\n\n\n<h2 class=\"wp-block-heading\">Get your hosting backed up daily<\/h2>\n\n\n\n<p>Choosing LRob means choosing a daily hosting backup, available over a long period of time. It means ensuring the sovereignty of your data.<\/p>\n\n\n\n<div class=\"wp-block-buttons is-layout-flex wp-block-buttons-is-layout-flex\">\n<div class=\"wp-block-button\"><a class=\"wp-block-button__link wp-element-button\" href=\"\/en\/web-hosting\/\">Choose my backup web hosting<\/a><\/div>\n<\/div>","protected":false},"excerpt":{"rendered":"<p>Chez LRob, nous assurons vos arri\u00e8res : nous sauvegardons tous les h\u00e9bergements par d\u00e9faut.Quotidiennement, de mani\u00e8re externalis\u00e9e et avec une r\u00e9tention de 1 an. Sauvegarde h\u00e9bergeur par d\u00e9faut indispensable en La sauvegarde n&rsquo;est pas une option. Vous m\u00e9ritez pr\u00e9venance et s\u00e9curit\u00e9 de la part de votre h\u00e9bergeur. C&rsquo;est pourquoi LRob effectue sa propre sauvegarde quotidienne [&hellip;]<\/p>\n","protected":false},"author":1,"featured_media":6847,"parent":6857,"menu_order":0,"comment_status":"closed","ping_status":"closed","template":"","meta":{"footnotes":""},"class_list":["post-6887","page","type-page","status-publish","has-post-thumbnail","hentry"],"_links":{"self":[{"href":"https:\/\/www.lrob.fr\/en\/wp-json\/wp\/v2\/pages\/6887","targetHints":{"allow":["GET"]}}],"collection":[{"href":"https:\/\/www.lrob.fr\/en\/wp-json\/wp\/v2\/pages"}],"about":[{"href":"https:\/\/www.lrob.fr\/en\/wp-json\/wp\/v2\/types\/page"}],"author":[{"embeddable":true,"href":"https:\/\/www.lrob.fr\/en\/wp-json\/wp\/v2\/users\/1"}],"replies":[{"embeddable":true,"href":"https:\/\/www.lrob.fr\/en\/wp-json\/wp\/v2\/comments?post=6887"}],"version-history":[{"count":5,"href":"https:\/\/www.lrob.fr\/en\/wp-json\/wp\/v2\/pages\/6887\/revisions"}],"predecessor-version":[{"id":8603,"href":"https:\/\/www.lrob.fr\/en\/wp-json\/wp\/v2\/pages\/6887\/revisions\/8603"}],"up":[{"embeddable":true,"href":"https:\/\/www.lrob.fr\/en\/wp-json\/wp\/v2\/pages\/6857"}],"wp:featuredmedia":[{"embeddable":true,"href":"https:\/\/www.lrob.fr\/en\/wp-json\/wp\/v2\/media\/6847"}],"wp:attachment":[{"href":"https:\/\/www.lrob.fr\/en\/wp-json\/wp\/v2\/media?parent=6887"}],"curies":[{"name":"wp","href":"https:\/\/api.w.org\/{rel}","templated":true}]}}