{"id":6879,"date":"2025-04-15T16:42:41","date_gmt":"2025-04-15T14:42:41","guid":{"rendered":"https:\/\/www.lrob.fr\/?page_id=6879"},"modified":"2026-03-21T02:29:46","modified_gmt":"2026-03-21T01:29:46","slug":"secure-web-host-cybersecurity","status":"publish","type":"page","link":"https:\/\/www.lrob.fr\/en\/caracteristiques\/hebergeur-web-securise-cybersecurite\/","title":{"rendered":"Secure web hosting: the reference in cybersecurity"},"content":{"rendered":"<h1 class=\"wp-block-post-title\">Secure web hosting: the reference in cybersecurity<\/h1>\n\n\n<div class=\"wp-block-group is-nowrap is-layout-flex wp-container-core-group-is-layout-14a72479 wp-block-group-is-layout-flex\" style=\"margin-top:var(--wp--preset--spacing--50);margin-bottom:var(--wp--preset--spacing--50)\">\n<figure class=\"wp-block-image size-medium is-resized\" data-aos=\"flip-left\"><img loading=\"lazy\" decoding=\"async\" width=\"300\" height=\"300\" src=\"https:\/\/www.lrob.fr\/wp-content\/uploads\/2025\/04\/secure-icon-lrob-transparent-300x300.png\" alt=\"\" class=\"wp-image-6843\" style=\"width:150px\" srcset=\"https:\/\/www.lrob.fr\/wp-content\/uploads\/2025\/04\/secure-icon-lrob-transparent-300x300.png 300w, https:\/\/www.lrob.fr\/wp-content\/uploads\/2025\/04\/secure-icon-lrob-transparent-150x150.png 150w, https:\/\/www.lrob.fr\/wp-content\/uploads\/2025\/04\/secure-icon-lrob-transparent.png 800w\" sizes=\"auto, (max-width: 300px) 100vw, 300px\" \/><\/figure>\n\n\n\n<div class=\"wp-block-group is-vertical is-layout-flex wp-container-core-group-is-layout-fe9cc265 wp-block-group-is-layout-flex\">\n<p class=\"has-text-align-left is-style-text-display is-style-text-display--1 translation-block\" data-aos=\"fade-right\">Safety<\/strong> is <strong>not an option<\/strong>.<\/p>\n\n\n\n<p data-aos=\"fade\" data-aos-delay=\"150\" data-aos-duration=\"650\">Secure web hosting should be the norm in any company, which is why LRob is pushing the envelope. <strong>maximum safety<\/strong> for evolution <strong>serene<\/strong> your online services.<\/p>\n\n\n\n<div class=\"wp-block-buttons is-layout-flex wp-block-buttons-is-layout-flex\">\n<div class=\"wp-block-button\" data-aos=\"zoom-in\" data-aos-delay=\"150\"><a class=\"wp-block-button__link wp-element-button\" href=\"\/en\/web-hosting\/\">Choosing my secure web hosting<\/a><\/div>\n<\/div>\n<\/div>\n<\/div>\n\n\n\n<h2 class=\"wp-block-heading has-text-align-left is-style-default\" id=\"securite-max\" data-aos=\"fade\"><a href=\"#securite-max\">Maximum security by default for your web hosting<\/a><\/h2>\n\n\n\n<p class=\"has-text-align-left is-style-default translation-block\" data-aos=\"fade\">The Internet is a jungle of constant attacks. <strong>Nothing should ever be left to chance.<\/strong> That's why LRob applies the best practices of <strong>preventive security<\/strong> and provides you with the best tools to <strong>protect your websites<\/strong>.<\/p>\n\n\n\n<div class=\"wp-block-columns is-layout-flex wp-container-core-columns-is-layout-28f84493 wp-block-columns-is-layout-flex\">\n<div class=\"wp-block-column is-layout-flow wp-block-column-is-layout-flow\" data-aos=\"fade-right\">\n<p class=\"translation-block\">In terms of security, <strong>the final security of the system is equal to that of the weakest link in the chain<\/strong>. So we can't take the risk of an oversight. That's why all LRob hosting packages come with these <strong>turnkey security features, activated by default<\/strong>.<\/p>\n\n\n\n<p><em>Click on an item to unfold its details.<\/em><\/p>\n\n\n\n<div class=\"wp-block-group is-vertical is-layout-flex wp-container-core-group-is-layout-4b827052 wp-block-group-is-layout-flex\">\n<details class=\"wp-block-details is-style-default is-layout-flow wp-container-core-details-is-layout-8a368f38 wp-block-details-is-layout-flow\"><summary><strong>ModSecurity application firewall<\/strong><\/summary>\n<p>Effectively blocks malicious requests before they reach your sites. In the event of a repeat offence, fail2ban blocks the attacking IP for even greater security.<\/p>\n<\/details>\n\n\n\n<details class=\"wp-block-details is-style-default is-layout-flow wp-container-core-details-is-layout-8a368f38 wp-block-details-is-layout-flow\"><summary><strong>Anti-bruteforce protection<\/strong><\/summary>\n<p>Fail2ban completely blocks repeated unauthorized access to all server services. IP blocking of brute-force attempts on WordPress, Plesk, Email and FTP. Also blocks bots searching for vulnerabilities on servers and those triggering the ModSecurity application firewall.<\/p>\n<\/details>\n\n\n\n<details class=\"wp-block-details is-style-default is-layout-flow wp-container-core-details-is-layout-8a368f38 wp-block-details-is-layout-flow\"><summary><strong><strong>Site isolation<\/strong><\/strong><\/summary>\n<p>Each site is isolated in its default system user. If a problem occurs on one site, it cannot affect the others.<\/p>\n<\/details>\n\n\n\n<details class=\"wp-block-details is-style-default is-layout-flow wp-container-core-details-is-layout-8a368f38 wp-block-details-is-layout-flow\"><summary><strong>Server antivirus<\/strong><\/summary>\n<p>ImunifyAV regularly scans sites.<\/p>\n<\/details>\n\n\n\n<details class=\"wp-block-details is-style-default is-layout-flow wp-container-core-details-is-layout-8a368f38 wp-block-details-is-layout-flow\"><summary><strong><strong>PHP update<\/strong><\/strong><\/summary>\n<p>If you forget, we'll take care of it for you!<\/p>\n<\/details>\n\n\n\n<details class=\"wp-block-details is-style-default is-layout-flow wp-container-core-details-is-layout-8a368f38 wp-block-details-is-layout-flow\"><summary><strong><strong>Daily server updates<\/strong><\/strong><\/summary>\n<p>Weaknesses in server applications may also exist (even if hosting companies deny this outright). Updating your software on a daily basis will keep your hosting as secure as possible.<\/p>\n<\/details>\n\n\n\n<details class=\"wp-block-details is-style-default is-layout-flow wp-container-core-details-is-layout-8a368f38 wp-block-details-is-layout-flow\"><summary><strong>Daily host backups<\/strong><\/summary>\n<p>Outsourced backups with a one-year retention period for maximum peace of mind. You can also set up your own outsourced backup to the FTP server of your choice.<\/p>\n<\/details>\n\n\n\n<details class=\"wp-block-details is-style-default is-layout-flow wp-container-core-details-is-layout-8a368f38 wp-block-details-is-layout-flow\"><summary><strong>SSL\/TLS certificates included<\/strong><\/summary>\n<p>Automatic TLS certificate generation &amp; HTTPS forced by default. Free wildcard certificates available if you manage your sites' DNS zones via LRob.<\/p>\n<\/details>\n\n\n\n<details class=\"wp-block-details is-style-default is-layout-flow wp-container-core-details-is-layout-8a368f38 wp-block-details-is-layout-flow\"><summary><strong>Strong encryption<\/strong><\/summary>\n<p>SSL\/TLS: TLS 1.3, HSTS, OCSP Stapling, DNS CAA, selection of secure ciphers (A+ on SSLLabs).<\/p>\n<\/details>\n\n\n\n<details class=\"wp-block-details is-style-default is-layout-flow wp-container-core-details-is-layout-8a368f38 wp-block-details-is-layout-flow\"><summary><strong>Secure authoritative DNS<\/strong><\/summary>\n<p>LRob authoritative DNS encrypted via DNSSEC and redundant on 4 servers.<\/p>\n<\/details>\n<\/div>\n<\/div>\n\n\n\n<div class=\"wp-block-column is-layout-flow wp-block-column-is-layout-flow\" data-aos=\"fade-up\">\n<figure class=\"wp-block-image size-large\"><img loading=\"lazy\" decoding=\"async\" width=\"1024\" height=\"1024\" src=\"https:\/\/www.lrob.fr\/wp-content\/uploads\/2024\/11\/padlock-cosmos-1024x1024.jpg\" alt=\"\" class=\"wp-image-5919\" srcset=\"https:\/\/www.lrob.fr\/wp-content\/uploads\/2024\/11\/padlock-cosmos-1024x1024.jpg 1024w, https:\/\/www.lrob.fr\/wp-content\/uploads\/2024\/11\/padlock-cosmos-150x150.jpg 150w, https:\/\/www.lrob.fr\/wp-content\/uploads\/2024\/11\/padlock-cosmos-300x300.jpg 300w, https:\/\/www.lrob.fr\/wp-content\/uploads\/2024\/11\/padlock-cosmos-1536x1536.jpg 1536w, https:\/\/www.lrob.fr\/wp-content\/uploads\/2024\/11\/padlock-cosmos-2048x2048.jpg 2048w\" sizes=\"auto, (max-width: 1024px) 100vw, 1024px\" \/><\/figure>\n<\/div>\n<\/div>\n\n\n\n<h2 class=\"wp-block-heading\">Why is LRob more secure?<\/h2>\n\n\n\n<p>Independent from multinationals, LRob achieves more secure web hosting. Surprising as it may seem. The mechanism behind this is simple.<\/p>\n\n\n\n<p><strong>With the biggest hosting companies<\/strong><br>\u274c Bureaucrats decide. Economies of scale are sought.<br>\ufe0f Safeguards aren't often active, because an accidental customer block requires support, and that has a cost, which bureaucrats avoid.<br>\ufe0f\ufe0f <strong>Pirates have free rein.<\/strong> Safety is often poor or non-existent.<br><br><strong>At LRob :<\/strong><br>\u2705 Security is activated by default for all, with attackers blocked.<br>\ufe0f In the event of a false positive, support unblocks the customer in 2 minutes flat.<br>\ufe0f\ufe0f <strong>No more questions: the pirates are blocked.<\/strong><\/p>\n\n\n\n<p>Systematically, every time a customer joins LRob, our servers block dozens or even hundreds of additional attackers. Then the security systems deter them, and the attacks are reduced to a similar low rate to other sites. For us, this is a clear sign that they were previously not blocked at all.<\/p>\n\n\n\n<p class=\"translation-block\">In the end, there's a <strong>virtuous security circle<\/strong>: the more we block attacks, the more we deter them, and the less we get attacked.<\/p>\n\n\n\n<h2 class=\"wp-block-heading\" data-aos=\"fade-right\">Specific security features for WordPress<\/h2>\n\n\n\n<div class=\"wp-block-group is-nowrap is-layout-flex wp-container-core-group-is-layout-cd9ab148 wp-block-group-is-layout-flex\">\n<p>LRob is a <a href=\"https:\/\/www.lrob.fr\/en\/features\/the-most-complete-wordpress-host\/\">WordPress hosting specialist<\/a>. This popular CMS remains a prime target for attackers. Securing WordPress is therefore a critical issue. But how can you overcome security flaws and protect yourself from thousands of hackers?<\/p>\n\n\n\n<figure class=\"wp-block-image size-thumbnail is-resized\"><img loading=\"lazy\" decoding=\"async\" width=\"150\" height=\"150\" src=\"https:\/\/www.lrob.fr\/wp-content\/uploads\/2025\/04\/wordpress-by-lrob-icon-transparent-150x150.png\" alt=\"\" class=\"wp-image-6850\" style=\"width:150px\" srcset=\"https:\/\/www.lrob.fr\/wp-content\/uploads\/2025\/04\/wordpress-by-lrob-icon-transparent-150x150.png 150w, https:\/\/www.lrob.fr\/wp-content\/uploads\/2025\/04\/wordpress-by-lrob-icon-transparent-300x300.png 300w, https:\/\/www.lrob.fr\/wp-content\/uploads\/2025\/04\/wordpress-by-lrob-icon-transparent.png 800w\" sizes=\"auto, (max-width: 150px) 100vw, 150px\" \/><\/figure>\n<\/div>\n\n\n\n<p class=\"has-text-align-center is-style-text-subtitle is-style-text-subtitle--2 translation-block\"><strong>With the WordPress Toolkit from <a href=\"https:\/\/www.lrob.fr\/en\/features\/high-performance-plesk-hosting-for-sites-and-agencies\/\" target=\"_self\">Plesk<\/a>, security becomes child's play.<\/strong><\/p>\n\n\n\n<figure data-wp-context=\"{&quot;imageId&quot;:&quot;69e1a4378de0a&quot;}\" data-wp-interactive=\"core\/image\" data-wp-key=\"69e1a4378de0a\" class=\"wp-block-image aligncenter size-large has-custom-border wp-lightbox-container\" data-aos=\"fade\"><img loading=\"lazy\" decoding=\"async\" width=\"1024\" height=\"469\" data-wp-class--hide=\"state.isContentHidden\" data-wp-class--show=\"state.isContentVisible\" data-wp-init=\"callbacks.setButtonStyles\" data-wp-on--click=\"actions.showLightbox\" data-wp-on--load=\"callbacks.setButtonStyles\" data-wp-on-window--resize=\"callbacks.setButtonStyles\" src=\"https:\/\/www.lrob.fr\/wp-content\/uploads\/2025\/04\/wp-toolkit-2025-1024x469.png\" alt=\"\" class=\"wp-image-7223\" style=\"border-radius:25px;box-shadow:var(--wp--preset--shadow--natural)\" srcset=\"https:\/\/www.lrob.fr\/wp-content\/uploads\/2025\/04\/wp-toolkit-2025-1024x469.png 1024w, https:\/\/www.lrob.fr\/wp-content\/uploads\/2025\/04\/wp-toolkit-2025-300x137.png 300w, https:\/\/www.lrob.fr\/wp-content\/uploads\/2025\/04\/wp-toolkit-2025-150x69.png 150w, https:\/\/www.lrob.fr\/wp-content\/uploads\/2025\/04\/wp-toolkit-2025.png 1334w\" sizes=\"auto, (max-width: 1024px) 100vw, 1024px\" \/><button\n\t\t\tclass=\"lightbox-trigger\"\n\t\t\ttype=\"button\"\n\t\t\taria-haspopup=\"dialog\"\n\t\t\taria-label=\"Enlarge\"\n\t\t\tdata-wp-init=\"callbacks.initTriggerButton\"\n\t\t\tdata-wp-on--click=\"actions.showLightbox\"\n\t\t\tdata-wp-style--right=\"state.imageButtonRight\"\n\t\t\tdata-wp-style--top=\"state.imageButtonTop\"\n\t\t>\n\t\t\t<svg xmlns=\"http:\/\/www.w3.org\/2000\/svg\" width=\"12\" height=\"12\" fill=\"none\" viewbox=\"0 0 12 12\">\n\t\t\t\t<path fill=\"#fff\" d=\"M2 0a2 2 0 0 0-2 2v2h1.5V2a.5.5 0 0 1 .5-.5h2V0H2Zm2 10.5H2a.5.5 0 0 1-.5-.5V8H0v2a2 2 0 0 0 2 2h2v-1.5ZM8 12v-1.5h2a.5.5 0 0 0 .5-.5V8H12v2a2 2 0 0 1-2 2H8Zm2-12a2 2 0 0 1 2 2v2h-1.5V2a.5.5 0 0 0-.5-.5H8V0h2Z\" \/>\n\t\t\t<\/svg>\n\t\t<\/button><\/figure>\n\n\n\n<ul class=\"wp-block-list\" data-aos=\"slide-right\">\n<li class=\"translation-block\"><strong><strong>One look control<\/strong><\/strong> - Your hosting panel highlights any anomalies in your WordPress instances.<\/li>\n\n\n\n<li class=\"translation-block\"><strong><strong><strong>WordPress security vulnerability detection<\/strong><\/strong><\/strong> - Check for vulnerabilities and receive alerts if a new vulnerability is detected, so you can react quickly.<\/li>\n\n\n\n<li class=\"translation-block\"><strong><strong>Automatic WordPress updates<\/strong><\/strong> - Activate in just a few clicks to ensure maximum security at all times.<\/li>\n\n\n\n<li class=\"translation-block\"><strong><strong><strong>WordPress Login Protection<\/strong><\/strong><\/strong> - Server-based IP blocking of brute-force attacks on your WordPress login.<\/li>\n\n\n\n<li class=\"translation-block\"><strong>WordPress Integrity Check<\/strong> - Check file checksum in two clicks.<\/li>\n\n\n\n<li class=\"translation-block\"><strong>Server antivirus<\/strong> - ImunifyAV regularly scans sites for known malicious files. In the event of an anomaly, you'll receive an email.<\/li>\n\n\n\n<li class=\"translation-block\"><strong>24 additional safety rules<\/strong> - Activated with a few clicks.<\/li>\n<\/ul>\n\n\n\n<details class=\"wp-block-details is-style-default is-layout-flow wp-block-details-is-layout-flow\"><summary><strong><strong><strong>See the 24 security rules for WordPress<\/strong><\/strong><\/strong><\/summary>\n<ol class=\"wp-block-list\">\n<li>Change default administrator username (admin)<\/li>\n\n\n\n<li>Block access to .htaccess and .htpasswd<\/li>\n\n\n\n<li>Block access to potentially sensitive files (logs, scripts, executables)<\/li>\n\n\n\n<li>Block access to files containing identifiers<\/li>\n\n\n\n<li>Blocking bots looking for WordPress-specific vulnerabilities<\/li>\n\n\n\n<li>Change the default database table prefix<\/li>\n\n\n\n<li>Disable file editing in the WordPress dashboard<\/li>\n\n\n\n<li>Disable PHP execution in cache directories<\/li>\n\n\n\n<li>Disable unused scripting languages (Python, Perl, etc.)<\/li>\n\n\n\n<li>Disable pingbacks<\/li>\n\n\n\n<li>Disable script concatenation on the WordPress admin panel<\/li>\n\n\n\n<li>Block access to the wp-config.php file<\/li>\n\n\n\n<li>Prohibit execution of PHP scripts in the wp-content\/uploads directory<\/li>\n\n\n\n<li>Prohibit execution of PHP scripts in the wp-includes directory<\/li>\n\n\n\n<li>Block directory browsing (-indexes)<\/li>\n\n\n\n<li>Block access to xmlrpc.php file<\/li>\n\n\n\n<li>Configuring security keys<\/li>\n\n\n\n<li>Restrict access to files and directories (permissions)<\/li>\n\n\n\n<li>Block author scans<\/li>\n\n\n\n<li>Enable automatic updates<\/li>\n\n\n\n<li>Generate a secure password<\/li>\n\n\n\n<li>Automatic detection of security vulnerabilities<\/li>\n\n\n\n<li>Scan site for malicious files<\/li>\n\n\n\n<li>Define a PHP version with secure support<\/li>\n<\/ol>\n<\/details>\n\n\n\n<p data-aos=\"fade-up\" class=\"translation-block\">If in doubt, <a href=\"https:\/\/www.lrob.fr\/en\/features\/best-web-host-support\/\" target=\"_self\">your LRob support<\/a> will be happy to provide you with personalized advice.<\/p>\n\n\n\n<h2 class=\"wp-block-heading\" data-aos=\"fade\">Involvement in cybersecurity<\/h2>\n\n\n\n<p data-aos=\"fade-right\">LRob is a hosting company with a real commitment to cybersecurity.<\/p>\n\n\n\n<p data-aos=\"fade\" class=\"translation-block\">In addition to blocking attackers, LRob also reports them to a list: AbuseIPDB. You can observe the <a href=\"https:\/\/www.abuseipdb.com\/user\/169612\" target=\"_blank\" rel=\"noreferrer noopener nofollow\">reports in real time<\/a>. With this list of malicious IP addresses, system administrators worldwide can find out if any of their servers have been compromised, and proactively block attackers.<\/p>\n\n\n\n<div class=\"wp-block-group is-style-default has-background has-global-padding is-layout-constrained wp-block-group-is-layout-constrained\" style=\"background:linear-gradient(135deg,rgb(6,147,227) 0%,rgba(155,81,224,0) 100%)\">\n<a href=\"https:\/\/www.abuseipdb.com\/user\/169612\" title=\"AbuseIPDB is an IP address blacklist for webmasters and sysadmins to report IP addresses engaging in abusive behavior on their networks\" target=\"_blank\" rel=\"noopener\">\n  <img decoding=\"async\" src=\"https:\/\/www.abuseipdb.com\/contributor\/169612.svg\" alt=\"AbuseIPDB Contributor Badge\" style=\"width: 350px;\">\n<\/a>\n<\/div>\n\n\n\n<p data-aos=\"fade\" class=\"translation-block\">In addition to <a href=\"https:\/\/www.lrob.fr\/en\/web-hosting\/\" target=\"_self\">secure web hosting<\/a>, LRob also offers other WordPress-specific security services:<\/p>\n\n\n\n<ul class=\"wp-block-list\" data-aos=\"scale-in\">\n<li><a href=\"https:\/\/www.lrob.fr\/en\/services\/wordpress-audit-consulting\/\">WordPress security audit<\/a><\/li>\n\n\n\n<li><a href=\"https:\/\/www.lrob.fr\/en\/services\/repairing-and-securing-pirated-wordpress-sites\/\">Repairing a hacked WordPress site<\/a><\/li>\n\n\n\n<li><a href=\"https:\/\/www.lrob.fr\/en\/services\/wordpress-webmastering\/\">WordPress webmastering including security monitoring<\/a><\/li>\n<\/ul>\n\n\n\n<h2 class=\"wp-block-heading\" data-aos=\"slide-right\">Target 0 hacked sites<\/h2>\n\n\n\n<p data-aos=\"fade\">Even before LRob's existence, since our state-of-the-art beginnings in 2013, then with the systematic blocking of attacks since 2017, and finally since opening to the public in 2023, LRob has not experienced a single hack among its managed sites. What's more, all the sites we've repaired and recovered to host with us have remained secure without any recurrence of successful hacking.<\/p>\n\n\n\n<p data-aos=\"flip-up\" class=\"translation-block\">So it's been a success at 100% so far. But we don't take any chances, because no one is untouchable, which is why we include <a href=\"https:\/\/www.lrob.fr\/en\/features\/outsourced-host-backup-restoration\/\" target=\"_self\">extremely solid host backup<\/a> on top of all our measures.<\/p>\n\n\n\n<h2 class=\"wp-block-heading\" data-aos=\"fade\">Choose safety<\/h2>\n\n\n\n<p class=\"has-text-align-left is-style-text-subtitle is-style-text-subtitle--3\" data-aos=\"fade\" data-aos-duration=\"1100\"><strong>Take pride in your safety policy.<\/strong><\/p>\n\n\n\n<p data-aos=\"fade\" data-aos-duration=\"1450\">And sleep soundly.<\/p>\n\n\n\n<div class=\"wp-block-buttons is-layout-flex wp-block-buttons-is-layout-flex\" data-aos=\"fade-right\" data-aos-delay=\"350\" data-aos-duration=\"550\">\n<div class=\"wp-block-button\"><a class=\"wp-block-button__link wp-element-button\" href=\"\/en\/web-hosting\/\">Choosing my secure web hosting<\/a><\/div>\n<\/div>","protected":false},"excerpt":{"rendered":"<p>La s\u00e9curit\u00e9 n&rsquo;est pas une option Un h\u00e9bergement web s\u00e9curis\u00e9 doit \u00eatre la norme en . C&rsquo;est pourquoi LRob pousse la s\u00e9curit\u00e9 au maximum pour une \u00e9volution sereine de vos services en ligne. S\u00e9curit\u00e9 maximale par d\u00e9faut pour votre h\u00e9bergement web Internet est une jungle d&rsquo;attaques permanentes. Rien ne devrait jamais \u00eatre laiss\u00e9 au hasard. [&hellip;]<\/p>\n","protected":false},"author":1,"featured_media":6843,"parent":6857,"menu_order":0,"comment_status":"closed","ping_status":"closed","template":"wp-custom-template-page-no-title-with-breadcrumbs","meta":{"footnotes":""},"class_list":["post-6879","page","type-page","status-publish","has-post-thumbnail","hentry"],"_links":{"self":[{"href":"https:\/\/www.lrob.fr\/en\/wp-json\/wp\/v2\/pages\/6879","targetHints":{"allow":["GET"]}}],"collection":[{"href":"https:\/\/www.lrob.fr\/en\/wp-json\/wp\/v2\/pages"}],"about":[{"href":"https:\/\/www.lrob.fr\/en\/wp-json\/wp\/v2\/types\/page"}],"author":[{"embeddable":true,"href":"https:\/\/www.lrob.fr\/en\/wp-json\/wp\/v2\/users\/1"}],"replies":[{"embeddable":true,"href":"https:\/\/www.lrob.fr\/en\/wp-json\/wp\/v2\/comments?post=6879"}],"version-history":[{"count":26,"href":"https:\/\/www.lrob.fr\/en\/wp-json\/wp\/v2\/pages\/6879\/revisions"}],"predecessor-version":[{"id":8720,"href":"https:\/\/www.lrob.fr\/en\/wp-json\/wp\/v2\/pages\/6879\/revisions\/8720"}],"up":[{"embeddable":true,"href":"https:\/\/www.lrob.fr\/en\/wp-json\/wp\/v2\/pages\/6857"}],"wp:featuredmedia":[{"embeddable":true,"href":"https:\/\/www.lrob.fr\/en\/wp-json\/wp\/v2\/media\/6843"}],"wp:attachment":[{"href":"https:\/\/www.lrob.fr\/en\/wp-json\/wp\/v2\/media?parent=6879"}],"curies":[{"name":"wp","href":"https:\/\/api.w.org\/{rel}","templated":true}]}}