{"id":6173,"date":"2024-12-05T11:57:29","date_gmt":"2024-12-05T10:57:29","guid":{"rendered":"https:\/\/www.lrob.fr\/?page_id=6173"},"modified":"2024-12-05T16:18:20","modified_gmt":"2024-12-05T15:18:20","slug":"install-wordpress-at-lrob","status":"publish","type":"page","link":"https:\/\/www.lrob.fr\/en\/doc\/webmastering\/wordpress-docs\/installer-wordpress-chez-lrob\/","title":{"rendered":"Installing WordPress at LRob"},"content":{"rendered":"<p>Find out how <strong>Install WordPress in 1 minute with the WP Toolkit<\/strong> ! \ud83d\ude80<br>With additional details on how to use the system.<br><br>Visit <strong>WP Toolkit<\/strong>available on <strong><a href=\"https:\/\/www.lrob.fr\/en\/web-hosting\/\">LRob accommodation<\/a><\/strong>simplifies your life by allowing you to install WP very quickly. Then, by recognizing your instance and allowing you to perform a host of simplified, centralized actions!<\/p>\n\n\n\n<figure class=\"wp-block-embed is-type-video is-provider-youtube wp-block-embed-youtube wp-embed-aspect-16-9 wp-has-aspect-ratio\"><div class=\"wp-block-embed__wrapper\">\n<iframe loading=\"lazy\" title=\"Install WordPress at LRob in 1 min\" width=\"500\" height=\"281\" src=\"https:\/\/www.youtube.com\/embed\/zDT1s8mk6iA?feature=oembed\" frameborder=\"0\" allow=\"accelerometer; autoplay; clipboard-write; encrypted-media; gyroscope; picture-in-picture; web-share\" referrerpolicy=\"strict-origin-when-cross-origin\" allowfullscreen><\/iframe>\n<\/div><\/figure>\n\n\n\n<div class=\"wp-block-group is-vertical is-layout-flex wp-container-core-group-is-layout-fe9cc265 wp-block-group-is-layout-flex\">\n<hr class=\"wp-block-separator has-alpha-channel-opacity\" style=\"margin-top:var(--wp--preset--spacing--40);margin-bottom:var(--wp--preset--spacing--40)\"\/>\n\n\n\n<h2 class=\"wp-block-heading\" id=\"voir-les-sections-dediees\">Browse section<\/h2>\n\n\n<ul class=\"wp-block-page-list\"><li class=\"wp-block-pages-list__item\"><a class=\"wp-block-pages-list__item__link\" href=\"https:\/\/www.lrob.fr\/en\/doc\/webmastering\/wordpress-docs\/installer-wordpress-chez-lrob\/\">Installing WordPress at LRob<\/a><\/li><li class=\"wp-block-pages-list__item\"><a class=\"wp-block-pages-list__item__link\" href=\"https:\/\/www.lrob.fr\/en\/doc\/webmastering\/wordpress-docs\/publier-des-pages-et-articles-avec-gutenberg\/\">Publishing pages and articles with Gutenberg<\/a><\/li><\/ul><\/div>","protected":false},"excerpt":{"rendered":"<p>D\u00e9couvrez comment Installer WordPress en 1 minute avec le WP Toolkit ! \ud83d\ude80Avec des d\u00e9tails additionnels sur l&rsquo;utilisation du syst\u00e8me. Le WP Toolkit, disponible sur les h\u00e9bergements LRob, vous simplifie la vie en permettant d&rsquo;installer WP tr\u00e8s rapidement. Puis, en reconnaissant votre instance et en vous permettant \u00e9norm\u00e9ment d&rsquo;actions simplifi\u00e9es et centralis\u00e9es ! Parcourir la [&hellip;]<\/p>\n","protected":false},"author":1,"featured_media":3207,"parent":6167,"menu_order":0,"comment_status":"closed","ping_status":"closed","template":"","meta":{"footnotes":""},"class_list":["post-6173","page","type-page","status-publish","has-post-thumbnail","hentry"],"_links":{"self":[{"href":"https:\/\/www.lrob.fr\/en\/wp-json\/wp\/v2\/pages\/6173","targetHints":{"allow":["GET"]}}],"collection":[{"href":"https:\/\/www.lrob.fr\/en\/wp-json\/wp\/v2\/pages"}],"about":[{"href":"https:\/\/www.lrob.fr\/en\/wp-json\/wp\/v2\/types\/page"}],"author":[{"embeddable":true,"href":"https:\/\/www.lrob.fr\/en\/wp-json\/wp\/v2\/users\/1"}],"replies":[{"embeddable":true,"href":"https:\/\/www.lrob.fr\/en\/wp-json\/wp\/v2\/comments?post=6173"}],"version-history":[{"count":4,"href":"https:\/\/www.lrob.fr\/en\/wp-json\/wp\/v2\/pages\/6173\/revisions"}],"predecessor-version":[{"id":6187,"href":"https:\/\/www.lrob.fr\/en\/wp-json\/wp\/v2\/pages\/6173\/revisions\/6187"}],"up":[{"embeddable":true,"href":"https:\/\/www.lrob.fr\/en\/wp-json\/wp\/v2\/pages\/6167"}],"wp:featuredmedia":[{"embeddable":true,"href":"https:\/\/www.lrob.fr\/en\/wp-json\/wp\/v2\/media\/3207"}],"wp:attachment":[{"href":"https:\/\/www.lrob.fr\/en\/wp-json\/wp\/v2\/media?parent=6173"}],"curies":[{"name":"wp","href":"https:\/\/api.w.org\/{rel}","templated":true}]}}