{"id":5493,"date":"2024-10-18T10:18:27","date_gmt":"2024-10-18T08:18:27","guid":{"rendered":"https:\/\/www.lrob.fr\/?page_id=5493"},"modified":"2025-06-03T15:30:14","modified_gmt":"2025-06-03T13:30:14","slug":"managing-a-website","status":"publish","type":"page","link":"https:\/\/www.lrob.fr\/en\/doc\/hebergement-wiki\/gerer-un-site-web\/","title":{"rendered":"Manage a website"},"content":{"rendered":"<div class=\"wp-block-rank-math-toc-block\" id=\"rank-math-toc\"><h2>Contents<\/h2><nav><ol><li class=\"\"><a href=\"#fonctionnement-dun-site\">How a site works<\/a><\/li><li class=\"\"><a href=\"#gerer-mon-site-et-mon-hebergement\">Manage my site and hosting<\/a><\/li><li class=\"\"><a href=\"#mettre-en-place-une-redirection\">Setting up a redirect<\/a><\/li><li class=\"\"><a href=\"#procedure-de-redirection-dans-plesk\">Redirection procedure in Plesk<\/a><\/li><\/ol><\/nav><\/div>\n\n\n\n<h2 class=\"wp-block-heading\" id=\"fonctionnement-dun-site\">How a site works<\/h2>\n\n\n\n<p>When a site is <strong>hosted<\/strong>This means that its content (files and databases) is stored and distributed by a server. A modern website is generally made up of two parts:<\/p>\n\n\n\n<ul class=\"wp-block-list\">\n<li><strong>Site files<\/strong> : Access via <strong>FTP<\/strong>. These files include PHP scripts, images, style sheets (CSS), fonts and more.<\/li>\n\n\n\n<li><strong>MySQL database<\/strong> Contains dynamic site information (users, passwords, articles, etc.).<\/li>\n<\/ul>\n\n\n\n<p>The web server is usually a <strong>LAMP server<\/strong> (Linux, Apache, MySQL, PHP), which is the basis on which the main CMS such as <strong>WordPress<\/strong>, <strong>Joomla<\/strong>or <strong>Prestashop<\/strong>.<\/p>\n\n\n\n<h2 class=\"wp-block-heading\" id=\"gerer-mon-site-et-mon-hebergement\">Manage my site and hosting<\/h2>\n\n\n\n<ul class=\"wp-block-list\">\n<li><strong>FTP connection<\/strong> See the dedicated page on FTP management (coming soon).<\/li>\n\n\n\n<li><strong>Databases<\/strong> Access your databases via your <a href=\"https:\/\/www.lrob.fr\/en\/doc\/wiki-hosting\/plesk-control-panel\/\" target=\"_blank\" data-type=\"link\" data-id=\"https:\/\/www.lrob.fr\/doc\/hebergement-wiki\/panneau-de-controle-plesk\/\" rel=\"noreferrer noopener\">Plesk control panel<\/a>under the heading <strong>Databases<\/strong>.<\/li>\n\n\n\n<li><strong>PHP version<\/strong> Manage the PHP version used by your site by going to the <strong>PHP parameters<\/strong> on your Plesk panel.<\/li>\n<\/ul>\n\n\n\n<h2 class=\"wp-block-heading\" id=\"mettre-en-place-une-redirection\">Setting up a redirect<\/h2>\n\n\n\n<p>If you wish to redirect one site to another, this operation will delete all existing content on the site to be redirected. This operation is reserved for owners of dedicated servers, multi-domain servers or reseller formulas. Shared hosting customers should submit a request via <a href=\"https:\/\/portail.lrob.fr\/support\/\" target=\"_blank\" rel=\"noopener\">support<\/a>.<\/p>\n\n\n\n<h2 class=\"wp-block-heading\" id=\"procedure-de-redirection-dans-plesk\">Redirection procedure in Plesk<\/h2>\n\n\n\n<ol class=\"wp-block-list\">\n<li><strong>Access hosting parameters<\/strong> In Plesk, under the domain to be redirected, click on <strong>Hosting parameters<\/strong>.<\/li>\n\n\n\n<li><strong>Change accommodation type<\/strong> Click on <strong>Change<\/strong>select <strong>Redirection<\/strong> (301 recommended).<\/li>\n\n\n\n<li><strong>Enter destination URL<\/strong> Enter the redirection URL and confirm.<\/li>\n\n\n\n<li><strong>Confirm data deletion<\/strong> : This operation will delete existing files on this hosting.<\/li>\n<\/ol>\n\n\n\n<blockquote class=\"wp-block-quote is-style-plain is-layout-flow wp-block-quote-is-layout-flow is-style-plain--1\">\n<p><strong>Note<\/strong> If the link <strong>Change<\/strong> does not appear, this means that sub-domains are present on this hosting.<\/p>\n<\/blockquote>\n\n\n\n<div class=\"wp-block-group is-vertical is-content-justification-left is-layout-flex wp-container-core-group-is-layout-69824cbe wp-block-group-is-layout-flex\" style=\"margin-top:var(--wp--preset--spacing--40);margin-bottom:var(--wp--preset--spacing--40)\">\n<hr class=\"wp-block-separator has-alpha-channel-opacity is-style-default\" style=\"margin-top:var(--wp--preset--spacing--40);margin-bottom:var(--wp--preset--spacing--40)\"\/>\n\n\n\n<p>Related pages :<\/p>\n\n\n<ul class=\"wp-block-page-list\"><li class=\"wp-block-pages-list__item has-child\"><a class=\"wp-block-pages-list__item__link\" href=\"https:\/\/www.lrob.fr\/en\/doc\/webmastering\/wordpress-docs\/\">WordPress Docs<\/a><ul class=\"wp-block-navigation__submenu-container\"><li class=\"wp-block-pages-list__item\"><a class=\"wp-block-pages-list__item__link\" href=\"https:\/\/www.lrob.fr\/en\/doc\/webmastering\/wordpress-docs\/installer-wordpress-chez-lrob\/\">Installing WordPress at LRob<\/a><\/li><li class=\"wp-block-pages-list__item\"><a class=\"wp-block-pages-list__item__link\" href=\"https:\/\/www.lrob.fr\/en\/doc\/webmastering\/wordpress-docs\/publier-des-pages-et-articles-avec-gutenberg\/\">Publishing pages and articles with Gutenberg<\/a><\/li><\/ul><\/li><\/ul><\/div>","protected":false},"excerpt":{"rendered":"<p>Fonctionnement d&rsquo;un site Lorsqu&rsquo;un site est h\u00e9berg\u00e9, cela signifie que son contenu (fichiers et bases de donn\u00e9es) est stock\u00e9 et distribu\u00e9 par un serveur. Un site web moderne est g\u00e9n\u00e9ralement compos\u00e9 de deux parties : Le serveur web est g\u00e9n\u00e9ralement un serveur LAMP (Linux, Apache, MySQL, PHP), qui est la base de fonctionnement des principaux [&hellip;]<\/p>\n","protected":false},"author":1,"featured_media":5511,"parent":5468,"menu_order":0,"comment_status":"closed","ping_status":"closed","template":"","meta":{"footnotes":""},"class_list":["post-5493","page","type-page","status-publish","has-post-thumbnail","hentry"],"_links":{"self":[{"href":"https:\/\/www.lrob.fr\/en\/wp-json\/wp\/v2\/pages\/5493","targetHints":{"allow":["GET"]}}],"collection":[{"href":"https:\/\/www.lrob.fr\/en\/wp-json\/wp\/v2\/pages"}],"about":[{"href":"https:\/\/www.lrob.fr\/en\/wp-json\/wp\/v2\/types\/page"}],"author":[{"embeddable":true,"href":"https:\/\/www.lrob.fr\/en\/wp-json\/wp\/v2\/users\/1"}],"replies":[{"embeddable":true,"href":"https:\/\/www.lrob.fr\/en\/wp-json\/wp\/v2\/comments?post=5493"}],"version-history":[{"count":7,"href":"https:\/\/www.lrob.fr\/en\/wp-json\/wp\/v2\/pages\/5493\/revisions"}],"predecessor-version":[{"id":7409,"href":"https:\/\/www.lrob.fr\/en\/wp-json\/wp\/v2\/pages\/5493\/revisions\/7409"}],"up":[{"embeddable":true,"href":"https:\/\/www.lrob.fr\/en\/wp-json\/wp\/v2\/pages\/5468"}],"wp:featuredmedia":[{"embeddable":true,"href":"https:\/\/www.lrob.fr\/en\/wp-json\/wp\/v2\/media\/5511"}],"wp:attachment":[{"href":"https:\/\/www.lrob.fr\/en\/wp-json\/wp\/v2\/media?parent=5493"}],"curies":[{"name":"wp","href":"https:\/\/api.w.org\/{rel}","templated":true}]}}