{"id":5490,"date":"2024-10-18T10:16:45","date_gmt":"2024-10-18T08:16:45","guid":{"rendered":"https:\/\/www.lrob.fr\/?page_id=5490"},"modified":"2024-10-18T23:25:01","modified_gmt":"2024-10-18T21:25:01","slug":"visit-statistics","status":"publish","type":"page","link":"https:\/\/www.lrob.fr\/en\/doc\/hebergement-wiki\/statistiques-de-visites\/","title":{"rendered":"Visit statistics"},"content":{"rendered":"<div class=\"wp-block-rank-math-toc-block\" id=\"rank-math-toc\"><h2>Contents<\/h2><nav><ol><li class=\"\"><a href=\"#consulter-les-statistiques-de-mon-site\">View my site's Plesk statistics<\/a><ol><li class=\"\"><a href=\"#acceder-aux-statistiques\">Access HTTPS visit statistics<\/a><\/li><li class=\"\"><a href=\"#reglage-des-statistiques\">Statistics settings<\/a><\/li><\/ol><\/li><li class=\"\"><a href=\"#statistiques-matomo\">Matomo statistics<\/a><\/li><\/ol><\/nav><\/div>\n\n\n\n<h2 class=\"wp-block-heading\" id=\"consulter-les-statistiques-de-mon-site\">View my site's Plesk statistics<\/h2>\n\n\n\n<p>Your <strong>Plesk control panel<\/strong> keeps and allows you to consult statistics on visits to your site.<\/p>\n\n\n\n<h3 class=\"wp-block-heading\" id=\"acceder-aux-statistiques\">Access HTTPS visit statistics<\/h3>\n\n\n\n<ol class=\"wp-block-list\">\n<li>From Plesk, click on <strong>Web SSL\/TLS statistics<\/strong>.<\/li>\n\n\n\n<li>You can also access the URL : <code>https:\/\/exemple.tld\/plesk-stat\/webstat-ssl\/<\/code><\/li>\n<\/ol>\n\n\n\n<p>FTP logins are required to access statistics. If you've forgotten your login details, you can reset them via Plesk.<\/p>\n\n\n\n<h3 class=\"wp-block-heading\" id=\"reglage-des-statistiques\">Statistics settings<\/h3>\n\n\n\n<ol class=\"wp-block-list\">\n<li><strong>Access hosting parameters<\/strong> in Plesk under the desired domain.<\/li>\n\n\n\n<li><strong>Choose the type of statistics<\/strong> Select between <strong>No<\/strong>or <strong>AWStats<\/strong> (recommended).<\/li>\n\n\n\n<li><strong>Protecting access to statistics<\/strong> You can disable password protection, but we recommend that you leave it enabled.<\/li>\n<\/ol>\n\n\n\n<h2 class=\"wp-block-heading\" id=\"statistiques-matomo\">Matomo statistics<\/h2>\n\n\n\n<p>Matomo has the advantage of being self-hosted and therefore does not allow third-party exploitation of your visitors' data. This protects your visitors' privacy.<\/p>\n\n\n\n<p>LRob provides statistics via Matomo for a number of purposes <a href=\"\/en\/services\/wordpress-webmastering\/\">WordPress webmastering offers<\/a>.<\/p>\n\n\n\n<p>Don't hesitate to ask your <a href=\"https:\/\/portail.lrob.fr\/support\/\" target=\"_blank\" rel=\"noopener\">support<\/a> setting up and accessing these detailed statistics if required.<\/p>\n\n\n\n<div class=\"wp-block-group is-vertical is-content-justification-left is-layout-flex wp-container-core-group-is-layout-69824cbe wp-block-group-is-layout-flex\" style=\"margin-top:var(--wp--preset--spacing--40);margin-bottom:var(--wp--preset--spacing--40)\">\n<hr class=\"wp-block-separator has-alpha-channel-opacity is-style-default\" style=\"margin-top:var(--wp--preset--spacing--40);margin-bottom:var(--wp--preset--spacing--40)\"\/>\n\n\n\n<p>Related pages :<\/p>\n\n\n<ul class=\"wp-block-page-list\"><li class=\"wp-block-pages-list__item has-child\"><a class=\"wp-block-pages-list__item__link\" href=\"https:\/\/www.lrob.fr\/en\/doc\/webmastering\/wordpress-docs\/\">WordPress Docs<\/a><ul class=\"wp-block-navigation__submenu-container\"><li class=\"wp-block-pages-list__item\"><a class=\"wp-block-pages-list__item__link\" href=\"https:\/\/www.lrob.fr\/en\/doc\/webmastering\/wordpress-docs\/installer-wordpress-chez-lrob\/\">Installing WordPress at LRob<\/a><\/li><li class=\"wp-block-pages-list__item\"><a class=\"wp-block-pages-list__item__link\" href=\"https:\/\/www.lrob.fr\/en\/doc\/webmastering\/wordpress-docs\/publier-des-pages-et-articles-avec-gutenberg\/\">Publishing pages and articles with Gutenberg<\/a><\/li><\/ul><\/li><\/ul><\/div>","protected":false},"excerpt":{"rendered":"<p>Consulter les statistiques Plesk de mon site Votre Panneau de contr\u00f4le Plesk conserve et vous permet de consulter les statistiques des visites de votre site. Acc\u00e9der aux statistiques de visites HTTPS Les identifiants FTP sont n\u00e9cessaires pour acc\u00e9der aux statistiques. Si vous avez oubli\u00e9 vos identifiants, vous pouvez les r\u00e9initialiser via Plesk. R\u00e9glage des statistiques [&hellip;]<\/p>\n","protected":false},"author":1,"featured_media":5511,"parent":5468,"menu_order":0,"comment_status":"closed","ping_status":"closed","template":"","meta":{"footnotes":""},"class_list":["post-5490","page","type-page","status-publish","has-post-thumbnail","hentry"],"_links":{"self":[{"href":"https:\/\/www.lrob.fr\/en\/wp-json\/wp\/v2\/pages\/5490","targetHints":{"allow":["GET"]}}],"collection":[{"href":"https:\/\/www.lrob.fr\/en\/wp-json\/wp\/v2\/pages"}],"about":[{"href":"https:\/\/www.lrob.fr\/en\/wp-json\/wp\/v2\/types\/page"}],"author":[{"embeddable":true,"href":"https:\/\/www.lrob.fr\/en\/wp-json\/wp\/v2\/users\/1"}],"replies":[{"embeddable":true,"href":"https:\/\/www.lrob.fr\/en\/wp-json\/wp\/v2\/comments?post=5490"}],"version-history":[{"count":4,"href":"https:\/\/www.lrob.fr\/en\/wp-json\/wp\/v2\/pages\/5490\/revisions"}],"predecessor-version":[{"id":5619,"href":"https:\/\/www.lrob.fr\/en\/wp-json\/wp\/v2\/pages\/5490\/revisions\/5619"}],"up":[{"embeddable":true,"href":"https:\/\/www.lrob.fr\/en\/wp-json\/wp\/v2\/pages\/5468"}],"wp:featuredmedia":[{"embeddable":true,"href":"https:\/\/www.lrob.fr\/en\/wp-json\/wp\/v2\/media\/5511"}],"wp:attachment":[{"href":"https:\/\/www.lrob.fr\/en\/wp-json\/wp\/v2\/media?parent=5490"}],"curies":[{"name":"wp","href":"https:\/\/api.w.org\/{rel}","templated":true}]}}