{"id":5414,"date":"2024-10-17T23:59:07","date_gmt":"2024-10-17T21:59:07","guid":{"rendered":"https:\/\/www.lrob.fr\/?page_id=5414"},"modified":"2025-05-26T16:04:08","modified_gmt":"2025-05-26T14:04:08","slug":"dns-zone","status":"publish","type":"page","link":"https:\/\/www.lrob.fr\/en\/doc\/dns\/zone-dns\/","title":{"rendered":"DNS zone: managing and understanding - Documentation LRob"},"content":{"rendered":"\n<p><\/p>\n\n\n\n<h1 class=\"wp-block-heading\" id=\"zone-dns\">Zone DNS<\/h1>\n\n\n\n<div class=\"wp-block-rank-math-toc-block\" id=\"rank-math-toc\"><h2>Sommaire<\/h2><nav><ol><li class=\"\"><a href=\"#zone-dns\">Zone DNS<\/a><ol><li class=\"\"><a href=\"#zone-dns-definition\">Zone DNS : D\u00e9finition<\/a><ol><li class=\"\"><a href=\"#utilite-de-la-zone-dns\">Utilit\u00e9 de la zone DNS<\/a><\/li><\/ol><\/li><li class=\"\"><a href=\"#lire-et-comprendre-une-entree-dns\">Lire et comprendre une entr\u00e9e DNS<\/a><ol><li class=\"\"><a href=\"#enregistrements-dns\">Enregistrements DNS<\/a><ol><li class=\"\"><a href=\"#types-denregistrements-dns\">Types d&rsquo;enregistrements DNS<\/a><\/li><li class=\"\"><a href=\"#notation\">Notation<\/a><\/li><\/ol><\/li><\/ol><\/li><li class=\"\"><a href=\"#exemple-de-zone-dns\">Exemple de zone DNS<\/a><\/li><li class=\"\"><a href=\"#gerer-sa-zone-dns\">G\u00e9rer sa zone DNS<\/a><ol><li class=\"\"><a href=\"#les-champs-dns-dans-plesk\">Les champs DNS dans Plesk<\/a><\/li><li class=\"\"><a href=\"#gestion-des-entrees-dns\">Ajouter une entr\u00e9e DNS dans Plesk<\/a><\/li><li class=\"\"><a href=\"#modifier-une-entree-dns-dans-plesk\">Modifier une entr\u00e9e DNS dans Plesk<\/a><\/li><\/ol><\/li><\/ol><\/li><\/ol><\/nav><\/div>\n\n\n\n<h2 class=\"wp-block-heading\" id=\"zone-dns-definition\">Zone DNS : D\u00e9finition<\/h2>\n\n\n\n<p>Une <strong>Zone DNS<\/strong> contient les enregistrements DNS qui d\u00e9terminent vers quelles adresses IP et serveurs un domaine ou sous-domaine pointe. Ces enregistrements sont stock\u00e9s sur vos <strong>Name Servers (NS)<\/strong> autoritaires. Chez <strong>LRob<\/strong>, vous pouvez g\u00e9rer vos enregistrements DNS via le panneau de contr\u00f4le <strong>Plesk<\/strong>.<\/p>\n\n\n\n<h3 class=\"wp-block-heading\" id=\"utilite-de-la-zone-dns\">Utilit\u00e9 de la zone DNS<\/h3>\n\n\n\n<p>La zone DNS permet de configurer divers aspects li\u00e9s \u00e0 votre domaine. Par exemple, pour le domaine <strong>site.tld<\/strong>, la zone DNS peut contenir les informations suivantes :<\/p>\n\n\n\n<ul class=\"wp-block-list\">\n<li>L&rsquo;adresse IP vers laquelle <strong>site.tld<\/strong> pointe (enregistrement de type <strong>A<\/strong>).<\/li>\n\n\n\n<li>L&rsquo;adresse IP ou le nom de domaine vers lequel <strong>www.site.tld<\/strong> pointe (enregistrement <strong>A<\/strong> ou <strong>CNAME<\/strong>).<\/li>\n\n\n\n<li>Le serveur qui g\u00e8re le <strong>webmail.site.tld<\/strong> (enregistrement <strong>A<\/strong> ou <strong>CNAME<\/strong>).<\/li>\n\n\n\n<li>Le serveur de r\u00e9ception des emails pour <strong>site.tld<\/strong> (enregistrement <strong>MX<\/strong>).<\/li>\n\n\n\n<li>Les serveurs autoris\u00e9s \u00e0 envoyer des emails pour le domaine (enregistrement <strong>TXT<\/strong> avec la configuration <strong>SPF<\/strong>).<\/li>\n\n\n\n<li>La cl\u00e9 de chiffrement pour les emails du domaine (enregistrement <strong>TXT<\/strong> de type <strong>DKIM<\/strong>).<\/li>\n<\/ul>\n\n\n\n<h2 class=\"wp-block-heading\" id=\"lire-et-comprendre-une-entree-dns\">Lire et comprendre une entr\u00e9e DNS<\/h2>\n\n\n\n<h3 class=\"wp-block-heading\" id=\"enregistrements-dns\">Enregistrements DNS<\/h3>\n\n\n\n<p>Une zone DNS est compos\u00e9e de plusieurs types d&rsquo;enregistrements, chacun ayant une fonction sp\u00e9cifique. Voici les principaux types :<\/p>\n\n\n\n<h4 class=\"wp-block-heading\" id=\"types-denregistrements-dns\">Types d&rsquo;enregistrements DNS<\/h4>\n\n\n\n<ul class=\"wp-block-list\">\n<li><strong>A<\/strong> : Pointage d&rsquo;un domaine ou sous-domaine vers une adresse IP (IPv4).<\/li>\n\n\n\n<li><strong>AAAA<\/strong> : Pointage vers une adresse IP en version 6 (IPv6).<\/li>\n\n\n\n<li><strong>CNAME<\/strong> : Alias qui pointe un domaine ou sous-domaine vers un autre domaine (comme un alias).<\/li>\n\n\n\n<li><strong>MX<\/strong> : Indique le serveur de r\u00e9ception des emails pour un domaine ou un sous-domaine.<\/li>\n\n\n\n<li><strong>NS<\/strong> : D\u00e9finit les <strong>Name Servers<\/strong> (voir la page <a href=\"https:\/\/www.lrob.fr\/doc\/dns\/ns-name-servers\/\">Name Servers<\/a>) pour un domaine ou un sous-domaine. Attention : pour le domaine principal, ce champ est facultatif et n&rsquo;a pas d&rsquo;autorit\u00e9. Les <strong>NS<\/strong> sont d\u00e9finis au niveau du registrar, pas au niveau de la zone DNS.<\/li>\n\n\n\n<li><strong>TXT<\/strong> : Contient des informations ou r\u00e8gles interpr\u00e9t\u00e9es par des services, comme les r\u00e9glages <strong>SPF<\/strong> ou <strong>DKIM<\/strong> pour les emails.<\/li>\n<\/ul>\n\n\n\n<h4 class=\"wp-block-heading\" id=\"notation\">Notation<\/h4>\n\n\n\n<p>Lorsque vous ajoutez une entr\u00e9e DNS, l&rsquo;affichage se compose en g\u00e9n\u00e9ral de trois champs:<\/p>\n\n\n\n<ul class=\"wp-block-list\">\n<li>La source, c&rsquo;est \u00e0 dire le sous-domaine concern\u00e9 (pour le domaine racine, on laisse vide ou on note \u00ab\u00a0*\u00a0\u00bb ou \u00ab\u00a0@\u00a0\u00bb en fonction des syst\u00e8mes) <\/li>\n\n\n\n<li>Le type d&rsquo;enregistrement DNS (A, CNAME, MX, TXT, etc.)<\/li>\n\n\n\n<li>Et la cible, c&rsquo;est \u00e0 dire la destination (IP, nom de domaine, valeur TXT, etc.).<\/li>\n<\/ul>\n\n\n\n<p>On indique g\u00e9n\u00e9ralement les pointages DNS sous cette forme (sans les crochets)&nbsp;:<\/p>\n\n\n\n<pre class=\"wp-block-preformatted\">[source] [type d'enregistrement] [cible]<\/pre>\n\n\n\n<p><strong>Exceptions<\/strong> :<\/p>\n\n\n\n<ul class=\"wp-block-list\">\n<li>Si l&rsquo;enregistrement concerne le domaine principal (sans sous-domaine), le champ \u00ab\u00a0source\u00a0\u00bb est vide ou not\u00e9 \u00ab\u00a0@\u00a0\u00bb. <\/li>\n\n\n\n<li>Pour les enregistrements <strong>MX<\/strong> (serveurs de r\u00e9ception des emails), un champ de priorit\u00e9 est ajout\u00e9 : par exemple, <strong>MX (0)<\/strong> o\u00f9 le chiffre indique la priorit\u00e9 (0 \u00e9tant la plus \u00e9lev\u00e9e).<\/li>\n\n\n\n<li>Une valeur de temps de vie (TTL &#8211; Time To Live) peut parfois \u00eatre pr\u00e9cis\u00e9e.<\/li>\n<\/ul>\n\n\n\n<h2 class=\"wp-block-heading\" id=\"exemple-de-zone-dns\">Exemple de zone DNS<\/h2>\n\n\n\n<p>Prenons un exemple concret avec <strong>site.tld<\/strong> et le serveur <strong>ds.lrob.net<\/strong> :<\/p>\n\n\n\n<ul class=\"wp-block-list\">\n<li>Le domaine principal (<strong>site.tld<\/strong>) doit pointer vers <strong>138.201.17.216<\/strong> (IPv4) et <strong>2a01:4f8:171:28e8::2<\/strong> (IPv6). Vous cr\u00e9ez les entr\u00e9es :<br><code>A 138.201.17.216<\/code><br><code>AAAA 2a01:4f8:171:28e8::2<\/code><\/li>\n\n\n\n<li>Le sous-domaine <strong>www.site.tld<\/strong> doit pointer de la m\u00eame mani\u00e8re que le domaine principal :<br><code>www CNAME site.tld.<\/code><\/li>\n\n\n\n<li>Le serveur de r\u00e9ception des emails pour <strong>mail.site.tld<\/strong> pointe vers les m\u00eames adresses IP :<br><code>mail A 138.201.17.216<\/code><br><code>mail AAAA 2a01:4f8:171:28e8::2<\/code>L&rsquo;enregistrement MX correspondant :<br><code>MX 0 mail.site.tld.<\/code><\/li>\n\n\n\n<li>Le service <strong>webmail<\/strong> du domaine pointe vers le serveur <strong>mail.site.tld<\/strong> :<br><code>webmail CNAME mail.site.tld.<\/code><\/li>\n\n\n\n<li>Le sous-domaine <strong>dev<\/strong> doit pointer vers l&rsquo;IP locale pour des tests de d\u00e9veloppement :<br><code>dev A 127.0.0.1<\/code><\/li>\n<\/ul>\n\n\n\n<pre class=\"wp-block-code\"><code>A 138.201.17.216\nAAAA 2a01:4f8:171:28e8::2\nwww CNAME site.tld.\nmail A 138.201.17.216\nmail AAAA 2a01:4f8:171:28e8::2\nMX 0 mail.site.tld.\nwebmail CNAME mail.site.tld.\ndev A 127.0.0.1<\/code><\/pre>\n\n\n\n<p><em><strong>Remarque<\/strong> : Les enregistrements <strong>CNAME<\/strong> et <strong>MX<\/strong> se terminent g\u00e9n\u00e9ralement par un point. <strong>Plesk<\/strong> ajoute ce point automatiquement.<\/em><\/p>\n\n\n\n<h2 class=\"wp-block-heading\" id=\"gerer-sa-zone-dns\">G\u00e9rer sa zone DNS<\/h2>\n\n\n\n<h3 class=\"wp-block-heading\" id=\"les-champs-dns-dans-plesk\">Les champs DNS dans Plesk<\/h3>\n\n\n\n<p>Dans Plesk, la gestion des DNS se fait dans la section <strong>Param\u00e8tres DNS<\/strong> :<\/p>\n\n\n\n<ul class=\"wp-block-list\">\n<li>La premi\u00e8re colonne, intitul\u00e9e <strong>H\u00f4te<\/strong>, correspond \u00e0 la source (le sous-domaine).<\/li>\n\n\n\n<li>La seconde colonne indique le <strong>Type d&rsquo;enregistrement<\/strong>.<\/li>\n\n\n\n<li>La troisi\u00e8me colonne, <strong>Valeur<\/strong>, indique la cible (l&rsquo;adresse IP ou le domaine vers lequel pointer).<\/li>\n<\/ul>\n\n\n\n<h3 class=\"wp-block-heading\" id=\"gestion-des-entrees-dns\">Ajouter une entr\u00e9e DNS dans Plesk<\/h3>\n\n\n\n<p>Pour ajouter une entr\u00e9e :<\/p>\n\n\n\n<ol class=\"wp-block-list\">\n<li>Rendez-vous dans <strong>Param\u00e8tres DNS<\/strong> sous votre domaine dans Plesk.<\/li>\n\n\n\n<li>Cliquez sur <strong>Ajouter un enregistrement<\/strong>.<\/li>\n\n\n\n<li>Choisissez le type d&rsquo;enregistrement (<strong>A<\/strong>, <strong>CNAME<\/strong>, <strong>MX<\/strong>, <strong>TXT<\/strong>, etc.).<\/li>\n\n\n\n<li>Entrez la source (le sous-domaine) et la cible (adresse IP ou domaine).<\/li>\n\n\n\n<li>Cliquez sur <strong>Mettre \u00e0 jour<\/strong> en haut de page pour valider.<\/li>\n<\/ol>\n\n\n\n<h3 class=\"wp-block-heading\" id=\"modifier-une-entree-dns-dans-plesk\">Modifier une entr\u00e9e DNS dans Plesk<\/h3>\n\n\n\n<p>Pour modifier une entr\u00e9e existante :<\/p>\n\n\n\n<ol class=\"wp-block-list\">\n<li>Cliquez sur l&rsquo;enregistrement DNS \u00e0 modifier dans la colonne <strong>H\u00f4te<\/strong>.<\/li>\n\n\n\n<li>Modifiez les valeurs source et cible selon vos besoins.<\/li>\n\n\n\n<li>Cliquez sur <strong>Mettre \u00e0 jour<\/strong> pour enregistrer les modifications.<\/li>\n<\/ol>\n\n\n\n<div class=\"wp-block-group is-vertical is-content-justification-left is-layout-flex wp-container-core-group-is-layout-69824cbe wp-block-group-is-layout-flex\" style=\"margin-top:var(--wp--preset--spacing--40);margin-bottom:var(--wp--preset--spacing--40)\">\n<hr class=\"wp-block-separator has-alpha-channel-opacity is-style-default\" style=\"margin-top:var(--wp--preset--spacing--40);margin-bottom:var(--wp--preset--spacing--40)\"\/>\n\n\n\n<p>Pages li\u00e9es :<\/p>\n\n\n<ul class=\"wp-block-page-list\"><li class=\"wp-block-pages-list__item\"><a class=\"wp-block-pages-list__item__link\" href=\"https:\/\/www.lrob.fr\/en\/doc\/dns\/ns-name-servers\/\">NS (Name Servers)<\/a><\/li><li class=\"wp-block-pages-list__item\"><a class=\"wp-block-pages-list__item__link\" href=\"https:\/\/www.lrob.fr\/en\/doc\/dns\/zone-dns\/\">Zone DNS : g\u00e9rer et comprendre &#8211; Documentation LRob<\/a><\/li><\/ul><\/div>\n","protected":false},"excerpt":{"rendered":"<p>Zone DNS Zone DNS : D\u00e9finition Une Zone DNS contient les enregistrements DNS qui d\u00e9terminent vers quelles adresses IP et serveurs un domaine ou sous-domaine pointe. Ces enregistrements sont stock\u00e9s sur vos Name Servers (NS) autoritaires. Chez LRob, vous pouvez g\u00e9rer vos enregistrements DNS via le panneau de contr\u00f4le Plesk. Utilit\u00e9 de la zone DNS [&hellip;]<\/p>\n","protected":false},"author":1,"featured_media":5516,"parent":5409,"menu_order":0,"comment_status":"closed","ping_status":"closed","template":"page-no-title","meta":{"footnotes":""},"class_list":["post-5414","page","type-page","status-publish","has-post-thumbnail","hentry"],"_links":{"self":[{"href":"https:\/\/www.lrob.fr\/en\/wp-json\/wp\/v2\/pages\/5414","targetHints":{"allow":["GET"]}}],"collection":[{"href":"https:\/\/www.lrob.fr\/en\/wp-json\/wp\/v2\/pages"}],"about":[{"href":"https:\/\/www.lrob.fr\/en\/wp-json\/wp\/v2\/types\/page"}],"author":[{"embeddable":true,"href":"https:\/\/www.lrob.fr\/en\/wp-json\/wp\/v2\/users\/1"}],"replies":[{"embeddable":true,"href":"https:\/\/www.lrob.fr\/en\/wp-json\/wp\/v2\/comments?post=5414"}],"version-history":[{"count":7,"href":"https:\/\/www.lrob.fr\/en\/wp-json\/wp\/v2\/pages\/5414\/revisions"}],"predecessor-version":[{"id":7339,"href":"https:\/\/www.lrob.fr\/en\/wp-json\/wp\/v2\/pages\/5414\/revisions\/7339"}],"up":[{"embeddable":true,"href":"https:\/\/www.lrob.fr\/en\/wp-json\/wp\/v2\/pages\/5409"}],"wp:featuredmedia":[{"embeddable":true,"href":"https:\/\/www.lrob.fr\/en\/wp-json\/wp\/v2\/media\/5516"}],"wp:attachment":[{"href":"https:\/\/www.lrob.fr\/en\/wp-json\/wp\/v2\/media?parent=5414"}],"curies":[{"name":"wp","href":"https:\/\/api.w.org\/{rel}","templated":true}]}}