{"id":5390,"date":"2024-10-17T23:43:01","date_gmt":"2024-10-17T21:43:01","guid":{"rendered":"https:\/\/www.lrob.fr\/?page_id=5390"},"modified":"2025-12-17T00:21:23","modified_gmt":"2025-12-16T23:21:23","slug":"webmastering","status":"publish","type":"page","link":"https:\/\/www.lrob.fr\/en\/doc\/webmastering\/","title":{"rendered":"Webmastering: WordPress site management and maintenance tools"},"content":{"rendered":"<h1 class=\"wp-block-heading\" id=\"webmastering\">Webmastering<\/h1>\n\n\n\n<p><\/p>\n\n\n<ul class=\"wp-block-page-list\"><li class=\"wp-block-pages-list__item has-child\"><a class=\"wp-block-pages-list__item__link\" href=\"https:\/\/www.lrob.fr\/en\/doc\/webmastering\/wordpress-docs\/\">WordPress Docs<\/a><ul class=\"wp-block-navigation__submenu-container\"><li class=\"wp-block-pages-list__item\"><a class=\"wp-block-pages-list__item__link\" href=\"https:\/\/www.lrob.fr\/en\/doc\/webmastering\/wordpress-docs\/installer-wordpress-chez-lrob\/\">Installing WordPress at LRob<\/a><\/li><li class=\"wp-block-pages-list__item\"><a class=\"wp-block-pages-list__item__link\" href=\"https:\/\/www.lrob.fr\/en\/doc\/webmastering\/wordpress-docs\/publier-des-pages-et-articles-avec-gutenberg\/\">Publishing pages and articles with Gutenberg<\/a><\/li><\/ul><\/li><\/ul>\n\n\n<div class=\"wp-block-rank-math-toc-block\" id=\"rank-math-toc\"><h2>Contents<\/h2><nav><ol><li class=\"\"><a href=\"#webmastering\">Webmastering<\/a><ol><li class=\"\"><a href=\"#q\">What is webmastering?<\/a><ol><li class=\"\"><a href=\"#s\">LRob webmastering support<\/a><\/li><li class=\"\"><a href=\"#support-de-l-rob\">LRob hosting support<\/a><\/li><\/ol><\/li><li class=\"\"><a href=\"#voir-les-sections-dediees\">Browse section<\/a><\/li><\/ol><\/li><\/ol><\/nav><\/div>\n\n\n\n<h2 class=\"wp-block-heading\" id=\"q\">What is webmastering?<\/h2>\n\n\n\n<p class=\"translation-block\">Webmastering<\/strong> refers to the management of the internal aspects of a website, independent of hosting. This includes everything to do with the site's content and overall operation, from backoffice management to page personalization.<\/p>\n\n\n\n<p>Webmastering includes the following tasks:<\/p>\n\n\n\n<ul class=\"wp-block-list\">\n<li class=\"translation-block\">Connection to <strong>backoffice<\/strong> (WordPress, Joomla, or other CMS) and password management.<\/li>\n\n\n\n<li class=\"translation-block\"><strong>Publishing content<\/strong> (articles, pages, etc.).<\/li>\n\n\n\n<li class=\"translation-block\">Management of <strong>bugs<\/strong> and site errors.<\/li>\n\n\n\n<li class=\"translation-block\">Installation and management of <strong>additional modules<\/strong> or plugins.<\/li>\n\n\n\n<li class=\"translation-block\"><strong>Customization<\/strong> of the site's appearance and functionalities.<\/li>\n\n\n\n<li class=\"translation-block\"><strong>Updating<\/strong> CMS and modules to guarantee security and performance.<\/li>\n\n\n\n<li class=\"translation-block\">Management of <strong>sending emails<\/strong> from the site.<\/li>\n\n\n\n<li>And much more...<\/li>\n<\/ul>\n\n\n\n<h3 class=\"wp-block-heading\" id=\"s\">LRob webmastering support<\/h3>\n\n\n\n<p class=\"translation-block\">LRob offers<a href=\"\/en\/services\/wordpress-webmastering\/\" target=\"_self\"> <\/a><a href=\"https:\/\/www.lrob.fr\/en\/services\/wordpress-webmastering\/\" data-type=\"link\" data-id=\"https:\/\/www.lrob.fr\/services\/webmastering-wordpress\/\" target=\"_self\">WordPress webmastering<\/a>. Well-executed webmastering requires a high-quality, high-security server. That's why LRob's webmastering services are reserved exclusively for :<\/p>\n\n\n\n<ul class=\"wp-block-list\">\n<li class=\"translation-block\">Whose site is <a href=\"\/en\/web-hosting\/\" target=\"_self\">hosted at LRob<\/a>.<\/li>\n\n\n\n<li class=\"translation-block\">Whose site is hosted by <a href=\"https:\/\/www.haisoft.fr\/\" target=\"_blank\" rel=\"noopener\">HaiSoft<\/a>.<\/li>\n<\/ul>\n\n\n\n<p class=\"translation-block\">When you opt for a <a href=\"\/en\/services\/wordpress-webmastering\/\" target=\"_self\">Webmastering package<\/a>, your level of included service depends on the package you choose. Please note that custom development and major maintenance requiring a profound change in site structure cannot be included in webmastering packages for any reason.<\/p>\n\n\n\n<h3 class=\"wp-block-heading\" id=\"support-de-l-rob\">LRob hosting support<\/h3>\n\n\n\n<p class=\"translation-block\">When <strong>LRob<\/strong> acts solely as <a href=\"https:\/\/www.lrob.fr\/en\/web-hosting\/\" data-type=\"link\" data-id=\"https:\/\/www.lrob.fr\/hebergement-web\/\" target=\"_self\">WordPress host<\/a>, the proper distribution of your content is ensured, but we are not responsible for webmastering tasks. However, we can assist you in specific situations:<\/p>\n\n\n\n<ul class=\"wp-block-list\">\n<li class=\"translation-block\"><strong>Explanation of errors<\/strong> present in server logs.<\/li>\n\n\n\n<li class=\"translation-block\"><strong>CMS updates<\/strong> (automatic or manual) depending on the CMS used and its version.<\/li>\n\n\n\n<li class=\"translation-block\">In the event of <strong>pirating<\/strong>, we will inform you if suspicious behavior is detected.<\/li>\n\n\n\n<li class=\"translation-block\">We can also provide <strong>guidance<\/strong> on how to set up <strong>SMTP<\/strong> email delivery from your site.<\/li>\n<\/ul>\n\n\n\n<div class=\"wp-block-group is-vertical is-layout-flex wp-container-core-group-is-layout-fe9cc265 wp-block-group-is-layout-flex\">\n<hr class=\"wp-block-separator has-alpha-channel-opacity\" style=\"margin-top:var(--wp--preset--spacing--40);margin-bottom:var(--wp--preset--spacing--40)\"\/>\n\n\n\n<h2 class=\"wp-block-heading\" id=\"voir-les-sections-dediees\">Browse section<\/h2>\n\n\n<ul class=\"wp-block-page-list\"><li class=\"wp-block-pages-list__item has-child\"><a class=\"wp-block-pages-list__item__link\" href=\"https:\/\/www.lrob.fr\/en\/doc\/webmastering\/wordpress-docs\/\">WordPress Docs<\/a><ul class=\"wp-block-navigation__submenu-container\"><li class=\"wp-block-pages-list__item\"><a class=\"wp-block-pages-list__item__link\" href=\"https:\/\/www.lrob.fr\/en\/doc\/webmastering\/wordpress-docs\/installer-wordpress-chez-lrob\/\">Installing WordPress at LRob<\/a><\/li><li class=\"wp-block-pages-list__item\"><a class=\"wp-block-pages-list__item__link\" href=\"https:\/\/www.lrob.fr\/en\/doc\/webmastering\/wordpress-docs\/publier-des-pages-et-articles-avec-gutenberg\/\">Publishing pages and articles with Gutenberg<\/a><\/li><\/ul><\/li><\/ul><\/div>","protected":false},"excerpt":{"rendered":"<p>Webmastering Qu&rsquo;est-ce que le webmastering ? Le webmastering d\u00e9signe la gestion des aspects internes du site web, ind\u00e9pendants de l&rsquo;h\u00e9bergement. Cela inclut tout ce qui concerne le contenu du site et son fonctionnement global, depuis la gestion du backoffice jusqu&rsquo;\u00e0 la personnalisation des pages. Le webmastering inclut les t\u00e2ches suivantes : Support webmastering de LRob [&hellip;]<\/p>\n","protected":false},"author":1,"featured_media":0,"parent":5383,"menu_order":0,"comment_status":"closed","ping_status":"closed","template":"wp-custom-template-page-no-title-with-breadcrumbs","meta":{"footnotes":""},"class_list":["post-5390","page","type-page","status-publish","hentry"],"_links":{"self":[{"href":"https:\/\/www.lrob.fr\/en\/wp-json\/wp\/v2\/pages\/5390","targetHints":{"allow":["GET"]}}],"collection":[{"href":"https:\/\/www.lrob.fr\/en\/wp-json\/wp\/v2\/pages"}],"about":[{"href":"https:\/\/www.lrob.fr\/en\/wp-json\/wp\/v2\/types\/page"}],"author":[{"embeddable":true,"href":"https:\/\/www.lrob.fr\/en\/wp-json\/wp\/v2\/users\/1"}],"replies":[{"embeddable":true,"href":"https:\/\/www.lrob.fr\/en\/wp-json\/wp\/v2\/comments?post=5390"}],"version-history":[{"count":12,"href":"https:\/\/www.lrob.fr\/en\/wp-json\/wp\/v2\/pages\/5390\/revisions"}],"predecessor-version":[{"id":8580,"href":"https:\/\/www.lrob.fr\/en\/wp-json\/wp\/v2\/pages\/5390\/revisions\/8580"}],"up":[{"embeddable":true,"href":"https:\/\/www.lrob.fr\/en\/wp-json\/wp\/v2\/pages\/5383"}],"wp:attachment":[{"href":"https:\/\/www.lrob.fr\/en\/wp-json\/wp\/v2\/media?parent=5390"}],"curies":[{"name":"wp","href":"https:\/\/api.w.org\/{rel}","templated":true}]}}