{"id":5387,"date":"2024-10-17T23:36:42","date_gmt":"2024-10-17T21:36:42","guid":{"rendered":"https:\/\/www.lrob.fr\/?page_id=5387"},"modified":"2025-07-29T01:46:22","modified_gmt":"2025-07-28T23:46:22","slug":"host-my-domain-with-lrob","status":"publish","type":"page","link":"https:\/\/www.lrob.fr\/en\/doc\/hebergement-wiki\/heberger-mon-domaine-chez-lrob\/","title":{"rendered":"Host my domain at LRob"},"content":{"rendered":"<div class=\"wp-block-rank-math-toc-block\" id=\"rank-math-toc\"><h2>Contents<\/h2><nav><ol><li class=\"\"><a href=\"#pre-requis\">Prerequisites<\/a><\/li><li class=\"\"><a href=\"#changement-de-vos-ns\">Changing your Name Servers (NS)<\/a><ol><li class=\"\"><a href=\"#etapes-pour-changer-vos-ns\">Steps to change your NS<\/a><\/li><li class=\"\"><a href=\"#remarques-specifiques-pour-ovh\">Specific remarks for OVH<\/a><\/li><li class=\"\"><a href=\"#temps-de-propagation\">Propagation time<\/a><\/li><li class=\"\"><a href=\"#verification-de-la-prise-en-compte\">Checking that the information has been taken into account<\/a><\/li><\/ol><\/li><li class=\"\"><a href=\"#certificat-ssl-tls\">SSL\/TLS certificate<\/a><ol><li class=\"\"><a href=\"#etapes-pour-generer-un-certificat-wildcard\">Steps to generate a Wildcard certificate<\/a><\/li><\/ol><\/li><\/ol><\/nav><\/div>\n\n\n\n<h2 class=\"wp-block-heading\" id=\"pre-requis\">Prerequisites<\/h2>\n\n\n\n<p>To host your domain via <strong>LRob<\/strong>You must have one of the following active hosting packages:<\/p>\n\n\n\n<ul class=\"wp-block-list\">\n<li>WordPress web hosting : <a href=\"https:\/\/www.lrob.fr\/en\/web-hosting\/wordpress\/\">https:\/\/www.lrob.fr\/hebergement-web\/wordpress\/<\/a><\/li>\n\n\n\n<li>Reseller hosting : <a href=\"https:\/\/www.lrob.fr\/en\/web-hosting\/web-agency\/\">https:\/\/www.lrob.fr\/hebergement-web\/web-agency\/<\/a><\/li>\n<\/ul>\n\n\n\n<p><strong>If you've ordered or transferred your domain name with LRob, then you don't need this documentation, as the settings are made by default.<\/strong><\/p>\n\n\n\n<div class=\"wp-block-group is-style-plain is-layout-flow wp-block-group-is-layout-flow\">\n<h2 class=\"wp-block-heading\" id=\"changement-de-vos-ns\">Changing your Name Servers (NS)<\/h2>\n<\/div>\n\n\n\n<p>To host your registered domain outside LRob our webhostings, the recommended method is to modify the <strong><a href=\"https:\/\/www.lrob.fr\/en\/doc\/dns\/ns-name-servers\/\">Name Servers (NS)<\/a><\/strong> of your domain at your <strong>registrar<\/strong> (the company you registered your domain with). This step enables you to use the DNS servers of <strong>LRob<\/strong>. This will enable you to benefit from our pre-configured DNS zone and other advantages.<\/p>\n\n\n\n<p>In particular, the LRob DNS definition will enable you to generate a Wilcard SSL\/TLS certificate (usable on all your domain names) free of charge. This change will also point all services to LRob. If your e-mails are managed by a third party, remember to adjust the corresponding fields, such as DNS MX, SPF and DKIM. Find out more about <a href=\"https:\/\/www.lrob.fr\/en\/doc\/dns\/dns-zone\/\">DNS zones<\/a>.<\/p>\n\n\n\n<h3 class=\"wp-block-heading\" id=\"etapes-pour-changer-vos-ns\">Steps to change your NS<\/h3>\n\n\n\n<ol class=\"wp-block-list\">\n<li><strong>At your registrar : Disable DNSSEC<\/strong><br>Before modifying <strong>NS<\/strong>make sure that the <strong>secure delegation (DNSSEC)<\/strong> or <strong>disabled<\/strong> in your registrar's control panel. If you're an expert, you can sign your DNS zone via Plesk and add DS key records to your registrar later.<\/li>\n\n\n\n<li><strong>At your registrar : Access DNS server management<\/strong><br>In your registrar's administration panel, go to the <strong>DNS servers<\/strong>.<\/li>\n\n\n\n<li><strong>Modify DNS servers<\/strong><br>Define three servers <strong>NS<\/strong> following :<\/li>\n<\/ol>\n\n\n\n<pre class=\"wp-block-code\"><code>ns1.lrob.net\nns2.lrob.net\nns3.lrob.net<\/code><\/pre>\n\n\n\n<h3 class=\"wp-block-heading\" id=\"remarques-specifiques-pour-ovh\">Specific remarks for OVH<\/h3>\n\n\n\n<p>If your domain is registered with <strong>OVH<\/strong>The interface may take some time to refresh. To check that your changes have been taken into account, use the refresh button or visit the <strong>Recent tasks<\/strong>.<br>The change in <strong>NS<\/strong> usually takes <strong>15 to 30 minutes<\/strong>.<\/p>\n\n\n\n<h3 class=\"wp-block-heading\" id=\"temps-de-propagation\">Propagation time<\/h3>\n\n\n\n<ul class=\"wp-block-list\">\n<li>If the domain comes <strong>to be registered<\/strong>DNS changes should be visible under <strong>1 to 2 hours<\/strong>.<\/li>\n\n\n\n<li>If the domain has been registered for several days, the propagation time of the <strong>NS<\/strong> can vary between <strong>1 and 48 hours<\/strong>depending on the <strong>NS<\/strong> precedents.<\/li>\n<\/ul>\n\n\n\n<h3 class=\"wp-block-heading\" id=\"verification-de-la-prise-en-compte\">Checking that the information has been taken into account<\/h3>\n\n\n\n<p>To check that the changes have been taken into account, you can use a <strong>WHOIS<\/strong> which displays public information related to your domain. For example : <a href=\"https:\/\/www.lrob.fr\/en\/domain-info\/\">https:\/\/www.lrob.fr\/domain-info\/<\/a><\/p>\n\n\n\n<h2 class=\"wp-block-heading\" id=\"certificat-ssl-tls\">SSL\/TLS certificate<\/h2>\n\n\n\n<p>To enable secure access to your site in <strong>HTTPS<\/strong> and ensure the secure connection of your emails via webmail or a messaging software, you need to generate a certificate. <strong>TLS Wildcard<\/strong> for your domain. This operation can only be carried out once you have changed the <strong>NS<\/strong> taken into account (usually after about 15 minutes to 1 hour).<\/p>\n\n\n\n<h3 class=\"wp-block-heading\" id=\"etapes-pour-generer-un-certificat-wildcard\">Steps to generate a Wildcard certificate<\/h3>\n\n\n\n<ol class=\"wp-block-list\">\n<li><strong>Access Plesk<\/strong><br>Log in to your <a href=\"https:\/\/www.lrob.fr\/en\/doc\/wiki-hosting\/plesk-control-panel\/\">Plesk control panel<\/a> provided with your subscription. Example of access:\n<ul class=\"wp-block-list\">\n<li><a href=\"https:\/\/srv01.lrob.net\" target=\"_blank\" rel=\"noopener\">https:\/\/srv01.lrob.net<\/a><\/li>\n<\/ul>\n<\/li>\n\n\n\n<li><strong>Navigate to SSL\/TLS certificates<\/strong><br>Under your domain, click on <strong>\"SSL\/TLS Certificates<\/strong>.<\/li>\n\n\n\n<li><strong>Installing a Let's Encrypt certificate<\/strong><br>Click on <strong>\"Install a certificate<\/strong>then under <strong>\"Install a free basic certificate provided by Let's Encrypt\".<\/strong>select <strong>\"Install<\/strong>.<\/li>\n\n\n\n<li><strong>Installation parameters<\/strong><br>Check all boxes except <strong>\"DANE support<\/strong>then click on <strong>\"Get it for free<\/strong>.<\/li>\n\n\n\n<li><strong>Finalize installation<\/strong><br>Click on <strong>\" Continue \"<\/strong> to complete the installation.<\/li>\n<\/ol>\n\n\n\n<p>Your domain is now protected by a certificate <strong>TLS<\/strong> and accessible in <strong>HTTPS<\/strong>.<\/p>","protected":false},"excerpt":{"rendered":"<p>Pr\u00e9-requis Pour h\u00e9berger votre domaine via LRob, vous devez disposer d&rsquo;une formule d&rsquo;h\u00e9bergement active parmi les suivantes : Si vous avez command\u00e9 ou transf\u00e9r\u00e9 votre nom de domaine avec LRob, alors cette documentation ne vous est pas n\u00e9cessaire, car les configurations sont effectu\u00e9es par d\u00e9faut. Changement de vos Name Servers (NS) Pour h\u00e9berger votre domaine [&hellip;]<\/p>\n","protected":false},"author":1,"featured_media":5511,"parent":5468,"menu_order":0,"comment_status":"closed","ping_status":"closed","template":"","meta":{"footnotes":""},"class_list":["post-5387","page","type-page","status-publish","has-post-thumbnail","hentry"],"_links":{"self":[{"href":"https:\/\/www.lrob.fr\/en\/wp-json\/wp\/v2\/pages\/5387","targetHints":{"allow":["GET"]}}],"collection":[{"href":"https:\/\/www.lrob.fr\/en\/wp-json\/wp\/v2\/pages"}],"about":[{"href":"https:\/\/www.lrob.fr\/en\/wp-json\/wp\/v2\/types\/page"}],"author":[{"embeddable":true,"href":"https:\/\/www.lrob.fr\/en\/wp-json\/wp\/v2\/users\/1"}],"replies":[{"embeddable":true,"href":"https:\/\/www.lrob.fr\/en\/wp-json\/wp\/v2\/comments?post=5387"}],"version-history":[{"count":10,"href":"https:\/\/www.lrob.fr\/en\/wp-json\/wp\/v2\/pages\/5387\/revisions"}],"predecessor-version":[{"id":7799,"href":"https:\/\/www.lrob.fr\/en\/wp-json\/wp\/v2\/pages\/5387\/revisions\/7799"}],"up":[{"embeddable":true,"href":"https:\/\/www.lrob.fr\/en\/wp-json\/wp\/v2\/pages\/5468"}],"wp:featuredmedia":[{"embeddable":true,"href":"https:\/\/www.lrob.fr\/en\/wp-json\/wp\/v2\/media\/5511"}],"wp:attachment":[{"href":"https:\/\/www.lrob.fr\/en\/wp-json\/wp\/v2\/media?parent=5387"}],"curies":[{"name":"wp","href":"https:\/\/api.w.org\/{rel}","templated":true}]}}