{"id":1907,"date":"2022-08-30T20:41:16","date_gmt":"2022-08-30T19:41:16","guid":{"rendered":"https:\/\/www.lrob.fr\/?page_id=1907"},"modified":"2025-06-03T14:44:16","modified_gmt":"2025-06-03T12:44:16","slug":"wordpress-audit-consulting","status":"publish","type":"page","link":"https:\/\/www.lrob.fr\/en\/services\/consulting-audit-wordpress\/","title":{"rendered":"WordPress security audit"},"content":{"rendered":"\n<h2 class=\"wp-block-heading gutenify-section-99f16ed0-2ebc-11ee-9787-016da7907231\">Votre service de cyber-s\u00e9curit\u00e9 sp\u00e9cialis\u00e9 WordPress<\/h2>\n\n\n\n<p class=\"gutenify-section-8bb57100-56d9-11ee-9219-7b8e16f751b5\"><strong>WordPress est le CMS le plus populaire au monde. Cela en fait m\u00e9caniquement une cible de choix pour les pirates. Poss\u00e9der un site WordPress demande donc la plus grande vigilance en mati\u00e8re de s\u00e9curit\u00e9. <\/strong><\/p>\n\n\n\n<p class=\"gutenify-section-cd6a5570-2ecf-11ee-9787-016da7907231\"><em>Que se passerait-il pour votre business si votre site redirigeait vers des sites frauduleux ou malveillants ? Si votre site \u00e9tait blacklist\u00e9 pour vos visiteurs ? Si du spam \u00e9tait envoy\u00e9 en votre nom, ou que les adresses emails de tous vos utilisateurs et clients se retrouvaient dans la nature, vendues \u00e0 des pirates ?<\/em><\/p>\n\n\n\n<p class=\"gutenify-section-9cd92570-2ebc-11ee-9787-016da7907231\"><strong>Pourtant, les cr\u00e9ateurs de sites internet WordPress ignorent g\u00e9n\u00e9ralement tout de la s\u00e9curit\u00e9 du CMS qu&rsquo;ils d\u00e9ploient et utilisent tous les jours.<\/strong><\/p>\n\n\n\n<div class=\"wp-block-group gutenify-section-6e217610-56da-11ee-9219-7b8e16f751b5 has-global-padding is-layout-constrained wp-block-group-is-layout-constrained\">\n<h3 class=\"wp-block-heading gutenify-section-64056b00-56da-11ee-9219-7b8e16f751b5\"><strong>D\u00e9couvrez comment un expert en s\u00e9curit\u00e9 WordPress peut s\u00e9curiser votre site internet.<\/strong><\/h3>\n<\/div>\n\n\n\n<div class=\"wp-block-media-text is-stacked-on-mobile gutenify-section-07db3050-2ece-11ee-9787-016da7907231\" style=\"padding-bottom:var(--wp--preset--spacing--50);grid-template-columns:42% auto\"><figure class=\"wp-block-media-text__media\"><img loading=\"lazy\" decoding=\"async\" width=\"1024\" height=\"1024\" src=\"https:\/\/www.lrob.fr\/wp-content\/uploads\/2023\/09\/angry-hacker-pirate.png\" alt=\"\" class=\"wp-image-2437 size-full\" srcset=\"https:\/\/www.lrob.fr\/wp-content\/uploads\/2023\/09\/angry-hacker-pirate.png 1024w, https:\/\/www.lrob.fr\/wp-content\/uploads\/2023\/09\/angry-hacker-pirate-150x150.png 150w, https:\/\/www.lrob.fr\/wp-content\/uploads\/2023\/09\/angry-hacker-pirate-300x300.png 300w\" sizes=\"auto, (max-width: 1024px) 100vw, 1024px\" \/><\/figure><div class=\"wp-block-media-text__content\">\n<h3 class=\"wp-block-heading gutenify-section-694256c0-2ece-11ee-9787-016da7907231\">Les pirates attaquent tous les sites WordPress en permanence. \ud83c\udff4\u200d\u2620\ufe0f<\/h3>\n\n\n\n<p class=\"gutenify-section-66c744a0-2ece-11ee-9787-016da7907231\">Que votre site soit petit ou gros, les pirates se partagent des listes de sites internet et programment des robots pour tester toutes les failles de s\u00e9curit\u00e9 et prendre la main sur votre site d\u00e8s que celui-ci est vuln\u00e9rable.<\/p>\n\n\n\n<p class=\"gutenify-section-ec439710-2ecd-11ee-9787-016da7907231\">Sans mesures de s\u00e9curit\u00e9 adapt\u00e9es, <strong>ce n&rsquo;est qu&rsquo;une question de temps avant que votre site soit pirat\u00e9<\/strong> et que votre image en ligne soit gravement affect\u00e9e.<\/p>\n\n\n\n<p class=\"gutenify-section-8df05060-56da-11ee-9219-7b8e16f751b5\">Pourtant de nombreuses <strong>r\u00e8gles et bonnes pratiques<\/strong> existent pour <strong>s\u00e9curiser et prot\u00e9ger votre site<\/strong>.<\/p>\n\n\n\n<p class=\"gutenify-section-d8818450-56da-11ee-9219-7b8e16f751b5\"><strong>Soyez proactifs : prot\u00e9gez-vous d\u00e8s maintenant !<\/strong><\/p>\n<\/div><\/div>\n\n\n\n<p class=\"gutenify-section-ff6989f0-56da-11ee-9219-7b8e16f751b5\">Expert en cybers\u00e9curit\u00e9, je propose des offres d&rsquo;<a href=\"https:\/\/www.lrob.fr\/hebergement-web\/\" data-type=\"link\" data-id=\"https:\/\/www.lrob.fr\/hebergement-web\/\">h\u00e9bergement wordpress s\u00e9curis\u00e9<\/a>. Je mets \u00e0 disposition mes comp\u00e9tences singuli\u00e8res pour prot\u00e9ger votre site internet et l&rsquo;image de marque de votre entreprise.<\/p>\n\n\n\n<p class=\"gutenify-section-99f20b10-2ebc-11ee-9787-016da7907231\"><strong>Les principaux objectifs de mon intervention<\/strong><\/p>\n\n\n\n<ul class=\"wp-block-list gutenify-section-99f34390-2ebc-11ee-9787-016da7907231\">\n<li class=\"gutenify-section-02922ef0-2ebf-11ee-9787-016da7907231\">D\u00e9tecter les failles de s\u00e9curit\u00e9 avant les pirates<\/li>\n\n\n\n<li class=\"gutenify-section-99f25930-2ebc-11ee-9787-016da7907231\">Vous indiquer et mettre en place les solutions de rem\u00e9diation<\/li>\n<\/ul>\n\n\n\n<p class=\"gutenify-section-99f602b0-2ebc-11ee-9787-016da7907231\"><strong>Les points cl\u00e9 de l&rsquo;analyse de s\u00e9curit\u00e9<\/strong><\/p>\n\n\n\n<ul class=\"wp-block-list gutenify-section-99f84ca0-2ebc-11ee-9787-016da7907231\">\n<li class=\"gutenify-section-166b5700-2ed1-11ee-9787-016da7907231\">Audit de la s\u00e9curit\u00e9 du serveur depuis l&rsquo;ext\u00e9rieur et depuis l&rsquo;int\u00e9rieur lorsque possible (serveur d\u00e9di\u00e9, virtuel, etc)<\/li>\n\n\n\n<li class=\"gutenify-section-c31e65f0-2ebd-11ee-9787-016da7907231\">V\u00e9rification de toutes les failles connues dans votre version de WordPress et des plugins\/th\u00e8mes utilis\u00e9s<\/li>\n\n\n\n<li class=\"gutenify-section-ad39ff60-2ebd-11ee-9787-016da7907231\">Identification et anihilation des backdoors et d&rsquo;\u00e9ventuelles traces de hack<\/li>\n\n\n\n<li class=\"gutenify-section-35d295e0-2ed1-11ee-9787-016da7907231\">V\u00e9rification de plus de 20 points de s\u00e9curit\u00e9 WordPress<\/li>\n\n\n\n<li class=\"gutenify-section-99f71420-2ebc-11ee-9787-016da7907231\">Pr\u00e9conisations claires et d\u00e9taill\u00e9es pour rem\u00e9dier aux soucis<\/li>\n<\/ul>\n\n\n\n<p class=\"gutenify-section-99fb59e0-2ebc-11ee-9787-016da7907231\"><strong>Mesures de s\u00e9curit\u00e9 suppl\u00e9mentaires<\/strong><\/p>\n\n\n\n<ul class=\"wp-block-list gutenify-section-99fc6b50-2ebc-11ee-9787-016da7907231\">\n<li class=\"gutenify-section-99fbcf10-2ebc-11ee-9787-016da7907231\">Authentification \u00e0 deux facteurs<\/li>\n\n\n\n<li class=\"gutenify-section-cb6b8840-56dc-11ee-9219-7b8e16f751b5\">Sauvegarde automatique de votre site<\/li>\n<\/ul>\n\n\n\n<div class=\"wp-block-group gutenify-section-a7a98550-56dd-11ee-9219-7b8e16f751b5 has-global-padding is-layout-constrained wp-container-core-group-is-layout-a51abea4 wp-block-group-is-layout-constrained\" style=\"padding-top:var(--wp--preset--spacing--50);padding-bottom:var(--wp--preset--spacing--50)\">\n<h2 class=\"wp-block-heading gutenify-section-d7a6f0e0-56dc-11ee-9219-7b8e16f751b5\">Les trois \u00ab\u00a0plus\u00a0\u00bb LRob<\/h2>\n\n\n\n<div class=\"wp-block-group gutenify-section-ac57f230-56dd-11ee-9219-7b8e16f751b5 is-vertical is-layout-flex wp-container-core-group-is-layout-98bb686d wp-block-group-is-layout-flex\">\n<h3 class=\"wp-block-heading gutenify-section-f2cd78d0-56dc-11ee-9219-7b8e16f751b5\">1) Un audit pertinent, \u00ab\u00a0no bullshit\u00a0\u00bb<\/h3>\n\n\n\n<p class=\"gutenify-section-fd488c70-56df-11ee-9219-7b8e16f751b5\">Ici, pas de perte de temps avec des consid\u00e9rations inutiles, mais du concret, de l&rsquo;efficace.<\/p>\n\n\n\n<p class=\"gutenify-section-fb131630-56dc-11ee-9219-7b8e16f751b5\">Exemple : De nombreux audits vont \u00e9valuer \u00e0 un niveau \u00ab\u00a0critique\u00a0\u00bb le fait que les port 22 (SSH), 80 (HTTP), 443 (HTTPS) soient ouverts, ce qui n&rsquo;apporte aucune information utile, d&rsquo;autant plus qu&rsquo;il est n\u00e9cessaire que les ports 80 et 443 soient ouverts pour l&rsquo;accessibilit\u00e9 \u00e0 votre site. Le probl\u00e8me n&rsquo;est pas de savoir si un port est ouvert ou ferm\u00e9, mais si l&rsquo;application qui \u00e9coute sur ces ports est s\u00e9curis\u00e9e ou non. Si le port SSH est ouvert : Le serveur autorise-t-il un login via cl\u00e9 SSH uniquement, ou via mot de passe ? Via quel algorithme de chiffrement SSH (s\u00e9curis\u00e9 ou non) ? Si le login SSH par mot de passe est autoris\u00e9, la politique de complexit\u00e9 de mot de passe est-elle suffisamment \u00e9lev\u00e9e, et une solution anti-bruteforce est-elle appliqu\u00e9e sur le serveur ? Voici les questions plus pertinentes qui sont audit\u00e9es ici.<\/p>\n\n\n\n<h3 class=\"wp-block-heading gutenify-section-450a9ad0-56e0-11ee-9219-7b8e16f751b5\">2) Une analyse de toute part<\/h3>\n\n\n\n<p class=\"gutenify-section-638e7e90-56e0-11ee-9219-7b8e16f751b5\">Car le niveau de s\u00e9curit\u00e9 final est celui du maillon le plus faible de la cha\u00eene, l&rsquo;ensemble de la cha\u00eene du nom de domaine \u00e0 l&rsquo;applicatif et en passant par le serveur et l&rsquo;h\u00e9bergeur sont analys\u00e9s.<\/p>\n\n\n\n<p class=\"gutenify-section-7b65a9e0-56df-11ee-9219-7b8e16f751b5\">Un test d&rsquo;intrusion ext\u00e9rieur est effectu\u00e9 et vise \u00e0 d\u00e9terminer \u00e0 la fois les failles de vos scripts et du serveur.<br>Beaucoup plus rare, un test int\u00e9rieur est r\u00e9alis\u00e9. C&rsquo;est \u00e0 dire que les fichiers et scripts de votre site sont analys\u00e9s pour s&rsquo;assurer \u00e0 100% de trouver toute faille connue, et si le serveur est accessible en SSH, sa configuration et s\u00e9curit\u00e9 sont \u00e9galement v\u00e9rifi\u00e9es. <\/p>\n\n\n\n<h3 class=\"wp-block-heading gutenify-section-46753940-56de-11ee-9219-7b8e16f751b5\">3) Une rem\u00e9diation \u00e0 long terme est propos\u00e9e<\/h3>\n\n\n\n<p class=\"gutenify-section-769d41d0-56de-11ee-9219-7b8e16f751b5\">Avoir conscience des soucis de s\u00e9curit\u00e9 est un bon d\u00e9but. Appliquer correctement la rem\u00e9diation aux failles, c&rsquo;est mieux. Inutile d&rsquo;envoyer et transf\u00e9rer 15 mails entre diff\u00e9rents prestataires : Je vous propose de prendre en charge la rem\u00e9diation directement en h\u00e9bergeant votre site sur un serveur taill\u00e9 pour WordPress et en appliquant tous les ajustements requis sur votre site WordPress.<\/p>\n\n\n\n<p class=\"gutenify-section-bd351620-56e0-11ee-9219-7b8e16f751b5\">Je peux aussi entretenir votre site \u00e0 long terme tout en m&rsquo;assurant au quotidien d&rsquo;\u00eatre averti et de palier pro-activement toute faille de s\u00e9curit\u00e9 qui serait r\u00e9v\u00e9l\u00e9e pour votre site et ses scripts utilis\u00e9s. Cela se fait via mes offres <a href=\"\/services\/webmastering-wordpress\/\">Webmastering<\/a> avec notamment la garantie 0 hack : Je suis si s\u00fbr que votre site ne sera pas pirat\u00e9 que si cela arrivait, je m&rsquo;engage \u00e0 le remettre sur pieds, \u00e0 d\u00e9terminer la source du hack, et \u00e0 le s\u00e9curiser.<\/p>\n<\/div>\n<\/div>\n\n\n\n<div class=\"wp-block-media-text is-stacked-on-mobile gutenify-section-89a0c6e0-2ece-11ee-9787-016da7907231\"><figure class=\"wp-block-media-text__media\"><img loading=\"lazy\" decoding=\"async\" width=\"1024\" height=\"1024\" src=\"https:\/\/www.lrob.fr\/wp-content\/uploads\/2023\/09\/angel-laptop-protecting-internet.png\" alt=\"\" class=\"wp-image-2441 size-full\" srcset=\"https:\/\/www.lrob.fr\/wp-content\/uploads\/2023\/09\/angel-laptop-protecting-internet.png 1024w, https:\/\/www.lrob.fr\/wp-content\/uploads\/2023\/09\/angel-laptop-protecting-internet-150x150.png 150w, https:\/\/www.lrob.fr\/wp-content\/uploads\/2023\/09\/angel-laptop-protecting-internet-300x300.png 300w\" sizes=\"auto, (max-width: 1024px) 100vw, 1024px\" \/><\/figure><div class=\"wp-block-media-text__content\">\n<h3 class=\"wp-block-heading gutenify-section-a5ad3540-2ebe-11ee-9787-016da7907231\">0 site pirat\u00e9 sous ma supervision depuis 2017 ! \ud83d\udcaa<\/h3>\n\n\n\n<p class=\"gutenify-section-1abc5c40-2ebe-11ee-9787-016da7907231\">Issu du monde de l&rsquo;administration syst\u00e8me, je ma\u00eetrise int\u00e9gralement la cha\u00eene des serveurs, et \u00e7a tombe bien car c&rsquo;est ici que commence la s\u00e9curit\u00e9. Je r\u00e9pare et prot\u00e8ge les sites avec un taux de r\u00e9cidive de piratage \u00e0 0% depuis 2017. Et pour rester performant, je me tiens en permanence \u00e0 jour des failles de s\u00e9curit\u00e9 et des meilleures pratiques de rem\u00e9diation.<\/p>\n<\/div><\/div>\n\n\n\n<h2 class=\"wp-block-heading gutenify-section-faedb710-56e0-11ee-9219-7b8e16f751b5\"><a href=\"https:\/\/www.lrob.fr\/contact\/\">Contactez-moi<\/a> d\u00e8s maintenant pour s\u00e9curiser votre site.<\/h2>\n\n\n<div class=\"wpforms-container wpforms-block wpforms-block-55c1b6ea-ef0a-4eba-88f6-fff95404b9eb wpforms-render-modern\" id=\"wpforms-738\"><form id=\"wpforms-form-738\" class=\"wpforms-validate wpforms-form\" data-formid=\"738\" method=\"post\" enctype=\"multipart\/form-data\" action=\"\/en\/wp-json\/wp\/v2\/pages\/1907\" data-token=\"527fcd1642e46b39f246d1f038e96d01\" data-token-time=\"1777532455\"><noscript class=\"wpforms-error-noscript\">Please enable JavaScript in your browser to complete this form.<\/noscript><div id=\"wpforms-error-noscript\" style=\"display: none;\">Please enable JavaScript in your browser to complete this form.<\/div><div class=\"wpforms-field-container\"><div id=\"wpforms-738-field_5-container\" class=\"wpforms-field wpforms-field-name\" data-field-id=\"5\"><fieldset><legend class=\"wpforms-field-label\">Votre nom <span class=\"wpforms-required-label\" aria-hidden=\"true\">*<\/span><\/legend><div class=\"wpforms-field-row wpforms-field-medium\"><div class=\"wpforms-field-row-block wpforms-first wpforms-one-half\"><input type=\"text\" id=\"wpforms-738-field_5\" class=\"wpforms-field-name-first wpforms-field-required\" name=\"wpforms[fields][5][first]\" aria-errormessage=\"wpforms-738-field_5-error\" required><label for=\"wpforms-738-field_5\" class=\"wpforms-field-sublabel after\">First<\/label><\/div><div class=\"wpforms-field-row-block wpforms-one-half\"><input type=\"text\" id=\"wpforms-738-field_5-last\" class=\"wpforms-field-name-last wpforms-field-required\" name=\"wpforms[fields][5][last]\" aria-errormessage=\"wpforms-738-field_5-last-error\" required><label for=\"wpforms-738-field_5-last\" class=\"wpforms-field-sublabel after\">Last<\/label><\/div><\/div><\/fieldset><\/div><div id=\"wpforms-738-field_0-container\" class=\"wpforms-field wpforms-field-name\" data-field-id=\"0\"><label class=\"wpforms-field-label\" for=\"wpforms-738-field_0\">Votre soci\u00e9t\u00e9<\/label><input type=\"text\" id=\"wpforms-738-field_0\" class=\"wpforms-field-medium\" name=\"wpforms[fields][0]\" placeholder=\"Optionnel\" aria-errormessage=\"wpforms-738-field_0-error\" ><\/div><div id=\"wpforms-738-field_1-container\" class=\"wpforms-field wpforms-field-email\" data-field-id=\"1\"><label class=\"wpforms-field-label\" for=\"wpforms-738-field_1\">Votre adresse email <span class=\"wpforms-required-label\" aria-hidden=\"true\">*<\/span><\/label><input type=\"email\" id=\"wpforms-738-field_1\" class=\"wpforms-field-large wpforms-field-required\" name=\"wpforms[fields][1]\" placeholder=\"you@domain.tld\" spellcheck=\"false\" aria-errormessage=\"wpforms-738-field_1-error\" aria-describedby=\"wpforms-738-field_1-description\" required><div id=\"wpforms-738-field_1-description\" class=\"wpforms-field-description\">Je vais d\u00e9terminer votre personnalit\u00e9 en fonction de votre fournisseur de mails, mais quoi qu&rsquo;il arrive, vous resterez dans mon c\u0153ur.<\/div><\/div><div id=\"wpforms-738-field_4-container\" class=\"wpforms-field wpforms-field-text\" data-field-id=\"4\"><label class=\"wpforms-field-label\" for=\"wpforms-738-field_4\">T\u00e9l\u00e9phone <span class=\"wpforms-required-label\" aria-hidden=\"true\">*<\/span><\/label><input type=\"text\" id=\"wpforms-738-field_4\" class=\"wpforms-field-large wpforms-field-required\" name=\"wpforms[fields][4]\" placeholder=\"Optionnel\" aria-errormessage=\"wpforms-738-field_4-error\" required><\/div><div id=\"wpforms-738-field_2-container\" class=\"wpforms-field wpforms-field-textarea\" data-field-id=\"2\"><label class=\"wpforms-field-label\" for=\"wpforms-738-field_2\">Votre plus beau message pour Robin <span class=\"wpforms-required-label\" aria-hidden=\"true\">*<\/span><\/label><textarea id=\"wpforms-738-field_2\" class=\"wpforms-field-large wpforms-field-required\" name=\"wpforms[fields][2]\" aria-errormessage=\"wpforms-738-field_2-error\" required><\/textarea><\/div><\/div><!-- .wpforms-field-container --><div class=\"wpforms-field wpforms-field-hp\"><label for=\"wpforms-738-field-hp\" class=\"wpforms-field-label\">Email<\/label><input type=\"text\" name=\"wpforms[hp]\" id=\"wpforms-738-field-hp\" class=\"wpforms-field-medium\"><\/div><div class=\"wpforms-recaptcha-container wpforms-is-hcaptcha\" ><div class=\"h-captcha\" data-sitekey=\"3492c9f1-0c22-469b-a2c9-eeb939eae751\"><\/div><input type=\"text\" name=\"g-recaptcha-hidden\" class=\"wpforms-recaptcha-hidden\" style=\"position:absolute!important;clip:rect(0,0,0,0)!important;height:1px!important;width:1px!important;border:0!important;overflow:hidden!important;padding:0!important;margin:0!important;\" data-rule-hcaptcha=\"1\"><\/div><div class=\"wpforms-submit-container\" ><input type=\"hidden\" name=\"wpforms[id]\" value=\"738\"><input type=\"hidden\" name=\"page_title\" value=\"\"><input type=\"hidden\" name=\"page_url\" value=\"https:\/\/www.lrob.fr\/en\/wp-json\/wp\/v2\/pages\/1907\"><input type=\"hidden\" name=\"url_referer\" value=\"\"><button type=\"submit\" name=\"wpforms[submit]\" id=\"wpforms-submit-738\" class=\"wpforms-submit\" data-alt-text=\"Envoi...\" data-submit-text=\"Envoyer\" aria-live=\"assertive\" value=\"wpforms-submit\">Envoyer<\/button><\/div><\/form><\/div>  <!-- .wpforms-container -->\n\n\n<h2 class=\"wp-block-heading gutenify-section-ff0543c0-7fb4-11ee-a8b5-77a43afdd3d7\">Votre site est d\u00e9j\u00e0 pirat\u00e9 ?<\/h2>\n\n\n\n<p class=\"gutenify-section-01ed2170-7fb5-11ee-a8b5-77a43afdd3d7\">Dans ce cas, tout n&rsquo;est pas perdu : Je peux<a href=\"https:\/\/www.lrob.fr\/services\/reparation-et-securisation-de-site-wordpress-pirate\/\" data-type=\"link\" data-id=\"https:\/\/www.lrob.fr\/services\/reparation-et-securisation-de-site-wordpress-pirate\/\"> r\u00e9parer votre site WordPress pirat\u00e9<\/a>.<\/p>\n\n\n\n<figure class=\"wp-block-embed is-type-wp-embed is-provider-lrob wp-block-embed-lrob gutenify-section-13c352c0-7fb5-11ee-a8b5-77a43afdd3d7\"><div class=\"wp-block-embed__wrapper\">\n<blockquote class=\"wp-embedded-content\" data-secret=\"MuJye7T5r0\"><a href=\"https:\/\/www.lrob.fr\/services\/reparation-et-securisation-de-site-wordpress-pirate\/\">Site WordPress pirat\u00e9 : Comment le r\u00e9parer et s\u00e9curiser ?<\/a><\/blockquote><iframe loading=\"lazy\" class=\"wp-embedded-content\" sandbox=\"allow-scripts\" security=\"restricted\" style=\"position: absolute; visibility: hidden;\" title=\"\u00ab\u00a0Site WordPress pirat\u00e9 : Comment le r\u00e9parer et s\u00e9curiser ?\u00a0\u00bb &#8212; LRob\" src=\"https:\/\/www.lrob.fr\/services\/reparation-et-securisation-de-site-wordpress-pirate\/embed\/#?secret=xPJ2tRmhOd#?secret=MuJye7T5r0\" data-secret=\"MuJye7T5r0\" width=\"500\" height=\"282\" frameborder=\"0\" marginwidth=\"0\" marginheight=\"0\" scrolling=\"no\"><\/iframe>\n<\/div><\/figure>\n\n\n\n<p><\/p>\n","protected":false},"excerpt":{"rendered":"<p>Votre service de cyber-s\u00e9curit\u00e9 sp\u00e9cialis\u00e9 WordPress WordPress est le CMS le plus populaire au monde. Cela en fait m\u00e9caniquement une cible de choix pour les pirates. Poss\u00e9der un site WordPress demande donc la plus grande vigilance en mati\u00e8re de s\u00e9curit\u00e9. Que se passerait-il pour votre business si votre site redirigeait vers des sites frauduleux ou [&hellip;]<\/p>\n","protected":false},"author":1,"featured_media":2070,"parent":1255,"menu_order":0,"comment_status":"closed","ping_status":"closed","template":"","meta":{"footnotes":""},"class_list":["post-1907","page","type-page","status-publish","has-post-thumbnail","hentry"],"_links":{"self":[{"href":"https:\/\/www.lrob.fr\/en\/wp-json\/wp\/v2\/pages\/1907","targetHints":{"allow":["GET"]}}],"collection":[{"href":"https:\/\/www.lrob.fr\/en\/wp-json\/wp\/v2\/pages"}],"about":[{"href":"https:\/\/www.lrob.fr\/en\/wp-json\/wp\/v2\/types\/page"}],"author":[{"embeddable":true,"href":"https:\/\/www.lrob.fr\/en\/wp-json\/wp\/v2\/users\/1"}],"replies":[{"embeddable":true,"href":"https:\/\/www.lrob.fr\/en\/wp-json\/wp\/v2\/comments?post=1907"}],"version-history":[{"count":15,"href":"https:\/\/www.lrob.fr\/en\/wp-json\/wp\/v2\/pages\/1907\/revisions"}],"predecessor-version":[{"id":8673,"href":"https:\/\/www.lrob.fr\/en\/wp-json\/wp\/v2\/pages\/1907\/revisions\/8673"}],"up":[{"embeddable":true,"href":"https:\/\/www.lrob.fr\/en\/wp-json\/wp\/v2\/pages\/1255"}],"wp:featuredmedia":[{"embeddable":true,"href":"https:\/\/www.lrob.fr\/en\/wp-json\/wp\/v2\/media\/2070"}],"wp:attachment":[{"href":"https:\/\/www.lrob.fr\/en\/wp-json\/wp\/v2\/media?parent=1907"}],"curies":[{"name":"wp","href":"https:\/\/api.w.org\/{rel}","templated":true}]}}