{"id":1538,"date":"2022-06-15T22:49:20","date_gmt":"2022-06-15T21:49:20","guid":{"rendered":"https:\/\/www.lrob.fr\/?page_id=1538"},"modified":"2026-03-12T03:18:34","modified_gmt":"2026-03-12T02:18:34","slug":"cdv","status":"publish","type":"page","link":"https:\/\/www.lrob.fr\/en\/cdv\/","title":{"rendered":"Thank you for scanning this business card!"},"content":{"rendered":"\n<div class=\"wp-block-group gutenify-section-593d6cd0-5a2d-11ee-a059-abb4cf543110 is-nowrap is-layout-flex wp-container-core-group-is-layout-3279f381 wp-block-group-is-layout-flex\" style=\"padding-top:var(--wp--preset--spacing--40);padding-bottom:var(--wp--preset--spacing--40)\">\n<div class=\"wp-block-group is-vertical is-content-justification-center is-layout-flex wp-container-core-group-is-layout-ce155fab wp-block-group-is-layout-flex\">\n<h2 class=\"wp-block-heading\">\ud83e\udd1d Connectons-nous sur Linkedin !<\/h2>\n\n\n\n<ul class=\"wp-block-social-links has-huge-icon-size is-content-justification-center is-layout-flex wp-container-core-social-links-is-layout-a89b3969 wp-block-social-links-is-layout-flex\"><li class=\"wp-social-link wp-social-link-linkedin  wp-block-social-link\"><a href=\"https:\/\/www.linkedin.com\/in\/robin-labadie\/\" class=\"wp-block-social-link-anchor\" target=\"_blank\" rel=\"noopener\"><svg width=\"24\" height=\"24\" viewBox=\"0 0 24 24\" version=\"1.1\" xmlns=\"http:\/\/www.w3.org\/2000\/svg\" aria-hidden=\"true\" focusable=\"false\"><path d=\"M19.7,3H4.3C3.582,3,3,3.582,3,4.3v15.4C3,20.418,3.582,21,4.3,21h15.4c0.718,0,1.3-0.582,1.3-1.3V4.3 C21,3.582,20.418,3,19.7,3z M8.339,18.338H5.667v-8.59h2.672V18.338z M7.004,8.574c-0.857,0-1.549-0.694-1.549-1.548 c0-0.855,0.691-1.548,1.549-1.548c0.854,0,1.547,0.694,1.547,1.548C8.551,7.881,7.858,8.574,7.004,8.574z M18.339,18.338h-2.669 v-4.177c0-0.996-0.017-2.278-1.387-2.278c-1.389,0-1.601,1.086-1.601,2.206v4.249h-2.667v-8.59h2.559v1.174h0.037 c0.356-0.675,1.227-1.387,2.526-1.387c2.703,0,3.203,1.779,3.203,4.092V18.338z\"><\/path><\/svg><span class=\"wp-block-social-link-label screen-reader-text\">LinkedIn<\/span><\/a><\/li><\/ul>\n<\/div>\n\n\n\n<div class=\"wp-block-group gutenify-section-57320c70-5a2d-11ee-a059-abb4cf543110 is-vertical is-content-justification-center is-layout-flex wp-container-core-group-is-layout-e3b8819e wp-block-group-is-layout-flex\">\n<h2 class=\"wp-block-heading gutenify-section-fddd2d90-3b4f-11ee-81ad-71286be59745\">\ud83d\udcde T\u00e9l\u00e9phonons-nous !<\/h2>\n\n\n\n<p class=\"gutenify-section-fddd7bb0-3b4f-11ee-81ad-71286be59745 has-medium-font-size\"><a href=\"tel:+33768918884\">02 21 827 827<\/a><\/p>\n<\/div>\n<\/div>\n\n\n\n<div style=\"height:32px\" aria-hidden=\"true\" class=\"wp-block-spacer gutenify-section-0d40b130-3b50-11ee-81ad-71286be59745\"><\/div>\n\n\n\n<h2 class=\"wp-block-heading gutenify-section-fdddc9d0-3b4f-11ee-81ad-71286be59745\" id=\"via-formulaire\">\u2709\ufe0f Envoyez-moi un message<\/h2>\n\n\n<div class=\"wpforms-container wpforms-block wpforms-block-650ad252-a87c-4f29-a9b1-02a2f1b4da19 wpforms-render-modern\" id=\"wpforms-738\"><form id=\"wpforms-form-738\" class=\"wpforms-validate wpforms-form\" data-formid=\"738\" method=\"post\" enctype=\"multipart\/form-data\" action=\"\/en\/wp-json\/wp\/v2\/pages\/1538\" data-token=\"794e23ffe717ea531e02c7730aca4283\" data-token-time=\"1776366853\"><noscript class=\"wpforms-error-noscript\">Please enable JavaScript in your browser to complete this form.<\/noscript><div id=\"wpforms-error-noscript\" style=\"display: none;\">Please enable JavaScript in your browser to complete this form.<\/div><div class=\"wpforms-field-container\"><div id=\"wpforms-738-field_5-container\" class=\"wpforms-field wpforms-field-name\" data-field-id=\"5\"><fieldset><legend class=\"wpforms-field-label\">Votre nom <span class=\"wpforms-required-label\" aria-hidden=\"true\">*<\/span><\/legend><div class=\"wpforms-field-row wpforms-field-medium\"><div class=\"wpforms-field-row-block wpforms-first wpforms-one-half\"><input type=\"text\" id=\"wpforms-738-field_5\" class=\"wpforms-field-name-first wpforms-field-required\" name=\"wpforms[fields][5][first]\" aria-errormessage=\"wpforms-738-field_5-error\" required><label for=\"wpforms-738-field_5\" class=\"wpforms-field-sublabel after\">First<\/label><\/div><div class=\"wpforms-field-row-block wpforms-one-half\"><input type=\"text\" id=\"wpforms-738-field_5-last\" class=\"wpforms-field-name-last wpforms-field-required\" name=\"wpforms[fields][5][last]\" aria-errormessage=\"wpforms-738-field_5-last-error\" required><label for=\"wpforms-738-field_5-last\" class=\"wpforms-field-sublabel after\">Last<\/label><\/div><\/div><\/fieldset><\/div><div id=\"wpforms-738-field_0-container\" class=\"wpforms-field wpforms-field-name\" data-field-id=\"0\"><label class=\"wpforms-field-label\" for=\"wpforms-738-field_0\">Votre soci\u00e9t\u00e9<\/label><input type=\"text\" id=\"wpforms-738-field_0\" class=\"wpforms-field-medium\" name=\"wpforms[fields][0]\" placeholder=\"Optionnel\" aria-errormessage=\"wpforms-738-field_0-error\" ><\/div><div id=\"wpforms-738-field_1-container\" class=\"wpforms-field wpforms-field-email\" data-field-id=\"1\"><label class=\"wpforms-field-label\" for=\"wpforms-738-field_1\">Votre adresse email <span class=\"wpforms-required-label\" aria-hidden=\"true\">*<\/span><\/label><input type=\"email\" id=\"wpforms-738-field_1\" class=\"wpforms-field-large wpforms-field-required\" name=\"wpforms[fields][1]\" placeholder=\"you@domain.tld\" spellcheck=\"false\" aria-errormessage=\"wpforms-738-field_1-error\" aria-describedby=\"wpforms-738-field_1-description\" required><div id=\"wpforms-738-field_1-description\" class=\"wpforms-field-description\">Je vais d\u00e9terminer votre personnalit\u00e9 en fonction de votre fournisseur de mails, mais quoi qu&rsquo;il arrive, vous resterez dans mon c\u0153ur.<\/div><\/div><div id=\"wpforms-738-field_4-container\" class=\"wpforms-field wpforms-field-text\" data-field-id=\"4\"><label class=\"wpforms-field-label\" for=\"wpforms-738-field_4\">T\u00e9l\u00e9phone <span class=\"wpforms-required-label\" aria-hidden=\"true\">*<\/span><\/label><input type=\"text\" id=\"wpforms-738-field_4\" class=\"wpforms-field-large wpforms-field-required\" name=\"wpforms[fields][4]\" placeholder=\"Optionnel\" aria-errormessage=\"wpforms-738-field_4-error\" required><\/div><div id=\"wpforms-738-field_2-container\" class=\"wpforms-field wpforms-field-textarea\" data-field-id=\"2\"><label class=\"wpforms-field-label\" for=\"wpforms-738-field_2\">Votre plus beau message pour Robin <span class=\"wpforms-required-label\" aria-hidden=\"true\">*<\/span><\/label><textarea id=\"wpforms-738-field_2\" class=\"wpforms-field-large wpforms-field-required\" name=\"wpforms[fields][2]\" aria-errormessage=\"wpforms-738-field_2-error\" required><\/textarea><\/div><\/div><!-- .wpforms-field-container --><div class=\"wpforms-field wpforms-field-hp\"><label for=\"wpforms-738-field-hp\" class=\"wpforms-field-label\">Website<\/label><input type=\"text\" name=\"wpforms[hp]\" id=\"wpforms-738-field-hp\" class=\"wpforms-field-medium\"><\/div><div class=\"wpforms-recaptcha-container wpforms-is-hcaptcha\" ><div class=\"h-captcha\" data-sitekey=\"3492c9f1-0c22-469b-a2c9-eeb939eae751\"><\/div><input type=\"text\" name=\"g-recaptcha-hidden\" class=\"wpforms-recaptcha-hidden\" style=\"position:absolute!important;clip:rect(0,0,0,0)!important;height:1px!important;width:1px!important;border:0!important;overflow:hidden!important;padding:0!important;margin:0!important;\" data-rule-hcaptcha=\"1\"><\/div><div class=\"wpforms-submit-container\" ><input type=\"hidden\" name=\"wpforms[id]\" value=\"738\"><input type=\"hidden\" name=\"page_title\" value=\"\"><input type=\"hidden\" name=\"page_url\" value=\"https:\/\/www.lrob.fr\/en\/wp-json\/wp\/v2\/pages\/1538\"><input type=\"hidden\" name=\"url_referer\" value=\"\"><button type=\"submit\" name=\"wpforms[submit]\" id=\"wpforms-submit-738\" class=\"wpforms-submit\" data-alt-text=\"Envoi...\" data-submit-text=\"Envoyer\" aria-live=\"assertive\" value=\"wpforms-submit\">Envoyer<\/button><\/div><\/form><\/div>  <!-- .wpforms-container -->\n\n\n<hr class=\"wp-block-separator has-alpha-channel-opacity gutenify-section-a3e276e0-5a2d-11ee-a059-abb4cf543110\"\/>\n\n\n\n<div class=\"wp-block-group gutenify-section-6458b920-2afe-11ee-824a-09b5b0ec90fe has-border-color has-link-color wp-elements-ed2005415b29c193eb13f95a780db88b has-global-padding is-layout-constrained wp-container-core-group-is-layout-cad45716 wp-block-group-is-layout-constrained\" style=\"border-color:#ffffff40;border-width:1px;padding-top:var(--wp--preset--spacing--30);padding-right:var(--wp--preset--spacing--30);padding-bottom:var(--wp--preset--spacing--30);padding-left:var(--wp--preset--spacing--30)\">\n<h2 class=\"wp-block-heading has-text-align-center gutenify-section-64464290-2afe-11ee-824a-09b5b0ec90fe\"><strong>Qui est LRob ?<\/strong><\/h2>\n\n\n\n<div class=\"wp-block-columns is-layout-flex wp-container-core-columns-is-layout-4ef45bde wp-block-columns-is-layout-flex\" style=\"padding-top:0;padding-right:0;padding-bottom:0;padding-left:0\">\n<div class=\"wp-block-column is-vertically-aligned-center is-layout-flow wp-container-core-column-is-layout-b108c007 wp-block-column-is-layout-flow\" style=\"padding-right:0;padding-left:0;flex-basis:33.33%\">\n<figure class=\"wp-block-image aligncenter size-full has-custom-border gutenify-section-64500690-2afe-11ee-824a-09b5b0ec90fe is-style-rounded\"><img loading=\"lazy\" decoding=\"async\" width=\"800\" height=\"800\" src=\"https:\/\/www.lrob.fr\/wp-content\/uploads\/2025\/08\/lrob-keyboard-typing.webp\" alt=\"\" class=\"wp-image-8229\" style=\"border-radius:50%;aspect-ratio:1;object-fit:cover\" srcset=\"https:\/\/www.lrob.fr\/wp-content\/uploads\/2025\/08\/lrob-keyboard-typing.webp 800w, https:\/\/www.lrob.fr\/wp-content\/uploads\/2025\/08\/lrob-keyboard-typing-300x300.webp 300w, https:\/\/www.lrob.fr\/wp-content\/uploads\/2025\/08\/lrob-keyboard-typing-150x150.webp 150w\" sizes=\"auto, (max-width: 800px) 100vw, 800px\" \/><\/figure>\n<\/div>\n\n\n\n<div class=\"wp-block-column is-vertically-aligned-center is-layout-flow wp-container-core-column-is-layout-4be21c35 wp-block-column-is-layout-flow\" style=\"padding-top:0;padding-right:0;padding-bottom:0;padding-left:0;flex-basis:66.66%\">\n<p>LRob est un h\u00e9bergeur web fond\u00e9 par <strong>Robin Labadie<\/strong>, , bas\u00e9 \u00e0 Orl\u00e9ans.<\/p>\n\n\n\n<p class=\"has-text-align-left gutenify-section-644a1320-2afe-11ee-824a-09b5b0ec90fe\">Administrateur syst\u00e8me sp\u00e9cialiste en h\u00e9bergement web depuis pr\u00e8s de 15 ans, j&rsquo;h\u00e9berge et accompagne vos projets et sites web en mettant un accent sans concession sur la s\u00e9curit\u00e9 et les performances. \ud83d\ude80<\/p>\n<\/div>\n<\/div>\n\n\n\n<div class=\"wp-block-group gutenify-section-6456e460-2afe-11ee-824a-09b5b0ec90fe is-layout-flow wp-block-group-is-layout-flow\" style=\"padding-right:0;padding-left:0\">\n<div class=\"wp-block-buttons gutenify-section-6453fe30-2afe-11ee-824a-09b5b0ec90fe is-content-justification-center is-layout-flex wp-container-core-buttons-is-layout-a89b3969 wp-block-buttons-is-layout-flex\">\n<div class=\"wp-block-button is-style-fill gutenify-section-64522970-2afe-11ee-824a-09b5b0ec90fe\"><a class=\"wp-block-button__link has-background-color has-text-color wp-element-button\" href=\"\/contact\/\"><strong>Contactez-moi<\/strong><\/a><\/div>\n<\/div>\n<\/div>\n<\/div>\n","protected":false},"excerpt":{"rendered":"<p>\ud83e\udd1d Let's connect on Linkedin! \ud83d\udcde Call me! 02 21 827 827 \u2709\ufe0f Send me a message<\/p>","protected":false},"author":1,"featured_media":1172,"parent":0,"menu_order":0,"comment_status":"closed","ping_status":"closed","template":"","meta":{"footnotes":""},"class_list":["post-1538","page","type-page","status-publish","has-post-thumbnail","hentry"],"_links":{"self":[{"href":"https:\/\/www.lrob.fr\/en\/wp-json\/wp\/v2\/pages\/1538","targetHints":{"allow":["GET"]}}],"collection":[{"href":"https:\/\/www.lrob.fr\/en\/wp-json\/wp\/v2\/pages"}],"about":[{"href":"https:\/\/www.lrob.fr\/en\/wp-json\/wp\/v2\/types\/page"}],"author":[{"embeddable":true,"href":"https:\/\/www.lrob.fr\/en\/wp-json\/wp\/v2\/users\/1"}],"replies":[{"embeddable":true,"href":"https:\/\/www.lrob.fr\/en\/wp-json\/wp\/v2\/comments?post=1538"}],"version-history":[{"count":11,"href":"https:\/\/www.lrob.fr\/en\/wp-json\/wp\/v2\/pages\/1538\/revisions"}],"predecessor-version":[{"id":8684,"href":"https:\/\/www.lrob.fr\/en\/wp-json\/wp\/v2\/pages\/1538\/revisions\/8684"}],"wp:featuredmedia":[{"embeddable":true,"href":"https:\/\/www.lrob.fr\/en\/wp-json\/wp\/v2\/media\/1172"}],"wp:attachment":[{"href":"https:\/\/www.lrob.fr\/en\/wp-json\/wp\/v2\/media?parent=1538"}],"curies":[{"name":"wp","href":"https:\/\/api.w.org\/{rel}","templated":true}]}}