{"id":1514,"date":"2022-06-15T10:17:16","date_gmt":"2022-06-15T09:17:16","guid":{"rendered":"https:\/\/lrob.fr\/?page_id=1514"},"modified":"2025-05-16T18:39:33","modified_gmt":"2025-05-16T16:39:33","slug":"deontology","status":"publish","type":"page","link":"https:\/\/www.lrob.fr\/en\/deontologie\/","title":{"rendered":"Technical deontology for WordPress websites"},"content":{"rendered":"<div style=\"height:32px\" aria-hidden=\"true\" class=\"wp-block-spacer gutenify-section-492174d0-3571-11ee-972c-1b981204484a\"><\/div>\n\n\n\n<p class=\"gutenify-section-4921ea00-3571-11ee-972c-1b981204484a\">WordPress has thousands of themes and plugins, so there are millions of ways to use it to shape a website. One of my roles as a web designer and project manager is to choose the best practices for you.<\/p>\n\n\n\n<p class=\"gutenify-section-49225f30-3571-11ee-972c-1b981204484a\">With over 10 years' experience in WordPress creation, helping web agencies in particular, and a never-ending curiosity, I've pushed the boundaries and established my own golden rules.<\/p>\n\n\n\n<h2 class=\"wp-block-heading gutenify-section-4922d460-3571-11ee-972c-1b981204484a\">My 10 golden rules for WordPress site design<\/h2>\n\n\n\n<div class=\"wp-block-media-text alignwide is-stacked-on-mobile gutenify-section-4928a0c0-3571-11ee-972c-1b981204484a\" style=\"grid-template-columns:25% auto\"><figure class=\"wp-block-media-text__media\"><img loading=\"lazy\" decoding=\"async\" width=\"1021\" height=\"1024\" src=\"https:\/\/www.lrob.fr\/wp-content\/uploads\/2022\/06\/robv1-transparent-1021x1024.png\" alt=\"\" class=\"wp-image-1306 size-large\" srcset=\"https:\/\/www.lrob.fr\/wp-content\/uploads\/2022\/06\/robv1-transparent-1021x1024.png 1021w, https:\/\/www.lrob.fr\/wp-content\/uploads\/2022\/06\/robv1-transparent-150x150.png 150w, https:\/\/www.lrob.fr\/wp-content\/uploads\/2022\/06\/robv1-transparent-300x300.png 300w, https:\/\/www.lrob.fr\/wp-content\/uploads\/2022\/06\/robv1-transparent.png 1484w\" sizes=\"auto, (max-width: 1021px) 100vw, 1021px\" \/><\/figure><div class=\"wp-block-media-text__content\">\n<ol class=\"wp-block-list gutenify-section-492852a0-3571-11ee-972c-1b981204484a\">\n<li class=\"gutenify-section-49232280-3571-11ee-972c-1b981204484a\">\"Less is more. Each site should be as simple as possible in its technical design, so as to increase its reliability, durability, editing and redesign. Essential scripts and plug-ins that are difficult to replace should be chosen to ensure long-term support.<\/li>\n\n\n\n<li class=\"gutenify-section-492397b0-3571-11ee-972c-1b981204484a\">\"Security. All sites are created in HTTPS to ensure the security of site editors, visitors and SEO. In addition, every effort is made to avoid loading external resources, thus complying with the RGPD while protecting visitors' privacy. Extensions are also chosen for their security and responsiveness to potential vulnerabilities.<\/li>\n\n\n\n<li class=\"gutenify-section-4923e5d0-3571-11ee-972c-1b981204484a\">\"No Builder. Nor any other tool that runs counter to the native operation of WordPress, slows down its operation and undermines its reliability and eco-responsibility should be used if it is not absolutely essential for the intended purpose.<\/li>\n\n\n\n<li class=\"gutenify-section-492433f0-3571-11ee-972c-1b981204484a\">\"Top of the notch. Web hosting must offer the latest versions of PHP (WordPress is coded in PHP and interpreted by PHP) and offer anti-bruteforce, application firewall and server-level security rules specific to WordPress.<\/li>\n\n\n\n<li class=\"gutenify-section-49248210-3571-11ee-972c-1b981204484a\">\"Durable. Installed scripts must be frequently maintained by their developers, to avoid security breaches and ensure compatibility with future versions of WordPress and PHP.<\/li>\n\n\n\n<li class=\"gutenify-section-4924a920-3571-11ee-972c-1b981204484a\">\"Fast. The site must load quickly. Installed scripts must have the lowest possible impact on performance, both on the server and visitor side; caching plugins are not the solution to a slow site: this must be managed at source, right from the choice of theme and plugins. The performance impact of each script is measured throughout the creation of the site.<\/li>\n\n\n\n<li class=\"gutenify-section-49251e50-3571-11ee-972c-1b981204484a\">\"Free\". The use of paid plugins found only outside wordpress.org and not supporting automatic updates should be avoided wherever possible.<\/li>\n\n\n\n<li class=\"gutenify-section-49276840-3571-11ee-972c-1b981204484a\">Every message sent and every account created must include an anti-robot system to prevent the site from being a vector for spam. Other anti-robot protections, directly on the server and not via plug-ins, are essential for a correct level of security.<\/li>\n\n\n\n<li class=\"gutenify-section-49278f50-3571-11ee-972c-1b981204484a\">All e-mail sent by the site must be sent via an SMTP connection authenticated by the domain's e-mail service provider.<\/li>\n\n\n\n<li class=\"gutenify-section-49280480-3571-11ee-972c-1b981204484a\">The end customer needs to own his domain name, his site and his files, and be able to back them up or change host whenever he wants.<\/li>\n<\/ol>\n<\/div><\/div>\n\n\n\n<div class=\"wp-block-cover alignfull gutenify-section-492b5fe0-3571-11ee-972c-1b981204484a\" style=\"min-height:500px;aspect-ratio:unset;\"><img loading=\"lazy\" decoding=\"async\" width=\"2560\" height=\"1707\" class=\"wp-block-cover__image-background wp-image-1426\" alt=\"\" src=\"https:\/\/www.lrob.fr\/wp-content\/uploads\/2022\/06\/keyboard-bg-scaled.jpg\" style=\"object-position:52% 71%\" data-object-fit=\"cover\" data-object-position=\"52% 71%\" srcset=\"https:\/\/www.lrob.fr\/wp-content\/uploads\/2022\/06\/keyboard-bg-scaled.jpg 2560w, https:\/\/www.lrob.fr\/wp-content\/uploads\/2022\/06\/keyboard-bg-2048x1365.jpg 2048w, https:\/\/www.lrob.fr\/wp-content\/uploads\/2022\/06\/keyboard-bg-150x100.jpg 150w, https:\/\/www.lrob.fr\/wp-content\/uploads\/2022\/06\/keyboard-bg-300x200.jpg 300w, https:\/\/www.lrob.fr\/wp-content\/uploads\/2022\/06\/keyboard-bg-1024x683.jpg 1024w, https:\/\/www.lrob.fr\/wp-content\/uploads\/2022\/06\/keyboard-bg-1536x1024.jpg 1536w\" sizes=\"auto, (max-width: 2560px) 100vw, 2560px\" \/><span aria-hidden=\"true\" class=\"wp-block-cover__background has-black-background-color has-background-dim\"><\/span><div class=\"wp-block-cover__inner-container is-layout-flow wp-block-cover-is-layout-flow\">\n<p class=\"has-text-align-center gutenify-section-4929b230-3571-11ee-972c-1b981204484a has-white-color has-text-color has-large-font-size\"><strong>The webmastering policy that respects you<\/strong>e<\/p>\n\n\n\n<div class=\"wp-block-group gutenify-section-492ac3a0-3571-11ee-972c-1b981204484a is-vertical is-content-justification-center is-layout-flex wp-container-core-group-is-layout-0e868306 wp-block-group-is-layout-flex\">\n<p class=\"has-text-align-center gutenify-section-4929d940-3571-11ee-972c-1b981204484a has-white-color has-text-color\">\u2611 <strong>Own your own domain<\/strong> - Stay free by registering your domain name directly.<\/p>\n\n\n\n<p class=\"gutenify-section-492a0050-3571-11ee-972c-1b981204484a has-light-color has-text-color\">\u2611 <strong>Own your data<\/strong> - Access your hosting and retrieve an archive of your data on request.<\/p>\n\n\n\n<p class=\"has-text-align-center gutenify-section-492a4e70-3571-11ee-972c-1b981204484a has-white-color has-text-color\">\u2611 <strong>Need to make a change to your site?<\/strong> - Don't worry, it's included up to 4x per month with my <a href=\"\/en\/services\/wordpress-webmastering\/\">webmastering service<\/a> !<\/p>\n\n\n\n<p class=\"has-text-align-center gutenify-section-492a9c90-3571-11ee-972c-1b981204484a has-white-color has-text-color\">\u2611 <strong>Administrator access<\/strong> - Get full administrator access to modify your site directly.<\/p>\n<\/div>\n<\/div><\/div>\n\n\n\n<div style=\"height:100px\" aria-hidden=\"true\" class=\"wp-block-spacer gutenify-section-35d0f170-3a04-11ee-9e9c-2debbf50b7b9\"><\/div>\n\n\n\n<h3 class=\"wp-block-heading has-text-align-center gutenify-section-492b86f0-3571-11ee-972c-1b981204484a\">Maintenance<\/h3>\n\n\n\n<p class=\"gutenify-section-492bd510-3571-11ee-972c-1b981204484a\">WordPress site maintenance is included via my webmastering service, please consult the <a href=\"\/en\/services\/wordpress-webmastering\/\">special page<\/a>.<\/p>\n\n\n\n<hr class=\"wp-block-separator has-alpha-channel-opacity is-style-wide gutenify-section-492bfc20-3571-11ee-972c-1b981204484a is-style-wide--1\"\/>\n\n\n\n<div class=\"wp-block-group gutenify-section-3fec1220-3a04-11ee-9e9c-2debbf50b7b9 is-vertical is-content-justification-center is-layout-flex wp-container-core-group-is-layout-ce155fab wp-block-group-is-layout-flex\">\n<h3 class=\"wp-block-heading has-text-align-center gutenify-section-29975d90-3a04-11ee-9e9c-2debbf50b7b9\">See also<\/h3>\n\n\n\n<figure class=\"wp-block-embed is-type-wp-embed is-provider-lrob wp-block-embed-lrob gutenify-section-b05604b0-35c9-11ee-972c-1b981204484a\"><div class=\"wp-block-embed__wrapper\">\n<blockquote class=\"wp-embedded-content\" data-secret=\"aXNXFLkbWD\"><a href=\"https:\/\/www.lrob.fr\/en\/blog\/builders-wordpress-la-face-cachee\/\">Should we still be using WordPress builders in 2025?<\/a><\/blockquote><iframe loading=\"lazy\" class=\"wp-embedded-content\" sandbox=\"allow-scripts\" security=\"restricted\" style=\"position: absolute; visibility: hidden;\" title=\"&quot;Should we still be using WordPress builders in 2025?&quot; - LRob\" src=\"https:\/\/www.lrob.fr\/blog\/builders-wordpress-la-face-cachee\/embed\/#?secret=LfELvWQJgg#?secret=aXNXFLkbWD\" data-secret=\"aXNXFLkbWD\" width=\"500\" height=\"282\" frameborder=\"0\" marginwidth=\"0\" marginheight=\"0\" scrolling=\"no\"><\/iframe>\n<\/div><\/figure>\n\n\n\n<div style=\"height:0px\" aria-hidden=\"true\" class=\"wp-block-spacer gutenify-section-720ed940-3a04-11ee-9e9c-2debbf50b7b9 wp-container-content-6388d5dc\"><\/div>\n<\/div>\n\n\n\n<p class=\"has-text-align-center gutenify-section-49309000-3571-11ee-972c-1b981204484a is-style-text-display is-style-text-display--2\">Ready to get started?<\/p>\n\n\n\n<div class=\"wp-block-buttons gutenify-section-e7c59040-37a5-11ee-befa-7dd7006cd9bf is-content-justification-center is-layout-flex wp-container-core-buttons-is-layout-3bc9e530 wp-block-buttons-is-layout-flex\" style=\"margin-top:var(--wp--preset--spacing--20);margin-bottom:var(--wp--preset--spacing--20)\">\n<div class=\"wp-block-button is-style-custombuttonfill2 gutenify-section-e7c34650-37a5-11ee-befa-7dd7006cd9bf has-secondary-font-family\"><a class=\"wp-block-button__link has-accent-2-background-color has-background wp-element-button\" href=\"\/en\/contact\/\" style=\"box-shadow:var(--wp--preset--shadow--deep)\"><strong>Contact<\/strong><\/a><\/div>\n<\/div>","protected":false},"excerpt":{"rendered":"<p>WordPress comporte des milliers de th\u00e8mes et plugins, il existe donc des millions de mani\u00e8res de l&rsquo;utiliser pour fa\u00e7onner un site web. L&rsquo;un de mes r\u00f4les de concepteur et chef de projet web est de choisir les meilleures pratiques pour vous. Avec plus de 10 ans d&rsquo;exp\u00e9rience en cr\u00e9ation WordPress, aidant notamment les agences web [&hellip;]<\/p>\n","protected":false},"author":1,"featured_media":1260,"parent":0,"menu_order":0,"comment_status":"closed","ping_status":"closed","template":"","meta":{"footnotes":""},"class_list":["post-1514","page","type-page","status-publish","has-post-thumbnail","hentry"],"_links":{"self":[{"href":"https:\/\/www.lrob.fr\/en\/wp-json\/wp\/v2\/pages\/1514","targetHints":{"allow":["GET"]}}],"collection":[{"href":"https:\/\/www.lrob.fr\/en\/wp-json\/wp\/v2\/pages"}],"about":[{"href":"https:\/\/www.lrob.fr\/en\/wp-json\/wp\/v2\/types\/page"}],"author":[{"embeddable":true,"href":"https:\/\/www.lrob.fr\/en\/wp-json\/wp\/v2\/users\/1"}],"replies":[{"embeddable":true,"href":"https:\/\/www.lrob.fr\/en\/wp-json\/wp\/v2\/comments?post=1514"}],"version-history":[{"count":20,"href":"https:\/\/www.lrob.fr\/en\/wp-json\/wp\/v2\/pages\/1514\/revisions"}],"predecessor-version":[{"id":7313,"href":"https:\/\/www.lrob.fr\/en\/wp-json\/wp\/v2\/pages\/1514\/revisions\/7313"}],"wp:featuredmedia":[{"embeddable":true,"href":"https:\/\/www.lrob.fr\/en\/wp-json\/wp\/v2\/media\/1260"}],"wp:attachment":[{"href":"https:\/\/www.lrob.fr\/en\/wp-json\/wp\/v2\/media?parent=1514"}],"curies":[{"name":"wp","href":"https:\/\/api.w.org\/{rel}","templated":true}]}}