{"id":1255,"date":"2022-06-09T20:06:23","date_gmt":"2022-06-09T19:06:23","guid":{"rendered":"https:\/\/lrob.fr\/?page_id=1255"},"modified":"2025-08-14T15:11:51","modified_gmt":"2025-08-14T13:11:51","slug":"services","status":"publish","type":"page","link":"https:\/\/www.lrob.fr\/en\/services\/","title":{"rendered":"Additional Services"},"content":{"rendered":"<h2 class=\"wp-block-heading has-text-align-center is-style-asterisk is-style-default\">Browse the list of services<\/h2>\n\n\n\n<div class=\"wp-block-query alignwide is-layout-flow wp-block-query-is-layout-flow\">\n<div class=\"wp-block-group is-layout-flow wp-block-group-is-layout-flow\" style=\"padding-top:var(--wp--preset--spacing--50);padding-bottom:var(--wp--preset--spacing--50)\"><ul class=\"columns-3 wp-block-post-template is-layout-grid wp-container-core-post-template-is-layout-77737926 wp-block-post-template-is-layout-grid\"><li class=\"wp-block-post post-1907 page type-page status-publish has-post-thumbnail hentry\">\n<h3 class=\"has-text-align-center wp-block-post-title\"><a href=\"https:\/\/www.lrob.fr\/en\/services\/consulting-audit-wordpress\/\" target=\"_self\" >WordPress security audit<\/a><\/h3>\n\n<figure style=\"aspect-ratio:16\/9;\" class=\"wp-block-post-featured-image\"><a href=\"https:\/\/www.lrob.fr\/en\/services\/consulting-audit-wordpress\/\" target=\"_self\"  ><img loading=\"lazy\" decoding=\"async\" width=\"1032\" height=\"774\" src=\"https:\/\/www.lrob.fr\/wp-content\/uploads\/2022\/10\/wp-black-wood-art.jpg\" class=\"attachment-post-thumbnail size-post-thumbnail wp-post-image\" alt=\"WordPress security audit\" style=\"width:100%;height:100%;object-fit:cover;\" srcset=\"https:\/\/www.lrob.fr\/wp-content\/uploads\/2022\/10\/wp-black-wood-art.jpg 1032w, https:\/\/www.lrob.fr\/wp-content\/uploads\/2022\/10\/wp-black-wood-art-150x113.jpg 150w, https:\/\/www.lrob.fr\/wp-content\/uploads\/2022\/10\/wp-black-wood-art-300x225.jpg 300w, https:\/\/www.lrob.fr\/wp-content\/uploads\/2022\/10\/wp-black-wood-art-1024x768.jpg 1024w\" sizes=\"auto, (max-width: 1032px) 100vw, 1032px\" \/><\/a><\/figure>\n<\/li><li class=\"wp-block-post post-1164 page type-page status-publish has-post-thumbnail hentry\">\n<h3 class=\"has-text-align-center wp-block-post-title\"><a href=\"https:\/\/www.lrob.fr\/en\/services\/creer-mon-site\/\" target=\"_self\" >Custom WordPress website design<\/a><\/h3>\n\n<figure style=\"aspect-ratio:16\/9;\" class=\"wp-block-post-featured-image\"><a href=\"https:\/\/www.lrob.fr\/en\/services\/creer-mon-site\/\" target=\"_self\"  ><img loading=\"lazy\" decoding=\"async\" width=\"2560\" height=\"1463\" src=\"https:\/\/www.lrob.fr\/wp-content\/uploads\/2024\/08\/lrob-cosmic-bg-2024_smooth-scaled.jpg\" class=\"attachment-post-thumbnail size-post-thumbnail wp-post-image\" alt=\"Custom WordPress website design\" style=\"width:100%;height:100%;object-fit:cover;\" srcset=\"https:\/\/www.lrob.fr\/wp-content\/uploads\/2024\/08\/lrob-cosmic-bg-2024_smooth-scaled.jpg 2560w, https:\/\/www.lrob.fr\/wp-content\/uploads\/2024\/08\/lrob-cosmic-bg-2024_smooth-150x86.jpg 150w, https:\/\/www.lrob.fr\/wp-content\/uploads\/2024\/08\/lrob-cosmic-bg-2024_smooth-300x171.jpg 300w, https:\/\/www.lrob.fr\/wp-content\/uploads\/2024\/08\/lrob-cosmic-bg-2024_smooth-1024x585.jpg 1024w, https:\/\/www.lrob.fr\/wp-content\/uploads\/2024\/08\/lrob-cosmic-bg-2024_smooth-1536x878.jpg 1536w, https:\/\/www.lrob.fr\/wp-content\/uploads\/2024\/08\/lrob-cosmic-bg-2024_smooth-2048x1170.jpg 2048w\" sizes=\"auto, (max-width: 2560px) 100vw, 2560px\" \/><\/a><\/figure>\n<\/li><li class=\"wp-block-post post-8326 page type-page status-publish has-post-thumbnail hentry\">\n<h3 class=\"has-text-align-center wp-block-post-title\"><a href=\"https:\/\/www.lrob.fr\/en\/services\/infogerance-serveur-web-plesk\/\" target=\"_self\" >Plesk web server outsourcing<\/a><\/h3>\n\n<figure style=\"aspect-ratio:16\/9;\" class=\"wp-block-post-featured-image\"><a href=\"https:\/\/www.lrob.fr\/en\/services\/infogerance-serveur-web-plesk\/\" target=\"_self\"  ><img loading=\"lazy\" decoding=\"async\" width=\"696\" height=\"376\" src=\"https:\/\/www.lrob.fr\/wp-content\/uploads\/2021\/11\/sm_plesky_adventurebuildsecurerun.png\" class=\"attachment-post-thumbnail size-post-thumbnail wp-post-image\" alt=\"Plesk web server outsourcing\" style=\"width:100%;height:100%;object-fit:cover;\" srcset=\"https:\/\/www.lrob.fr\/wp-content\/uploads\/2021\/11\/sm_plesky_adventurebuildsecurerun.png 696w, https:\/\/www.lrob.fr\/wp-content\/uploads\/2021\/11\/sm_plesky_adventurebuildsecurerun-150x81.png 150w, https:\/\/www.lrob.fr\/wp-content\/uploads\/2021\/11\/sm_plesky_adventurebuildsecurerun-300x162.png 300w\" sizes=\"auto, (max-width: 696px) 100vw, 696px\" \/><\/a><\/figure>\n<\/li><li class=\"wp-block-post post-1523 page type-page status-publish has-post-thumbnail hentry\">\n<h3 class=\"has-text-align-center wp-block-post-title\"><a href=\"https:\/\/www.lrob.fr\/en\/services\/passez-votre-site-wordpress-a-https\/\" target=\"_self\" >Upgrade your WordPress site to HTTPS<\/a><\/h3>\n\n<figure style=\"aspect-ratio:16\/9;\" class=\"wp-block-post-featured-image\"><a href=\"https:\/\/www.lrob.fr\/en\/services\/passez-votre-site-wordpress-a-https\/\" target=\"_self\"  ><img loading=\"lazy\" decoding=\"async\" width=\"600\" height=\"400\" src=\"https:\/\/www.lrob.fr\/wp-content\/uploads\/2022\/06\/https-secure.jpg\" class=\"attachment-post-thumbnail size-post-thumbnail wp-post-image\" alt=\"Upgrade your WordPress site to HTTPS\" style=\"width:100%;height:100%;object-fit:cover;\" srcset=\"https:\/\/www.lrob.fr\/wp-content\/uploads\/2022\/06\/https-secure.jpg 600w, https:\/\/www.lrob.fr\/wp-content\/uploads\/2022\/06\/https-secure-150x100.jpg 150w, https:\/\/www.lrob.fr\/wp-content\/uploads\/2022\/06\/https-secure-300x200.jpg 300w\" sizes=\"auto, (max-width: 600px) 100vw, 600px\" \/><\/a><\/figure>\n<\/li><li class=\"wp-block-post post-8208 page type-page status-publish has-post-thumbnail hentry\">\n<h3 class=\"has-text-align-center wp-block-post-title\"><a href=\"https:\/\/www.lrob.fr\/en\/services\/site-wordpress-en-panne-reparation-rapide-debugging-avec-lrob\/\" target=\"_self\" >WordPress site down? Fast repair &amp; debugging with LRob<\/a><\/h3>\n\n<figure style=\"aspect-ratio:16\/9;\" class=\"wp-block-post-featured-image\"><a href=\"https:\/\/www.lrob.fr\/en\/services\/site-wordpress-en-panne-reparation-rapide-debugging-avec-lrob\/\" target=\"_self\"  ><img loading=\"lazy\" decoding=\"async\" width=\"1536\" height=\"1024\" src=\"https:\/\/www.lrob.fr\/wp-content\/uploads\/2025\/04\/wordpress-auto-updates.jpg\" class=\"attachment-post-thumbnail size-post-thumbnail wp-post-image\" alt=\"WordPress site down? Fast repair &amp; debugging with LRob\" style=\"width:100%;height:100%;object-fit:cover;\" srcset=\"https:\/\/www.lrob.fr\/wp-content\/uploads\/2025\/04\/wordpress-auto-updates.jpg 1536w, https:\/\/www.lrob.fr\/wp-content\/uploads\/2025\/04\/wordpress-auto-updates-300x200.jpg 300w, https:\/\/www.lrob.fr\/wp-content\/uploads\/2025\/04\/wordpress-auto-updates-1024x683.jpg 1024w, https:\/\/www.lrob.fr\/wp-content\/uploads\/2025\/04\/wordpress-auto-updates-150x100.jpg 150w\" sizes=\"auto, (max-width: 1536px) 100vw, 1536px\" \/><\/a><\/figure>\n<\/li><li class=\"wp-block-post post-1528 page type-page status-publish has-post-thumbnail hentry\">\n<h3 class=\"has-text-align-center wp-block-post-title\"><a href=\"https:\/\/www.lrob.fr\/en\/services\/reparation-et-securisation-de-site-wordpress-pirate\/\" target=\"_self\" >Hacked WordPress website: How to repair and secure it?<\/a><\/h3>\n\n<figure style=\"aspect-ratio:16\/9;\" class=\"wp-block-post-featured-image\"><a href=\"https:\/\/www.lrob.fr\/en\/services\/reparation-et-securisation-de-site-wordpress-pirate\/\" target=\"_self\"  ><img loading=\"lazy\" decoding=\"async\" width=\"1680\" height=\"720\" src=\"https:\/\/www.lrob.fr\/wp-content\/uploads\/2023\/10\/wordpress-logo-eye-laptop.jpg\" class=\"attachment-post-thumbnail size-post-thumbnail wp-post-image\" alt=\"Hacked WordPress website: How to repair and secure it?\" style=\"width:100%;height:100%;object-fit:cover;\" srcset=\"https:\/\/www.lrob.fr\/wp-content\/uploads\/2023\/10\/wordpress-logo-eye-laptop.jpg 1680w, https:\/\/www.lrob.fr\/wp-content\/uploads\/2023\/10\/wordpress-logo-eye-laptop-150x64.jpg 150w, https:\/\/www.lrob.fr\/wp-content\/uploads\/2023\/10\/wordpress-logo-eye-laptop-300x129.jpg 300w, https:\/\/www.lrob.fr\/wp-content\/uploads\/2023\/10\/wordpress-logo-eye-laptop-1024x439.jpg 1024w, https:\/\/www.lrob.fr\/wp-content\/uploads\/2023\/10\/wordpress-logo-eye-laptop-1536x658.jpg 1536w\" sizes=\"auto, (max-width: 1680px) 100vw, 1680px\" \/><\/a><\/figure>\n<\/li><li class=\"wp-block-post post-8692 page type-page status-publish has-post-thumbnail hentry\">\n<h3 class=\"has-text-align-center wp-block-post-title\"><a href=\"https:\/\/www.lrob.fr\/en\/services\/vps-docker-manage\/\" target=\"_self\" >Managed Docker VPS<\/a><\/h3>\n\n<figure style=\"aspect-ratio:16\/9;\" class=\"wp-block-post-featured-image\"><a href=\"https:\/\/www.lrob.fr\/en\/services\/vps-docker-manage\/\" target=\"_self\"  ><img loading=\"lazy\" decoding=\"async\" width=\"1024\" height=\"1024\" src=\"https:\/\/www.lrob.fr\/wp-content\/uploads\/2026\/03\/docker-vps.webp\" class=\"attachment-post-thumbnail size-post-thumbnail wp-post-image\" alt=\"Managed Docker VPS\" style=\"width:100%;height:100%;object-fit:cover;\" srcset=\"https:\/\/www.lrob.fr\/wp-content\/uploads\/2026\/03\/docker-vps.webp 1024w, https:\/\/www.lrob.fr\/wp-content\/uploads\/2026\/03\/docker-vps-300x300.webp 300w, https:\/\/www.lrob.fr\/wp-content\/uploads\/2026\/03\/docker-vps-150x150.webp 150w\" sizes=\"auto, (max-width: 1024px) 100vw, 1024px\" \/><\/a><\/figure>\n<\/li><li class=\"wp-block-post post-1283 page type-page status-publish has-post-thumbnail hentry\">\n<h3 class=\"has-text-align-center wp-block-post-title\"><a href=\"https:\/\/www.lrob.fr\/en\/services\/webmastering-wordpress\/\" target=\"_self\" >Webmaster WordPress - The best freelance WordPress specialist<\/a><\/h3>\n\n<figure style=\"aspect-ratio:16\/9;\" class=\"wp-block-post-featured-image\"><a href=\"https:\/\/www.lrob.fr\/en\/services\/webmastering-wordpress\/\" target=\"_self\"  ><img loading=\"lazy\" decoding=\"async\" width=\"1680\" height=\"720\" src=\"https:\/\/www.lrob.fr\/wp-content\/uploads\/2023\/10\/wordpress-vulnerability.jpg\" class=\"attachment-post-thumbnail size-post-thumbnail wp-post-image\" alt=\"Webmaster WordPress - The best freelance WordPress specialist\" style=\"width:100%;height:100%;object-fit:cover;\" srcset=\"https:\/\/www.lrob.fr\/wp-content\/uploads\/2023\/10\/wordpress-vulnerability.jpg 1680w, https:\/\/www.lrob.fr\/wp-content\/uploads\/2023\/10\/wordpress-vulnerability-150x64.jpg 150w, https:\/\/www.lrob.fr\/wp-content\/uploads\/2023\/10\/wordpress-vulnerability-300x129.jpg 300w, https:\/\/www.lrob.fr\/wp-content\/uploads\/2023\/10\/wordpress-vulnerability-1024x439.jpg 1024w, https:\/\/www.lrob.fr\/wp-content\/uploads\/2023\/10\/wordpress-vulnerability-1536x658.jpg 1536w\" sizes=\"auto, (max-width: 1680px) 100vw, 1680px\" \/><\/a><\/figure>\n<\/li><\/ul><\/div>\n<\/div>\n\n\n\n<div style=\"height:32px\" aria-hidden=\"true\" class=\"wp-block-spacer\"><\/div>\n\n\n\n<h2 class=\"wp-block-heading has-text-align-center has-large-font-size\">Additional Services<\/h2>\n\n\n\n<p class=\"has-text-align-center\">In addition to hosting, site creation and WordPress management services, LRob offers other talents. Please contact us for a personalized quote.<\/p>\n\n\n\n<div class=\"wp-block-buttons gutenify-section-e7c59040-37a5-11ee-befa-7dd7006cd9bf is-content-justification-center is-layout-flex wp-container-core-buttons-is-layout-3bc9e530 wp-block-buttons-is-layout-flex\" style=\"margin-top:var(--wp--preset--spacing--20);margin-bottom:var(--wp--preset--spacing--20)\">\n<div class=\"wp-block-button is-style-custombuttonfill2 gutenify-section-e7c34650-37a5-11ee-befa-7dd7006cd9bf has-secondary-font-family\"><a class=\"wp-block-button__link has-accent-2-background-color has-background wp-element-button\" href=\"\/en\/contact\/\" style=\"box-shadow:var(--wp--preset--shadow--deep)\"><strong>Contact<\/strong><\/a><\/div>\n<\/div>\n\n\n\n<hr class=\"wp-block-separator has-css-opacity\"\/>\n\n\n\n<h2 class=\"wp-block-heading has-text-align-center has-large-font-size\">Partner services<\/h2>\n\n\n\n<p class=\"has-text-align-center\">In addition, LRob works with trusted partners to provide you with all the related services you need.<\/p>\n\n\n\n<div class=\"wp-block-group is-vertical is-content-justification-center is-layout-flex wp-container-core-group-is-layout-52b864f0 wp-block-group-is-layout-flex\">\n<p><strong>Photography \/ Video<\/strong><\/p>\n\n\n\n<p>For beautiful real-life images<\/p>\n<\/div>\n\n\n\n<div class=\"wp-block-group is-vertical is-content-justification-center is-layout-flex wp-container-core-group-is-layout-52b864f0 wp-block-group-is-layout-flex\">\n<p><strong>Logos \/ Graphics<\/strong><\/p>\n\n\n\n<p>To create or redesign your logos, to maintain your brand image<\/p>\n<\/div>\n\n\n\n<div class=\"wp-block-group is-vertical is-content-justification-center is-layout-flex wp-container-core-group-is-layout-81423f52 wp-block-group-is-layout-flex\">\n<p><strong>Copywriting<\/strong><\/p>\n\n\n\n<p>Sales hooks to help you stand out from the crowd<\/p>\n<\/div>\n\n\n\n<div class=\"wp-block-group is-vertical is-content-justification-center is-layout-flex wp-container-core-group-is-layout-52b864f0 wp-block-group-is-layout-flex\">\n<p><strong>SEO optimization<\/strong><\/p>\n\n\n\n<p>Your site is easy to find on the Internet<\/p>\n<\/div>\n\n\n\n<div class=\"wp-block-group is-vertical is-content-justification-center is-layout-flex wp-container-core-group-is-layout-52b864f0 wp-block-group-is-layout-flex\">\n<p><strong>Community Management<\/strong><\/p>\n\n\n\n<p>Keep your social networks alive<\/p>\n<\/div>\n\n\n\n<div class=\"wp-block-group is-style-customboxshadow gutenify-section-64784f10-2afe-11ee-824a-09b5b0ec90fe is-style-default has-custom-bleu-clair-l-rob-background-color has-background has-link-color wp-elements-c07a17d1bdd3985ac455dc64fbe9c530 has-global-padding is-layout-constrained wp-container-core-group-is-layout-d89aad35 wp-block-group-is-layout-constrained\" style=\"border-style:none;border-width:0px;border-radius:16px;margin-top:0;margin-bottom:0;padding-top:var(--wp--preset--spacing--50);padding-right:var(--wp--preset--spacing--50);padding-bottom:var(--wp--preset--spacing--50);padding-left:var(--wp--preset--spacing--50);box-shadow:var(--wp--preset--shadow--deep)\">\n<h3 class=\"wp-block-heading has-text-align-center gutenify-section-d73706e0-6136-11ee-8a3f-0f9ad8a9de58 is-style-text-subtitle is-style-text-subtitle--1\">Our partners<\/h3>\n\n\n\n<p class=\"has-text-align-center gutenify-section-4cea3d90-5d3a-11ee-8097-615c973da311 is-style-text-subtitle is-style-text-subtitle--2\">Because performing well means being well surrounded, LRob has selected dynamic and talented partners.<\/p>\n\n\n\n<div class=\"wp-block-group gutenify-section-75d93af0-5d33-11ee-8097-615c973da311 is-style-default has-contrast-color has-text-color is-layout-grid wp-container-core-group-is-layout-2bbe3a0b wp-block-group-is-layout-grid\" style=\"margin-top:0;margin-bottom:0;padding-top:var(--wp--preset--spacing--50);padding-right:var(--wp--preset--spacing--50);padding-bottom:var(--wp--preset--spacing--50);padding-left:var(--wp--preset--spacing--50)\">\n<figure class=\"wp-block-image aligncenter size-full gutenify-section-64723490-2afe-11ee-824a-09b5b0ec90fe\"><a href=\"https:\/\/lumiseo.fr\/\" target=\"_blank\" rel=\"noreferrer noopener\"><img loading=\"lazy\" decoding=\"async\" width=\"2560\" height=\"2560\" src=\"https:\/\/www.lrob.fr\/wp-content\/uploads\/2025\/08\/lumiseo-logo-highres-transparent-crop-scaled.png\" alt=\"\" class=\"wp-image-7916\" style=\"object-fit:cover\" srcset=\"https:\/\/www.lrob.fr\/wp-content\/uploads\/2025\/08\/lumiseo-logo-highres-transparent-crop-scaled.png 2560w, https:\/\/www.lrob.fr\/wp-content\/uploads\/2025\/08\/lumiseo-logo-highres-transparent-crop-300x300.png 300w, https:\/\/www.lrob.fr\/wp-content\/uploads\/2025\/08\/lumiseo-logo-highres-transparent-crop-1024x1024.png 1024w, https:\/\/www.lrob.fr\/wp-content\/uploads\/2025\/08\/lumiseo-logo-highres-transparent-crop-150x150.png 150w, https:\/\/www.lrob.fr\/wp-content\/uploads\/2025\/08\/lumiseo-logo-highres-transparent-crop-1536x1536.png 1536w, https:\/\/www.lrob.fr\/wp-content\/uploads\/2025\/08\/lumiseo-logo-highres-transparent-crop-2048x2048.png 2048w\" sizes=\"auto, (max-width: 2560px) 100vw, 2560px\" \/><\/a><figcaption class=\"wp-element-caption\">Val\u00e9rie Oberfeld<br>SEO Search Engine Optimization<\/figcaption><\/figure>\n\n\n\n<figure class=\"wp-block-image aligncenter size-full gutenify-section-64723490-2afe-11ee-824a-09b5b0ec90fe wp-container-content-69bc4bdf\"><a href=\"https:\/\/numericatous.fr\/\" target=\"_blank\" rel=\"noreferrer noopener\"><img loading=\"lazy\" decoding=\"async\" width=\"600\" height=\"400\" src=\"https:\/\/www.lrob.fr\/wp-content\/uploads\/2025\/08\/cropped-cropped-numericatous_logo-1.png\" alt=\"\" class=\"wp-image-7922\" style=\"aspect-ratio:1;object-fit:cover\" srcset=\"https:\/\/www.lrob.fr\/wp-content\/uploads\/2025\/08\/cropped-cropped-numericatous_logo-1.png 600w, https:\/\/www.lrob.fr\/wp-content\/uploads\/2025\/08\/cropped-cropped-numericatous_logo-1-300x200.png 300w, https:\/\/www.lrob.fr\/wp-content\/uploads\/2025\/08\/cropped-cropped-numericatous_logo-1-150x100.png 150w\" sizes=\"auto, (max-width: 600px) 100vw, 600px\" \/><\/a><figcaption class=\"wp-element-caption\">Patrice Andreani<br>Linux &amp; Free Software Trainer<\/figcaption><\/figure>\n\n\n\n<figure class=\"wp-block-image aligncenter size-medium gutenify-section-64723490-2afe-11ee-824a-09b5b0ec90fe\"><a href=\"https:\/\/alize-graphiste.fr\/\" target=\"_blank\" rel=\"noreferrer noopener\"><img loading=\"lazy\" decoding=\"async\" width=\"300\" height=\"293\" src=\"https:\/\/www.lrob.fr\/wp-content\/uploads\/2022\/06\/alize-graphiste-logo-sans-fond-300x293.png\" alt=\"\" class=\"wp-image-1275\" style=\"object-fit:cover\" srcset=\"https:\/\/www.lrob.fr\/wp-content\/uploads\/2022\/06\/alize-graphiste-logo-sans-fond-300x293.png 300w, https:\/\/www.lrob.fr\/wp-content\/uploads\/2022\/06\/alize-graphiste-logo-sans-fond-150x146.png 150w, https:\/\/www.lrob.fr\/wp-content\/uploads\/2022\/06\/alize-graphiste-logo-sans-fond-1024x999.png 1024w, https:\/\/www.lrob.fr\/wp-content\/uploads\/2022\/06\/alize-graphiste-logo-sans-fond-1536x1499.png 1536w, https:\/\/www.lrob.fr\/wp-content\/uploads\/2022\/06\/alize-graphiste-logo-sans-fond-2048x1999.png 2048w\" sizes=\"auto, (max-width: 300px) 100vw, 300px\" \/><\/a><figcaption class=\"wp-element-caption\">Aliz\u00e9 Lanson<br>Graphics<\/figcaption><\/figure>\n\n\n\n<figure class=\"wp-block-image aligncenter size-medium is-resized gutenify-section-63876c30-563c-11ee-9875-d567f40acfaf\"><a href=\"https:\/\/www.amelieredouin.fr\/\" target=\"_blank\" rel=\"noreferrer noopener\"><img loading=\"lazy\" decoding=\"async\" width=\"300\" height=\"300\" src=\"https:\/\/www.lrob.fr\/wp-content\/uploads\/2023\/09\/Logo-Amelie-Redouin-square-300x300.png\" alt=\"\" class=\"wp-image-2995\" style=\"width:undefinedpx\" srcset=\"https:\/\/www.lrob.fr\/wp-content\/uploads\/2023\/09\/Logo-Amelie-Redouin-square-300x300.png 300w, https:\/\/www.lrob.fr\/wp-content\/uploads\/2023\/09\/Logo-Amelie-Redouin-square-150x150.png 150w, https:\/\/www.lrob.fr\/wp-content\/uploads\/2023\/09\/Logo-Amelie-Redouin-square.png 320w\" sizes=\"auto, (max-width: 300px) 100vw, 300px\" \/><\/a><figcaption class=\"wp-element-caption\">Am\u00e9lie Redouin<br>Webmarketing<\/figcaption><\/figure>\n\n\n\n<figure class=\"wp-block-image aligncenter size-medium is-resized gutenify-section-402604a0-5d34-11ee-8097-615c973da311\"><a href=\"https:\/\/ornellaschmitt.com\/\" target=\"_blank\" rel=\"noreferrer noopener\"><img loading=\"lazy\" decoding=\"async\" width=\"300\" height=\"300\" src=\"https:\/\/www.lrob.fr\/wp-content\/uploads\/2023\/09\/logo-Ornella-Schmitt-cercle-blanc-300x300.png\" alt=\"\" class=\"wp-image-3044\" style=\"width:undefinedpx\" srcset=\"https:\/\/www.lrob.fr\/wp-content\/uploads\/2023\/09\/logo-Ornella-Schmitt-cercle-blanc-300x300.png 300w, https:\/\/www.lrob.fr\/wp-content\/uploads\/2023\/09\/logo-Ornella-Schmitt-cercle-blanc-150x150.png 150w, https:\/\/www.lrob.fr\/wp-content\/uploads\/2023\/09\/logo-Ornella-Schmitt-cercle-blanc.png 512w\" sizes=\"auto, (max-width: 300px) 100vw, 300px\" \/><\/a><figcaption class=\"wp-element-caption\">Ornella Schmitt<br>Art Direction<\/figcaption><\/figure>\n\n\n\n<figure class=\"wp-block-image aligncenter size-medium is-resized gutenify-section-402604a0-5d34-11ee-8097-615c973da311\"><a href=\"https:\/\/labographic.com\/\" target=\"_blank\" rel=\"noreferrer noopener\"><img loading=\"lazy\" decoding=\"async\" width=\"300\" height=\"300\" src=\"https:\/\/www.lrob.fr\/wp-content\/uploads\/2023\/11\/logo_labographic-300x300.png\" alt=\"logo_labographic\" class=\"wp-image-3581\" style=\"width:undefinedpx\" srcset=\"https:\/\/www.lrob.fr\/wp-content\/uploads\/2023\/11\/logo_labographic-300x300.png 300w, https:\/\/www.lrob.fr\/wp-content\/uploads\/2023\/11\/logo_labographic-150x150.png 150w, https:\/\/www.lrob.fr\/wp-content\/uploads\/2023\/11\/logo_labographic.png 600w\" sizes=\"auto, (max-width: 300px) 100vw, 300px\" \/><\/a><figcaption class=\"wp-element-caption\">Labographic<br>Graphics<\/figcaption><\/figure>\n<\/div>\n<\/div>\n\n\n\n<div style=\"height:32px\" aria-hidden=\"true\" class=\"wp-block-spacer\"><\/div>","protected":false},"excerpt":{"rendered":"<p>Parcourir la liste des services Services Compl\u00e9mentaires En plus des services d&rsquo;h\u00e9bergement, de cr\u00e9ation de site et de gestion WordPress, LRob met d&rsquo;autres talents \u00e0 votre disposition. Pour tout demande personnalis\u00e9e, contactez-nous. Services partenaires En compl\u00e9ment, LRob travaille avec des partenaires de confiance pour vous fournir tous les services connexes dont vous avez besoin. Photographie [&hellip;]<\/p>\n","protected":false},"author":1,"featured_media":1258,"parent":0,"menu_order":0,"comment_status":"closed","ping_status":"closed","template":"","meta":{"footnotes":""},"class_list":["post-1255","page","type-page","status-publish","has-post-thumbnail","hentry"],"_links":{"self":[{"href":"https:\/\/www.lrob.fr\/en\/wp-json\/wp\/v2\/pages\/1255","targetHints":{"allow":["GET"]}}],"collection":[{"href":"https:\/\/www.lrob.fr\/en\/wp-json\/wp\/v2\/pages"}],"about":[{"href":"https:\/\/www.lrob.fr\/en\/wp-json\/wp\/v2\/types\/page"}],"author":[{"embeddable":true,"href":"https:\/\/www.lrob.fr\/en\/wp-json\/wp\/v2\/users\/1"}],"replies":[{"embeddable":true,"href":"https:\/\/www.lrob.fr\/en\/wp-json\/wp\/v2\/comments?post=1255"}],"version-history":[{"count":11,"href":"https:\/\/www.lrob.fr\/en\/wp-json\/wp\/v2\/pages\/1255\/revisions"}],"predecessor-version":[{"id":7178,"href":"https:\/\/www.lrob.fr\/en\/wp-json\/wp\/v2\/pages\/1255\/revisions\/7178"}],"wp:featuredmedia":[{"embeddable":true,"href":"https:\/\/www.lrob.fr\/en\/wp-json\/wp\/v2\/media\/1258"}],"wp:attachment":[{"href":"https:\/\/www.lrob.fr\/en\/wp-json\/wp\/v2\/media?parent=1255"}],"curies":[{"name":"wp","href":"https:\/\/api.w.org\/{rel}","templated":true}]}}