{"id":1158,"date":"2022-06-13T20:27:29","date_gmt":"2022-06-13T19:27:29","guid":{"rendered":"https:\/\/lrob.fr\/?page_id=1158"},"modified":"2026-02-15T23:13:10","modified_gmt":"2026-02-15T22:13:10","slug":"portfolio","status":"publish","type":"page","link":"https:\/\/www.lrob.fr\/en\/portfolio\/","title":{"rendered":"High-performance, secure, made-to-measure websites: LRob Portfolio"},"content":{"rendered":"<div style=\"height:32px\" aria-hidden=\"true\" class=\"wp-block-spacer gutenify-section-87cc8f80-6f6e-11ee-8e44-a5ee1fa12872\"><\/div>\n\n\n\n<h1 class=\"wp-block-heading\">Portfolio<\/h1>\n\n\n\n<h2 class=\"wp-block-heading has-text-align-center\">Local authorities<\/h2>\n\n\n\n<div class=\"wp-block-group is-layout-grid wp-container-core-group-is-layout-7e022929 wp-block-group-is-layout-grid\" style=\"padding-right:var(--wp--preset--spacing--30);padding-left:var(--wp--preset--spacing--30)\">\n<div class=\"wp-block-media-text is-stacked-on-mobile\" style=\"border-width:1px;border-radius:10px;padding-top:var(--wp--preset--spacing--50);padding-right:var(--wp--preset--spacing--50);padding-bottom:var(--wp--preset--spacing--50);padding-left:var(--wp--preset--spacing--50);grid-template-columns:20% auto\"><figure class=\"wp-block-media-text__media\"><img loading=\"lazy\" decoding=\"async\" width=\"1024\" height=\"1024\" src=\"https:\/\/www.lrob.fr\/wp-content\/uploads\/2025\/04\/logovlb2020-vecto-1024x1024.png\" alt=\"\" class=\"wp-image-7249 size-full\" srcset=\"https:\/\/www.lrob.fr\/wp-content\/uploads\/2025\/04\/logovlb2020-vecto-1024x1024.png 1024w, https:\/\/www.lrob.fr\/wp-content\/uploads\/2025\/04\/logovlb2020-vecto-300x300.png 300w, https:\/\/www.lrob.fr\/wp-content\/uploads\/2025\/04\/logovlb2020-vecto-150x150.png 150w, https:\/\/www.lrob.fr\/wp-content\/uploads\/2025\/04\/logovlb2020-vecto.png 1181w\" sizes=\"auto, (max-width: 1024px) 100vw, 1024px\" \/><\/figure><div class=\"wp-block-media-text__content\">\n<p><a href=\"https:\/\/www.villeneuve-les-beziers.fr\/\" target=\"_blank\" rel=\"noopener\">Villeneuve-L\u00e8s-B\u00e9ziers<\/a> - Official website of the commune<\/p>\n\n\n\n<p>This site suffered from being heavy and tedious to load and edit due to the use of a \"builder\" (site builder). Content was not displayed or had become disorganized over the years. Every page had to be redone.<\/p>\n\n\n\n<p><strong>Results<\/strong> : Switching to Gutenberg, the native WordPress solution, has simplified use for the Town Hall team, while reducing page weight and loading time by a factor of 4. The site is now simple, eco-responsible, faster and more pleasant for visitors.<\/p>\n<\/div><\/div>\n<\/div>\n\n\n\n<h2 class=\"wp-block-heading has-text-align-center gutenify-section-87cf9cc0-6f6e-11ee-8e44-a5ee1fa12872\">Local companies<\/h2>\n\n\n\n<div class=\"wp-block-group alignwide gutenify-section-87d34640-6f6e-11ee-8e44-a5ee1fa12872 is-style-default is-layout-grid wp-container-core-group-is-layout-dc55f80e wp-block-group-is-layout-grid\" style=\"margin-top:var(--wp--preset--spacing--40);margin-bottom:var(--wp--preset--spacing--40);padding-right:var(--wp--preset--spacing--30);padding-left:var(--wp--preset--spacing--30)\">\n<div class=\"wp-block-media-text is-stacked-on-mobile\" style=\"border-width:1px;border-radius:10px;padding-top:var(--wp--preset--spacing--50);padding-right:var(--wp--preset--spacing--50);padding-bottom:var(--wp--preset--spacing--50);padding-left:var(--wp--preset--spacing--50);grid-template-columns:20% auto\"><figure class=\"wp-block-media-text__media\"><img loading=\"lazy\" decoding=\"async\" width=\"1024\" height=\"982\" src=\"https:\/\/www.lrob.fr\/wp-content\/uploads\/2025\/04\/ammb-logotype-2016-transparent-contrast-1024x982.png\" alt=\"\" class=\"wp-image-7250 size-full\" srcset=\"https:\/\/www.lrob.fr\/wp-content\/uploads\/2025\/04\/ammb-logotype-2016-transparent-contrast-1024x982.png 1024w, https:\/\/www.lrob.fr\/wp-content\/uploads\/2025\/04\/ammb-logotype-2016-transparent-contrast-300x288.png 300w, https:\/\/www.lrob.fr\/wp-content\/uploads\/2025\/04\/ammb-logotype-2016-transparent-contrast-150x144.png 150w, https:\/\/www.lrob.fr\/wp-content\/uploads\/2025\/04\/ammb-logotype-2016-transparent-contrast-1536x1474.png 1536w, https:\/\/www.lrob.fr\/wp-content\/uploads\/2025\/04\/ammb-logotype-2016-transparent-contrast-2048x1965.png 2048w\" sizes=\"auto, (max-width: 1024px) 100vw, 1024px\" \/><\/figure><div class=\"wp-block-media-text__content\">\n<p><a href=\"https:\/\/www.ammb.fr\/\" target=\"_blank\" rel=\"noopener\">AMMB<\/a> - Motocross Association<\/p>\n\n\n\n<p>This site had gone more than 10 years without being updated. We were able to update and redesign it, adding and correcting content. We also needed to mask the children's faces for their protection; we got creative with motorcycle masks added to the montage.<\/p>\n\n\n\n<p><strong>Result:<\/strong> Le site <a href=\"https:\/\/www.ammb.fr\/\" target=\"_blank\" rel=\"noopener\">ammb.fr<\/a> is now a more loyal showcase for the association. The site has seen a resurgence in visitor numbers, thanks in particular to a broader semantic field and work on key words.<\/p>\n<\/div><\/div>\n\n\n\n<div class=\"wp-block-media-text alignwide is-stacked-on-mobile is-vertically-aligned-center gutenify-section-87d06010-6f6e-11ee-8e44-a5ee1fa12872 has-accent-4-color has-text-color has-background has-link-color wp-elements-b608051c0990715b1fc734fcbed034d2\" style=\"border-radius:10px;background-color:#597491;padding-top:var(--wp--preset--spacing--50);padding-right:var(--wp--preset--spacing--50);padding-bottom:var(--wp--preset--spacing--50);padding-left:var(--wp--preset--spacing--50);grid-template-columns:20% auto\"><figure class=\"wp-block-media-text__media\"><a href=\"https:\/\/vintagecarlocation.fr\" target=\"_blank\" rel=\"noreferrer noopener\"><img loading=\"lazy\" decoding=\"async\" width=\"512\" height=\"472\" src=\"https:\/\/www.lrob.fr\/wp-content\/uploads\/2022\/07\/VintageCarLocation-logo_with-blue-text-512px.png\" alt=\"\" class=\"wp-image-1618 size-full\" srcset=\"https:\/\/www.lrob.fr\/wp-content\/uploads\/2022\/07\/VintageCarLocation-logo_with-blue-text-512px.png 512w, https:\/\/www.lrob.fr\/wp-content\/uploads\/2022\/07\/VintageCarLocation-logo_with-blue-text-512px-150x138.png 150w, https:\/\/www.lrob.fr\/wp-content\/uploads\/2022\/07\/VintageCarLocation-logo_with-blue-text-512px-300x277.png 300w\" sizes=\"auto, (max-width: 512px) 100vw, 512px\" \/><\/a><\/figure><div class=\"wp-block-media-text__content\">\n<p><strong><a rel=\"noreferrer noopener\" href=\"https:\/\/vintagecarlocation.fr\/\" target=\"_blank\">Vintage Car Location<\/a><\/strong>  - Wedding car rental<\/p>\n\n\n\n<p class=\"gutenify-section-87d011f0-6f6e-11ee-8e44-a5ee1fa12872 is-style-default has-fifth-color has-text-color\">Th\u00e9o wanted to reinforce his professional image outside platforms like Mariages.net and increase his visibility on search engines to fill his order book. He needed a website that precisely targeted his clientele and improved his natural referencing.<\/p>\n\n\n\n<p class=\"has-fifth-color has-text-color\"><strong>Result:<\/strong> Thanks to the creation of a customized site, <a href=\"https:\/\/vintagecarlocation.fr\/\" target=\"_blank\" rel=\"noopener\">vintagecarlocation.fr<\/a> is now appearing at the top of search results and at the top of website rankings in its field. Such is its success that its wedding schedule is fully booked for the entire summer season.<\/p>\n<\/div><\/div>\n\n\n\n<div class=\"wp-block-media-text alignwide is-stacked-on-mobile gutenify-section-87d2d110-6f6e-11ee-8e44-a5ee1fa12872 has-white-color has-text-color has-background\" style=\"border-radius:10px;background-color:#410070;padding-top:var(--wp--preset--spacing--50);padding-right:var(--wp--preset--spacing--50);padding-bottom:var(--wp--preset--spacing--50);padding-left:var(--wp--preset--spacing--50);grid-template-columns:20% auto\"><figure class=\"wp-block-media-text__media\"><a href=\"https:\/\/alize-graphiste.fr\" target=\"_blank\" rel=\"noreferrer noopener\"><img loading=\"lazy\" decoding=\"async\" width=\"1024\" height=\"999\" src=\"https:\/\/www.lrob.fr\/wp-content\/uploads\/2022\/06\/alize-graphiste-logo-sans-fond-1024x999.png\" alt=\"\" class=\"wp-image-1275 size-full\" srcset=\"https:\/\/www.lrob.fr\/wp-content\/uploads\/2022\/06\/alize-graphiste-logo-sans-fond-1024x999.png 1024w, https:\/\/www.lrob.fr\/wp-content\/uploads\/2022\/06\/alize-graphiste-logo-sans-fond-150x146.png 150w, https:\/\/www.lrob.fr\/wp-content\/uploads\/2022\/06\/alize-graphiste-logo-sans-fond-300x293.png 300w, https:\/\/www.lrob.fr\/wp-content\/uploads\/2022\/06\/alize-graphiste-logo-sans-fond-1536x1499.png 1536w, https:\/\/www.lrob.fr\/wp-content\/uploads\/2022\/06\/alize-graphiste-logo-sans-fond-2048x1999.png 2048w\" sizes=\"auto, (max-width: 1024px) 100vw, 1024px\" \/><\/a><\/figure><div class=\"wp-block-media-text__content\">\n<p class=\"gutenify-section-87d25be0-6f6e-11ee-8e44-a5ee1fa12872 has-fifth-color has-text-color\"><a rel=\"noreferrer noopener\" href=\"https:\/\/alize-graphiste.fr\/\" target=\"_blank\"><strong>Aliz\u00e9 Graphic Designer<\/strong><\/a> - Graphic design<\/p>\n\n\n\n<p class=\"gutenify-section-87d2aa00-6f6e-11ee-8e44-a5ee1fa12872 has-fifth-color has-text-color\">Aliz\u00e9 needed a showcase site to present her services in a professional way. She also wanted to inspire confidence in potential customers, showcase her portfolio, and have a professional e-mail address.<\/p>\n\n\n\n<p class=\"gutenify-section-87d2aa00-6f6e-11ee-8e44-a5ee1fa12872 has-fifth-color has-text-color\"><strong>Result:<\/strong> Today, thanks to this website, Aliz\u00e9 can collaborate with complete peace of mind with her customers and partners. Her site inspires confidence and reflects her expertise, while \"Aliz\u00e9 graphiste\" appears at the top of search results, ensuring optimum visibility for her business.<\/p>\n<\/div><\/div>\n\n\n\n<div class=\"wp-block-media-text alignwide is-stacked-on-mobile is-vertically-aligned-center gutenify-section-87d12360-6f6e-11ee-8e44-a5ee1fa12872 has-content-dark-color has-text-color has-background\" style=\"border-radius:10px;background-color:#dd9e99;padding-top:var(--wp--preset--spacing--50);padding-right:var(--wp--preset--spacing--50);padding-bottom:var(--wp--preset--spacing--50);padding-left:var(--wp--preset--spacing--50);grid-template-columns:25% auto\"><figure class=\"wp-block-media-text__media\"><a href=\"https:\/\/dheb.fr\/\" target=\"_blank\" rel=\"noreferrer noopener\"><img loading=\"lazy\" decoding=\"async\" width=\"1024\" height=\"462\" src=\"https:\/\/www.lrob.fr\/wp-content\/uploads\/2022\/07\/dheb_badge_logo-1024x462.png\" alt=\"\" class=\"wp-image-1619 size-full\" srcset=\"https:\/\/www.lrob.fr\/wp-content\/uploads\/2022\/07\/dheb_badge_logo-1024x462.png 1024w, https:\/\/www.lrob.fr\/wp-content\/uploads\/2022\/07\/dheb_badge_logo-150x68.png 150w, https:\/\/www.lrob.fr\/wp-content\/uploads\/2022\/07\/dheb_badge_logo-300x135.png 300w, https:\/\/www.lrob.fr\/wp-content\/uploads\/2022\/07\/dheb_badge_logo-1536x693.png 1536w, https:\/\/www.lrob.fr\/wp-content\/uploads\/2022\/07\/dheb_badge_logo-2048x924.png 2048w\" sizes=\"auto, (max-width: 1024px) 100vw, 1024px\" \/><\/a><\/figure><div class=\"wp-block-media-text__content\">\n<p class=\"has-text-align-left gutenify-section-87d0ae30-6f6e-11ee-8e44-a5ee1fa12872\"><strong><a href=\"https:\/\/dheb.fr\/\" target=\"_blank\" rel=\"noreferrer noopener\">Douce Heure &amp; Beaut\u00e9<\/a> <\/strong>- Home beauty care<\/p>\n\n\n\n<p class=\"gutenify-section-87d0fc50-6f6e-11ee-8e44-a5ee1fa12872\">Julie needed a simple solution for distributing and updating her price list online. She also wanted to optimize her presence on search engines, particularly for the city of Orleans.<\/p>\n\n\n\n<p class=\"gutenify-section-87d0fc50-6f6e-11ee-8e44-a5ee1fa12872\"><strong>Result:<\/strong> Her dheb.fr website now allows for rapid updating of her rates, either by herself or via her webmaster. Thanks to low online competition in her sector and the application of good SEO practices, her site regularly appears in first or second position on search engines for the query \"Esth\u00e9ticienne \u00e0 domicile Orl\u00e9ans\". Her appointment book is always full, thanks to good online visibility and active social networking.<\/p>\n<\/div><\/div>\n<\/div>\n\n\n\n<h2 class=\"wp-block-heading has-text-align-center gutenify-section-87d39460-6f6e-11ee-8e44-a5ee1fa12872\">Groups \/ Events<\/h2>\n\n\n\n<div class=\"wp-block-group alignwide gutenify-section-87d54210-6f6e-11ee-8e44-a5ee1fa12872 is-layout-grid wp-container-core-group-is-layout-1ebaf686 wp-block-group-is-layout-grid\">\n<div class=\"wp-block-media-text alignwide is-stacked-on-mobile gutenify-section-87d430a0-6f6e-11ee-8e44-a5ee1fa12872 has-white-color has-black-background-color has-text-color has-background\" style=\"border-radius:10px;padding-top:var(--wp--preset--spacing--50);padding-right:var(--wp--preset--spacing--50);padding-bottom:var(--wp--preset--spacing--50);padding-left:var(--wp--preset--spacing--50);grid-template-columns:25% auto\"><figure class=\"wp-block-media-text__media\"><a href=\"https:\/\/www.festivalfleuve.org\/\" target=\"_blank\" rel=\"noreferrer noopener\"><img loading=\"lazy\" decoding=\"async\" width=\"1024\" height=\"451\" src=\"https:\/\/www.lrob.fr\/wp-content\/uploads\/2022\/07\/Logo-2021-Fleuve-remake-highres-by-Robin-2022-1024x451.png\" alt=\"\" class=\"wp-image-1622 size-full\" srcset=\"https:\/\/www.lrob.fr\/wp-content\/uploads\/2022\/07\/Logo-2021-Fleuve-remake-highres-by-Robin-2022-1024x451.png 1024w, https:\/\/www.lrob.fr\/wp-content\/uploads\/2022\/07\/Logo-2021-Fleuve-remake-highres-by-Robin-2022-150x66.png 150w, https:\/\/www.lrob.fr\/wp-content\/uploads\/2022\/07\/Logo-2021-Fleuve-remake-highres-by-Robin-2022-300x132.png 300w, https:\/\/www.lrob.fr\/wp-content\/uploads\/2022\/07\/Logo-2021-Fleuve-remake-highres-by-Robin-2022-1536x676.png 1536w, https:\/\/www.lrob.fr\/wp-content\/uploads\/2022\/07\/Logo-2021-Fleuve-remake-highres-by-Robin-2022-2048x901.png 2048w\" sizes=\"auto, (max-width: 1024px) 100vw, 1024px\" \/><\/a><\/figure><div class=\"wp-block-media-text__content\">\n<p class=\"gutenify-section-87d3e280-6f6e-11ee-8e44-a5ee1fa12872\"><a rel=\"noreferrer noopener\" href=\"https:\/\/www.festivalfleuve.org\/\" target=\"_blank\">Festival Fleuve<\/a>  - Contemporary music festival<\/p>\n\n\n\n<p class=\"gutenify-section-87d40990-6f6e-11ee-8e44-a5ee1fa12872\">Like all great festivals, <strong>River<\/strong> needed a centralized website to bring together all practical information for the various participating towns (Tours, Angers, Orl\u00e9ans, Ancenis). Complementing social networks, this hub was to provide programming, facilitate ticket reservations, manage volunteer recruitment and offer sponsorship opportunities.<\/p>\n\n\n\n<p class=\"gutenify-section-87d40990-6f6e-11ee-8e44-a5ee1fa12872\"><strong>Result:<\/strong> The site has become a key element of the organization, updated each year with new information. It attracts several thousand visitors a day in the run-up to events, reinforcing the visibility and management of the festival.<\/p>\n<\/div><\/div>\n\n\n\n<div class=\"wp-block-media-text alignwide is-stacked-on-mobile gutenify-section-87d51b00-6f6e-11ee-8e44-a5ee1fa12872 has-white-color has-black-background-color has-text-color has-background\" style=\"border-radius:10px;padding-top:var(--wp--preset--spacing--50);padding-right:var(--wp--preset--spacing--50);padding-bottom:var(--wp--preset--spacing--50);padding-left:var(--wp--preset--spacing--50);grid-template-columns:25% auto\"><figure class=\"wp-block-media-text__media\"><img loading=\"lazy\" decoding=\"async\" width=\"1024\" height=\"476\" src=\"https:\/\/www.lrob.fr\/wp-content\/uploads\/2022\/07\/spoken-hopes-logo-transparent-white-1024x476.png\" alt=\"\" class=\"wp-image-1623 size-full\" srcset=\"https:\/\/www.lrob.fr\/wp-content\/uploads\/2022\/07\/spoken-hopes-logo-transparent-white-1024x476.png 1024w, https:\/\/www.lrob.fr\/wp-content\/uploads\/2022\/07\/spoken-hopes-logo-transparent-white-150x70.png 150w, https:\/\/www.lrob.fr\/wp-content\/uploads\/2022\/07\/spoken-hopes-logo-transparent-white-300x139.png 300w, https:\/\/www.lrob.fr\/wp-content\/uploads\/2022\/07\/spoken-hopes-logo-transparent-white-1536x714.png 1536w, https:\/\/www.lrob.fr\/wp-content\/uploads\/2022\/07\/spoken-hopes-logo-transparent-white-2048x952.png 2048w\" sizes=\"auto, (max-width: 1024px) 100vw, 1024px\" \/><\/figure><div class=\"wp-block-media-text__content\">\n<p class=\"gutenify-section-87d4a5d0-6f6e-11ee-8e44-a5ee1fa12872\"><a href=\"https:\/\/spokenhopes.labadie.xyz\/\" target=\"_blank\" rel=\"noreferrer noopener\">Spoken Hopes<\/a> - Music band<\/p>\n\n\n\n<p class=\"gutenify-section-87d4cce0-6f6e-11ee-8e44-a5ee1fa12872\">To facilitate the search for concerts, the group <strong>Spoken Hopes<\/strong> needed a website that would allow it to present itself in a professional manner and easily share its technical data with organizers.<\/p>\n\n\n\n<p class=\"gutenify-section-87d4cce0-6f6e-11ee-8e44-a5ee1fa12872\"><strong>Result:<\/strong> The site is now a key tool for their visibility, appearing at the top of search results, providing an effective showcase for promoting their performances and facilitating contacts with venues and festivals.<\/p>\n<\/div><\/div>\n<\/div>\n\n\n\n<h2 class=\"wp-block-heading has-text-align-center gutenify-section-87cd04b0-6f6e-11ee-8e44-a5ee1fa12872\">Blog \/ News<\/h2>\n\n\n\n<div class=\"wp-block-group alignwide gutenify-section-87cf2790-6f6e-11ee-8e44-a5ee1fa12872 is-layout-grid wp-container-core-group-is-layout-dd35d67a wp-block-group-is-layout-grid\" style=\"margin-top:var(--wp--preset--spacing--30);margin-bottom:var(--wp--preset--spacing--30)\">\n<div class=\"wp-block-columns is-style-default has-background is-layout-flex wp-container-core-columns-is-layout-eec63ad6 wp-block-columns-is-layout-flex\" style=\"border-radius:10px;background-color:#39618a;margin-top:var(--wp--preset--spacing--20);margin-bottom:var(--wp--preset--spacing--20);padding-top:var(--wp--preset--spacing--50);padding-right:var(--wp--preset--spacing--50);padding-bottom:var(--wp--preset--spacing--50);padding-left:var(--wp--preset--spacing--50)\">\n<div class=\"wp-block-column is-vertically-aligned-center is-layout-flow wp-block-column-is-layout-flow\" style=\"flex-basis:20%\">\n<figure class=\"wp-block-image aligncenter size-full\"><img loading=\"lazy\" decoding=\"async\" width=\"102\" height=\"101\" src=\"https:\/\/www.lrob.fr\/wp-content\/uploads\/2024\/10\/logo-louis-marchand-NOUVElle-couleur.gif\" alt=\"\" class=\"wp-image-5346\"\/><\/figure>\n<\/div>\n\n\n\n<div class=\"wp-block-column is-vertically-aligned-center has-accent-4-color has-text-color has-link-color wp-elements-aca6a878c167f0939d92ea5b633c966b is-layout-flow wp-block-column-is-layout-flow\" style=\"flex-basis:80%\">\n<p><a href=\"https:\/\/www.louis-marchand.fr\/\" target=\"_blank\" rel=\"noopener\">Louis Marchand<\/a> - Communication blog<\/p>\n\n\n\n<p>Louis Marchand was experiencing difficulties with the navigation of his site, originally designed with a complex page builder that was useless for his needs. Quotations were no longer displayed correctly, and numerous superfluous modules were weighing down the site, making customization costly and difficult to manage.<\/p>\n\n\n\n<p><strong>Solution:<\/strong> I carried out a complete redesign using native WordPress with Full Site Editing, removing unnecessary elements and optimizing performance. The result is a simplified management interface, smoother navigation and a site that's easier for Louis to update. He can now manage his content and publications with complete autonomy.<\/p>\n<\/div>\n<\/div>\n\n\n\n<div class=\"wp-block-columns has-background is-layout-flex wp-container-core-columns-is-layout-eec63ad6 wp-block-columns-is-layout-flex\" style=\"border-radius:10px;background-color:#a01c21;margin-top:var(--wp--preset--spacing--20);margin-bottom:var(--wp--preset--spacing--20);padding-top:var(--wp--preset--spacing--50);padding-right:var(--wp--preset--spacing--50);padding-bottom:var(--wp--preset--spacing--50);padding-left:var(--wp--preset--spacing--50)\">\n<div class=\"wp-block-column is-vertically-aligned-center is-layout-flow wp-block-column-is-layout-flow\" style=\"flex-basis:20%\">\n<figure class=\"wp-block-image aligncenter size-full\"><img loading=\"lazy\" decoding=\"async\" width=\"66\" height=\"66\" src=\"https:\/\/www.lrob.fr\/wp-content\/uploads\/2024\/10\/logo-philippe-enquin.png\" alt=\"\" class=\"wp-image-5347\"\/><\/figure>\n<\/div>\n\n\n\n<div class=\"wp-block-column is-vertically-aligned-center is-style-default has-accent-4-color has-text-color has-link-color wp-elements-36e3b7f89a3d8b94840d30c168a7a562 is-layout-flow wp-block-column-is-layout-flow\" style=\"flex-basis:80%\">\n<p><a href=\"https:\/\/www.philippeenquin.net\/\" target=\"_blank\" rel=\"noreferrer noopener\">Philippe ENQUIN<\/a> - Photographic blog and reports Buenos Aires<\/p>\n\n\n\n<p>Philippe had created his site with a theme and builder that were too heavy, making customization laborious and inefficient. What's more, his blog posts were designed with the same builder, complicating their management. Each article was duplicated: a version in French and one in Spanish (Argentinian), making the site unnecessarily cumbersome.<\/p>\n\n\n\n<p><strong>Solution:<\/strong> I rebuilt each blog post natively with Gutenberg, offering greater fluidity and simplicity of management. Products and descriptions were reorganized for better readability, while maintaining the overall look and feel of the site. The integration of an efficient multilingual module eliminated duplication, offering the possibility of translating content manually or automatically.<\/p>\n\n\n\n<p><strong>Result:<\/strong> Philippe's site is now more powerful, pleasant to navigate and easy to maintain. Better optimized for SEO, its traffic has multiplied by a factor of 2 to 7 since the redesign.<\/p>\n<\/div>\n<\/div>\n\n\n\n<div class=\"wp-block-media-text alignwide is-stacked-on-mobile gutenify-section-8d745080-6f6e-11ee-8e44-a5ee1fa12872 has-white-color has-text-color has-background\" style=\"border-radius:10px;background-color:#2a2a2a;margin-top:var(--wp--preset--spacing--20);margin-bottom:var(--wp--preset--spacing--20);padding-top:var(--wp--preset--spacing--50);padding-right:var(--wp--preset--spacing--50);padding-bottom:var(--wp--preset--spacing--50);padding-left:var(--wp--preset--spacing--50);grid-template-columns:20% auto\"><figure class=\"wp-block-media-text__media\"><a href=\"https:\/\/www.terageek.org\" target=\"_blank\" rel=\"noreferrer noopener\"><img loading=\"lazy\" decoding=\"async\" width=\"868\" height=\"328\" src=\"https:\/\/www.lrob.fr\/wp-content\/uploads\/2022\/06\/terageek-logo-transparent-minimalborders.png\" alt=\"\" class=\"wp-image-1473 size-full\" srcset=\"https:\/\/www.lrob.fr\/wp-content\/uploads\/2022\/06\/terageek-logo-transparent-minimalborders.png 868w, https:\/\/www.lrob.fr\/wp-content\/uploads\/2022\/06\/terageek-logo-transparent-minimalborders-150x57.png 150w, https:\/\/www.lrob.fr\/wp-content\/uploads\/2022\/06\/terageek-logo-transparent-minimalborders-300x113.png 300w\" sizes=\"auto, (max-width: 868px) 100vw, 868px\" \/><\/a><\/figure><div class=\"wp-block-media-text__content\">\n<p class=\"gutenify-section-8d72a2d0-6f6e-11ee-8e44-a5ee1fa12872\"><a rel=\"noreferrer noopener\" href=\"https:\/\/terageek.org\/\" target=\"_blank\">TeraGeek Community<\/a> - Geek Community<\/p>\n\n\n\n<p class=\"gutenify-section-8d733f10-6f6e-11ee-8e44-a5ee1fa12872\">The creation of the TeraGeek community, initially launched as \"La Mesnie\" in 2012 and renamed in 2016, was the starting point for my passion for web design. Over the years, the needs of the community have evolved. While the original forum has disappeared, the site remains a key tool for federating the community.<\/p>\n\n\n\n<p class=\"gutenify-section-8d733f10-6f6e-11ee-8e44-a5ee1fa12872\"><strong>Objectives :<\/strong> The current site enables users to easily join the community, make donations, access dedicated services, consult tutorials and follow the latest news. Thanks to an effective SEO strategy, \"TeraGeek\" appears at the top of search results, and the community continues to grow, now gathering several hundred members.<\/p>\n<\/div><\/div>\n<\/div>\n\n\n\n<p class=\"has-text-align-center gutenify-section-87d56920-6f6e-11ee-8e44-a5ee1fa12872 is-style-text-display is-style-text-display--1\">What about your site? <\/p>\n\n\n\n<div class=\"wp-block-buttons is-content-justification-center is-layout-flex wp-container-core-buttons-is-layout-a89b3969 wp-block-buttons-is-layout-flex\">\n<div class=\"wp-block-button\"><a class=\"wp-block-button__link wp-element-button\" href=\"https:\/\/www.lrob.fr\/en\/services\/create-my-site\/\">WordPress website design<\/a><\/div>\n<\/div>\n\n\n\n<p><\/p>","protected":false},"excerpt":{"rendered":"<p>Portfolio Collectivit\u00e9s Villeneuve-L\u00e8s-B\u00e9ziers &#8211; Site officiel de la commune Ce site souffrait d&rsquo;\u00eatre lourd et fastidieux \u00e0 charger et \u00e0 \u00e9diter en raison de l&rsquo;utilisation d&rsquo;un \u00ab\u00a0builder\u00a0\u00bb (constructeur de sites). Du contenu ne s&rsquo;affichait pas ou s&rsquo;\u00e9tait d\u00e9sorganis\u00e9 au fil des ann\u00e9es. Chaque page a d\u00fb \u00eatre refaite. R\u00e9sultat : Le passage \u00e0 Gutenberg, la [&hellip;]<\/p>\n","protected":false},"author":1,"featured_media":1258,"parent":0,"menu_order":0,"comment_status":"closed","ping_status":"closed","template":"page-no-title","meta":{"footnotes":""},"class_list":["post-1158","page","type-page","status-publish","has-post-thumbnail","hentry"],"_links":{"self":[{"href":"https:\/\/www.lrob.fr\/en\/wp-json\/wp\/v2\/pages\/1158","targetHints":{"allow":["GET"]}}],"collection":[{"href":"https:\/\/www.lrob.fr\/en\/wp-json\/wp\/v2\/pages"}],"about":[{"href":"https:\/\/www.lrob.fr\/en\/wp-json\/wp\/v2\/types\/page"}],"author":[{"embeddable":true,"href":"https:\/\/www.lrob.fr\/en\/wp-json\/wp\/v2\/users\/1"}],"replies":[{"embeddable":true,"href":"https:\/\/www.lrob.fr\/en\/wp-json\/wp\/v2\/comments?post=1158"}],"version-history":[{"count":21,"href":"https:\/\/www.lrob.fr\/en\/wp-json\/wp\/v2\/pages\/1158\/revisions"}],"predecessor-version":[{"id":8605,"href":"https:\/\/www.lrob.fr\/en\/wp-json\/wp\/v2\/pages\/1158\/revisions\/8605"}],"wp:featuredmedia":[{"embeddable":true,"href":"https:\/\/www.lrob.fr\/en\/wp-json\/wp\/v2\/media\/1258"}],"wp:attachment":[{"href":"https:\/\/www.lrob.fr\/en\/wp-json\/wp\/v2\/media?parent=1158"}],"curies":[{"name":"wp","href":"https:\/\/api.w.org\/{rel}","templated":true}]}}